{"id":12910,"date":"2022-01-24T12:10:33","date_gmt":"2022-01-24T11:10:33","guid":{"rendered":"https:\/\/shop.museal.com\/?post_type=product&#038;p=12910"},"modified":"2025-11-27T11:11:56","modified_gmt":"2025-11-27T10:11:56","slug":"foulard-soie-ville-de-luxembourg-par-moritz-ney","status":"publish","type":"product","link":"https:\/\/museal.com\/fr\/produit\/foulard-soie-ville-de-luxembourg-par-moritz-ney\/","title":{"rendered":"Foulard soie &#8220;Ville de Luxembourg&#8221; par Moritz NEY"},"content":{"rendered":"<p>C&#8217;est en plein c\u0153ur de la Ville, place d&#8217;Armes, que Moritz NEY a pos\u00e9 son chevalet, pour peindre ces deux monuments embl\u00e9matiques que sont le Cercle Municipal et le monument Dicks-Lentz. Le talent de cet artiste luxembourgeois hors du commun s&#8217;exprime \u00e0 merveille dans cette composition cr\u00e9\u00e9e tout sp\u00e9cialement pour le Comit\u00e9 Alstad et les Editions Museal, dans des tons chauds o\u00f9 dominent le rouge orang\u00e9, le jaune et le bleu.<\/p>\n","protected":false},"excerpt":{"rendered":"<p>Moritz Ney a souhait\u00e9 que cette \u0153uvre unique soit imprim\u00e9e par les Editions Museal sur une belle mousseline de soie de Lyon, sous forme d&#8217;un carr\u00e9 de grande taille 90 x 90 cm, qui peut \u00eatre port\u00e9 tel quel ou bien encadr\u00e9 et expos\u00e9 au mur.<\/p>\n<p>&nbsp;<\/p>\n","protected":false},"featured_media":13603,"template":"","meta":[],"product_brand":[],"product_cat":[365],"product_tag":[],"class_list":{"0":"post-12910","1":"product","2":"type-product","3":"status-publish","4":"has-post-thumbnail","6":"product_cat-mode","8":"first","9":"instock","10":"taxable","11":"shipping-taxable","12":"purchasable","13":"product-type-simple"},"yoast_head":"<!-- This site is optimized with the Yoast SEO plugin v27.3 - https:\/\/yoast.com\/product\/yoast-seo-wordpress\/ -->\n<title>Foulard soie &quot;Ville de Luxembourg&quot; par Moritz NEY - Museal Editions<\/title>\n<meta name=\"description\" content=\"Foulard en mousseline de soie de Lyon, sous forme d&#039;un carr\u00e9 de taille 90 x 90 cm figurant le Cercle Municipal et le monument Dicks-Lentz, par Moritz Ney.\" \/>\n<meta name=\"robots\" content=\"index, follow, max-snippet:-1, max-image-preview:large, max-video-preview:-1\" \/>\n<link rel=\"canonical\" href=\"https:\/\/museal.com\/fr\/produit\/foulard-soie-ville-de-luxembourg-par-moritz-ney\/\" \/>\n<meta property=\"og:locale\" content=\"fr_FR\" \/>\n<meta property=\"og:type\" content=\"article\" \/>\n<meta property=\"og:title\" content=\"Foulard soie &quot;Ville de Luxembourg&quot; par Moritz NEY - Museal Editions\" \/>\n<meta property=\"og:description\" content=\"Foulard en mousseline de soie de Lyon, sous forme d&#039;un carr\u00e9 de taille 90 x 90 cm figurant le Cercle Municipal et le monument Dicks-Lentz, par Moritz Ney.\" \/>\n<meta property=\"og:url\" content=\"https:\/\/museal.com\/fr\/produit\/foulard-soie-ville-de-luxembourg-par-moritz-ney\/\" \/>\n<meta property=\"og:site_name\" content=\"Museal Editions\" \/>\n<meta property=\"article:modified_time\" content=\"2025-11-27T10:11:56+00:00\" \/>\n<meta property=\"og:image\" content=\"https:\/\/museal.com\/wp-content\/uploads\/2022\/01\/foulard-2-768x1024.png\" \/>\n\t<meta property=\"og:image:width\" content=\"768\" \/>\n\t<meta property=\"og:image:height\" content=\"1024\" \/>\n\t<meta property=\"og:image:type\" content=\"image\/png\" \/>\n<meta name=\"twitter:card\" content=\"summary_large_image\" \/>\n<script type=\"application\/ld+json\" class=\"yoast-schema-graph\">{\"@context\":\"https:\\\/\\\/schema.org\",\"@graph\":[{\"@type\":\"WebPage\",\"@id\":\"https:\\\/\\\/museal.com\\\/fr\\\/produit\\\/foulard-soie-ville-de-luxembourg-par-moritz-ney\\\/\",\"url\":\"https:\\\/\\\/museal.com\\\/fr\\\/produit\\\/foulard-soie-ville-de-luxembourg-par-moritz-ney\\\/\",\"name\":\"Foulard soie \\\"Ville de Luxembourg\\\" par Moritz NEY - Museal Editions\",\"isPartOf\":{\"@id\":\"https:\\\/\\\/museal.com\\\/fr\\\/#website\"},\"primaryImageOfPage\":{\"@id\":\"https:\\\/\\\/museal.com\\\/fr\\\/produit\\\/foulard-soie-ville-de-luxembourg-par-moritz-ney\\\/#primaryimage\"},\"image\":{\"@id\":\"https:\\\/\\\/museal.com\\\/fr\\\/produit\\\/foulard-soie-ville-de-luxembourg-par-moritz-ney\\\/#primaryimage\"},\"thumbnailUrl\":\"https:\\\/\\\/museal.com\\\/wp-content\\\/uploads\\\/2022\\\/01\\\/foulard-2.png\",\"datePublished\":\"2022-01-24T11:10:33+00:00\",\"dateModified\":\"2025-11-27T10:11:56+00:00\",\"description\":\"Foulard en mousseline de soie de Lyon, sous forme d'un carr\u00e9 de taille 90 x 90 cm figurant le Cercle Municipal et le monument Dicks-Lentz, par Moritz Ney.\",\"breadcrumb\":{\"@id\":\"https:\\\/\\\/museal.com\\\/fr\\\/produit\\\/foulard-soie-ville-de-luxembourg-par-moritz-ney\\\/#breadcrumb\"},\"inLanguage\":\"fr-FR\",\"potentialAction\":[{\"@type\":\"ReadAction\",\"target\":[\"https:\\\/\\\/museal.com\\\/fr\\\/produit\\\/foulard-soie-ville-de-luxembourg-par-moritz-ney\\\/\"]}]},{\"@type\":\"ImageObject\",\"inLanguage\":\"fr-FR\",\"@id\":\"https:\\\/\\\/museal.com\\\/fr\\\/produit\\\/foulard-soie-ville-de-luxembourg-par-moritz-ney\\\/#primaryimage\",\"url\":\"https:\\\/\\\/museal.com\\\/wp-content\\\/uploads\\\/2022\\\/01\\\/foulard-2.png\",\"contentUrl\":\"https:\\\/\\\/museal.com\\\/wp-content\\\/uploads\\\/2022\\\/01\\\/foulard-2.png\",\"width\":1500,\"height\":2000},{\"@type\":\"BreadcrumbList\",\"@id\":\"https:\\\/\\\/museal.com\\\/fr\\\/produit\\\/foulard-soie-ville-de-luxembourg-par-moritz-ney\\\/#breadcrumb\",\"itemListElement\":[{\"@type\":\"ListItem\",\"position\":1,\"name\":\"Accueil\",\"item\":\"https:\\\/\\\/museal.com\\\/fr\\\/\"},{\"@type\":\"ListItem\",\"position\":2,\"name\":\"Boutique\",\"item\":\"https:\\\/\\\/museal.com\\\/fr\\\/boutique\\\/\"},{\"@type\":\"ListItem\",\"position\":3,\"name\":\"Foulard soie &#8220;Ville de Luxembourg&#8221; par Moritz NEY\"}]},{\"@type\":\"WebSite\",\"@id\":\"https:\\\/\\\/museal.com\\\/fr\\\/#website\",\"url\":\"https:\\\/\\\/museal.com\\\/fr\\\/\",\"name\":\"Museal Editions\",\"description\":\"Objets d&#039;art et de d\u00e9coration inspir\u00e9s du Patrimoine luxembourgeois\",\"publisher\":{\"@id\":\"https:\\\/\\\/museal.com\\\/fr\\\/#organization\"},\"potentialAction\":[{\"@type\":\"SearchAction\",\"target\":{\"@type\":\"EntryPoint\",\"urlTemplate\":\"https:\\\/\\\/museal.com\\\/fr\\\/?s={search_term_string}\"},\"query-input\":{\"@type\":\"PropertyValueSpecification\",\"valueRequired\":true,\"valueName\":\"search_term_string\"}}],\"inLanguage\":\"fr-FR\"},{\"@type\":\"Organization\",\"@id\":\"https:\\\/\\\/museal.com\\\/fr\\\/#organization\",\"name\":\"Museal Editions\",\"url\":\"https:\\\/\\\/museal.com\\\/fr\\\/\",\"logo\":{\"@type\":\"ImageObject\",\"inLanguage\":\"fr-FR\",\"@id\":\"https:\\\/\\\/museal.com\\\/fr\\\/#\\\/schema\\\/logo\\\/image\\\/\",\"url\":\"https:\\\/\\\/museal.com\\\/wp-content\\\/uploads\\\/2021\\\/05\\\/logo-e1621950424453.jpg\",\"contentUrl\":\"https:\\\/\\\/museal.com\\\/wp-content\\\/uploads\\\/2021\\\/05\\\/logo-e1621950424453.jpg\",\"width\":732,\"height\":574,\"caption\":\"Museal Editions\"},\"image\":{\"@id\":\"https:\\\/\\\/museal.com\\\/fr\\\/#\\\/schema\\\/logo\\\/image\\\/\"}}]}<\/script>\n<!-- \/ Yoast SEO plugin. -->","yoast_head_json":{"title":"Foulard soie \"Ville de Luxembourg\" par Moritz NEY - Museal Editions","description":"Foulard en mousseline de soie de Lyon, sous forme d'un carr\u00e9 de taille 90 x 90 cm figurant le Cercle Municipal et le monument Dicks-Lentz, par Moritz Ney.","robots":{"index":"index","follow":"follow","max-snippet":"max-snippet:-1","max-image-preview":"max-image-preview:large","max-video-preview":"max-video-preview:-1"},"canonical":"https:\/\/museal.com\/fr\/produit\/foulard-soie-ville-de-luxembourg-par-moritz-ney\/","og_locale":"fr_FR","og_type":"article","og_title":"Foulard soie \"Ville de Luxembourg\" par Moritz NEY - Museal Editions","og_description":"Foulard en mousseline de soie de Lyon, sous forme d'un carr\u00e9 de taille 90 x 90 cm figurant le Cercle Municipal et le monument Dicks-Lentz, par Moritz Ney.","og_url":"https:\/\/museal.com\/fr\/produit\/foulard-soie-ville-de-luxembourg-par-moritz-ney\/","og_site_name":"Museal Editions","article_modified_time":"2025-11-27T10:11:56+00:00","og_image":[{"width":768,"height":1024,"url":"https:\/\/museal.com\/wp-content\/uploads\/2022\/01\/foulard-2-768x1024.png","type":"image\/png"}],"twitter_card":"summary_large_image","schema":{"@context":"https:\/\/schema.org","@graph":[{"@type":"WebPage","@id":"https:\/\/museal.com\/fr\/produit\/foulard-soie-ville-de-luxembourg-par-moritz-ney\/","url":"https:\/\/museal.com\/fr\/produit\/foulard-soie-ville-de-luxembourg-par-moritz-ney\/","name":"Foulard soie \"Ville de Luxembourg\" par Moritz NEY - Museal Editions","isPartOf":{"@id":"https:\/\/museal.com\/fr\/#website"},"primaryImageOfPage":{"@id":"https:\/\/museal.com\/fr\/produit\/foulard-soie-ville-de-luxembourg-par-moritz-ney\/#primaryimage"},"image":{"@id":"https:\/\/museal.com\/fr\/produit\/foulard-soie-ville-de-luxembourg-par-moritz-ney\/#primaryimage"},"thumbnailUrl":"https:\/\/museal.com\/wp-content\/uploads\/2022\/01\/foulard-2.png","datePublished":"2022-01-24T11:10:33+00:00","dateModified":"2025-11-27T10:11:56+00:00","description":"Foulard en mousseline de soie de Lyon, sous forme d'un carr\u00e9 de taille 90 x 90 cm figurant le Cercle Municipal et le monument Dicks-Lentz, par Moritz Ney.","breadcrumb":{"@id":"https:\/\/museal.com\/fr\/produit\/foulard-soie-ville-de-luxembourg-par-moritz-ney\/#breadcrumb"},"inLanguage":"fr-FR","potentialAction":[{"@type":"ReadAction","target":["https:\/\/museal.com\/fr\/produit\/foulard-soie-ville-de-luxembourg-par-moritz-ney\/"]}]},{"@type":"ImageObject","inLanguage":"fr-FR","@id":"https:\/\/museal.com\/fr\/produit\/foulard-soie-ville-de-luxembourg-par-moritz-ney\/#primaryimage","url":"https:\/\/museal.com\/wp-content\/uploads\/2022\/01\/foulard-2.png","contentUrl":"https:\/\/museal.com\/wp-content\/uploads\/2022\/01\/foulard-2.png","width":1500,"height":2000},{"@type":"BreadcrumbList","@id":"https:\/\/museal.com\/fr\/produit\/foulard-soie-ville-de-luxembourg-par-moritz-ney\/#breadcrumb","itemListElement":[{"@type":"ListItem","position":1,"name":"Accueil","item":"https:\/\/museal.com\/fr\/"},{"@type":"ListItem","position":2,"name":"Boutique","item":"https:\/\/museal.com\/fr\/boutique\/"},{"@type":"ListItem","position":3,"name":"Foulard soie &#8220;Ville de Luxembourg&#8221; par Moritz NEY"}]},{"@type":"WebSite","@id":"https:\/\/museal.com\/fr\/#website","url":"https:\/\/museal.com\/fr\/","name":"Museal Editions","description":"Objets d&#039;art et de d\u00e9coration inspir\u00e9s du Patrimoine luxembourgeois","publisher":{"@id":"https:\/\/museal.com\/fr\/#organization"},"potentialAction":[{"@type":"SearchAction","target":{"@type":"EntryPoint","urlTemplate":"https:\/\/museal.com\/fr\/?s={search_term_string}"},"query-input":{"@type":"PropertyValueSpecification","valueRequired":true,"valueName":"search_term_string"}}],"inLanguage":"fr-FR"},{"@type":"Organization","@id":"https:\/\/museal.com\/fr\/#organization","name":"Museal Editions","url":"https:\/\/museal.com\/fr\/","logo":{"@type":"ImageObject","inLanguage":"fr-FR","@id":"https:\/\/museal.com\/fr\/#\/schema\/logo\/image\/","url":"https:\/\/museal.com\/wp-content\/uploads\/2021\/05\/logo-e1621950424453.jpg","contentUrl":"https:\/\/museal.com\/wp-content\/uploads\/2021\/05\/logo-e1621950424453.jpg","width":732,"height":574,"caption":"Museal Editions"},"image":{"@id":"https:\/\/museal.com\/fr\/#\/schema\/logo\/image\/"}}]}},"_links":{"self":[{"href":"https:\/\/museal.com\/fr\/wp-json\/wp\/v2\/product\/12910","targetHints":{"allow":["GET"]}}],"collection":[{"href":"https:\/\/museal.com\/fr\/wp-json\/wp\/v2\/product"}],"about":[{"href":"https:\/\/museal.com\/fr\/wp-json\/wp\/v2\/types\/product"}],"wp:featuredmedia":[{"embeddable":true,"href":"https:\/\/museal.com\/fr\/wp-json\/wp\/v2\/media\/13603"}],"wp:attachment":[{"href":"https:\/\/museal.com\/fr\/wp-json\/wp\/v2\/media?parent=12910"}],"wp:term":[{"taxonomy":"product_brand","embeddable":true,"href":"https:\/\/museal.com\/fr\/wp-json\/wp\/v2\/product_brand?post=12910"},{"taxonomy":"product_cat","embeddable":true,"href":"https:\/\/museal.com\/fr\/wp-json\/wp\/v2\/product_cat?post=12910"},{"taxonomy":"product_tag","embeddable":true,"href":"https:\/\/museal.com\/fr\/wp-json\/wp\/v2\/product_tag?post=12910"}],"curies":[{"name":"wp","href":"https:\/\/api.w.org\/{rel}","templated":true}]}}