{"id":12921,"date":"2022-01-24T12:09:34","date_gmt":"2022-01-24T11:09:34","guid":{"rendered":"https:\/\/shop.museal.com\/?post_type=product&#038;p=12921"},"modified":"2025-09-22T12:44:45","modified_gmt":"2025-09-22T10:44:45","slug":"lenvol-signe-de-jeannot-bewing","status":"publish","type":"product","link":"https:\/\/museal.com\/fr\/produit\/lenvol-signe-de-jeannot-bewing\/","title":{"rendered":"&#8220;L&#8217;Envol&#8221; sign\u00e9 de Jeannot Bewing"},"content":{"rendered":"<p>\u00ab L\u2019envol \u00bb semble flotter au-dessus de son pi\u00e9destal et battre au vent tel un drapeau d\u2019acier, agile et fort \u00e0 la fois. C\u2019est un v\u00e9ritable \u00e9tendard du talent de Jeannot Bewing, qui parvient \u00e0 imprimer \u00e0 cette simple forme m\u00e9tallique un mouvement, un dynamisme et un \u00e9lan remarquable.<\/p>\n<p>Jeannot Bewing est l&#8217;un des plus grands sculpteurs luxembourgeois du XX\u00b0 si\u00e8cle. N\u00e9 \u00e0 Esch-sur Alzette en 1931, Il r\u00e9alise en 1959 sa premi\u00e8re sculpture en bois dans un style tr\u00e8s figuratif.\u00a0Mais rapidement le m\u00e9tal s&#8217;impose et c&#8217;est en 1972 qu&#8217;il d\u00e9bute une longue s\u00e9rie de sculptures m\u00e9talliques qui conna\u00eetront dans les collections publiques et priv\u00e9es un succ\u00e8s jamais d\u00e9menti.<\/p>\n","protected":false},"excerpt":{"rendered":"<p>Cette reproduction unique de l&#8217;\u0153uvre de Jeannot Bewing &#8220;L&#8217;Envol&#8221; moulage r\u00e9sine, patine acier, est sign\u00e9e et num\u00e9rot\u00e9e de 1 \u00e0 100.<\/p>\n<p>Dimensions : 9x18x19cm. Poids : 800g<\/p>\n","protected":false},"featured_media":13684,"template":"","meta":[],"product_brand":[],"product_cat":[88,89],"product_tag":[],"class_list":{"0":"post-12921","1":"product","2":"type-product","3":"status-publish","4":"has-post-thumbnail","6":"product_cat-createurs-luxembourgeois","7":"product_cat-sculptures-et-bronzes-d-art","9":"first","10":"instock","11":"taxable","12":"shipping-taxable","13":"purchasable","14":"product-type-simple"},"yoast_head":"<!-- This site is optimized with the Yoast SEO plugin v27.3 - https:\/\/yoast.com\/product\/yoast-seo-wordpress\/ -->\n<title>&quot;L&#039;Envol&quot; sign\u00e9 de Jeannot Bewing - Museal Editions<\/title>\n<meta name=\"description\" content=\"reproduction unique de l&#039;\u0153uvre de Jeannot Bewing &quot;L&#039;Envol&quot; moulage r\u00e9sine, patine acier, est sign\u00e9e et num\u00e9rot\u00e9e de 1 \u00e0 100.\" \/>\n<meta name=\"robots\" content=\"index, follow, max-snippet:-1, max-image-preview:large, max-video-preview:-1\" \/>\n<link rel=\"canonical\" href=\"https:\/\/museal.com\/fr\/produit\/lenvol-signe-de-jeannot-bewing\/\" \/>\n<meta property=\"og:locale\" content=\"fr_FR\" \/>\n<meta property=\"og:type\" content=\"article\" \/>\n<meta property=\"og:title\" content=\"&quot;L&#039;Envol&quot; sign\u00e9 de Jeannot Bewing - Museal Editions\" \/>\n<meta property=\"og:description\" content=\"reproduction unique de l&#039;\u0153uvre de Jeannot Bewing &quot;L&#039;Envol&quot; moulage r\u00e9sine, patine acier, est sign\u00e9e et num\u00e9rot\u00e9e de 1 \u00e0 100.\" \/>\n<meta property=\"og:url\" content=\"https:\/\/museal.com\/fr\/produit\/lenvol-signe-de-jeannot-bewing\/\" \/>\n<meta property=\"og:site_name\" content=\"Museal Editions\" \/>\n<meta property=\"article:modified_time\" content=\"2025-09-22T10:44:45+00:00\" \/>\n<meta property=\"og:image\" content=\"https:\/\/museal.com\/wp-content\/uploads\/2022\/01\/envol-768x1024.png\" \/>\n\t<meta property=\"og:image:width\" content=\"768\" \/>\n\t<meta property=\"og:image:height\" content=\"1024\" \/>\n\t<meta property=\"og:image:type\" content=\"image\/png\" \/>\n<meta name=\"twitter:card\" content=\"summary_large_image\" \/>\n<script type=\"application\/ld+json\" class=\"yoast-schema-graph\">{\"@context\":\"https:\\\/\\\/schema.org\",\"@graph\":[{\"@type\":\"WebPage\",\"@id\":\"https:\\\/\\\/museal.com\\\/fr\\\/produit\\\/lenvol-signe-de-jeannot-bewing\\\/\",\"url\":\"https:\\\/\\\/museal.com\\\/fr\\\/produit\\\/lenvol-signe-de-jeannot-bewing\\\/\",\"name\":\"\\\"L'Envol\\\" sign\u00e9 de Jeannot Bewing - Museal Editions\",\"isPartOf\":{\"@id\":\"https:\\\/\\\/museal.com\\\/fr\\\/#website\"},\"primaryImageOfPage\":{\"@id\":\"https:\\\/\\\/museal.com\\\/fr\\\/produit\\\/lenvol-signe-de-jeannot-bewing\\\/#primaryimage\"},\"image\":{\"@id\":\"https:\\\/\\\/museal.com\\\/fr\\\/produit\\\/lenvol-signe-de-jeannot-bewing\\\/#primaryimage\"},\"thumbnailUrl\":\"https:\\\/\\\/museal.com\\\/wp-content\\\/uploads\\\/2022\\\/01\\\/envol.png\",\"datePublished\":\"2022-01-24T11:09:34+00:00\",\"dateModified\":\"2025-09-22T10:44:45+00:00\",\"description\":\"reproduction unique de l'\u0153uvre de Jeannot Bewing \\\"L'Envol\\\" moulage r\u00e9sine, patine acier, est sign\u00e9e et num\u00e9rot\u00e9e de 1 \u00e0 100.\",\"breadcrumb\":{\"@id\":\"https:\\\/\\\/museal.com\\\/fr\\\/produit\\\/lenvol-signe-de-jeannot-bewing\\\/#breadcrumb\"},\"inLanguage\":\"fr-FR\",\"potentialAction\":[{\"@type\":\"ReadAction\",\"target\":[\"https:\\\/\\\/museal.com\\\/fr\\\/produit\\\/lenvol-signe-de-jeannot-bewing\\\/\"]}]},{\"@type\":\"ImageObject\",\"inLanguage\":\"fr-FR\",\"@id\":\"https:\\\/\\\/museal.com\\\/fr\\\/produit\\\/lenvol-signe-de-jeannot-bewing\\\/#primaryimage\",\"url\":\"https:\\\/\\\/museal.com\\\/wp-content\\\/uploads\\\/2022\\\/01\\\/envol.png\",\"contentUrl\":\"https:\\\/\\\/museal.com\\\/wp-content\\\/uploads\\\/2022\\\/01\\\/envol.png\",\"width\":1500,\"height\":2000},{\"@type\":\"BreadcrumbList\",\"@id\":\"https:\\\/\\\/museal.com\\\/fr\\\/produit\\\/lenvol-signe-de-jeannot-bewing\\\/#breadcrumb\",\"itemListElement\":[{\"@type\":\"ListItem\",\"position\":1,\"name\":\"Accueil\",\"item\":\"https:\\\/\\\/museal.com\\\/fr\\\/\"},{\"@type\":\"ListItem\",\"position\":2,\"name\":\"Boutique\",\"item\":\"https:\\\/\\\/museal.com\\\/fr\\\/boutique\\\/\"},{\"@type\":\"ListItem\",\"position\":3,\"name\":\"&#8220;L&#8217;Envol&#8221; sign\u00e9 de Jeannot Bewing\"}]},{\"@type\":\"WebSite\",\"@id\":\"https:\\\/\\\/museal.com\\\/fr\\\/#website\",\"url\":\"https:\\\/\\\/museal.com\\\/fr\\\/\",\"name\":\"Museal Editions\",\"description\":\"Objets d&#039;art et de d\u00e9coration inspir\u00e9s du Patrimoine luxembourgeois\",\"publisher\":{\"@id\":\"https:\\\/\\\/museal.com\\\/fr\\\/#organization\"},\"potentialAction\":[{\"@type\":\"SearchAction\",\"target\":{\"@type\":\"EntryPoint\",\"urlTemplate\":\"https:\\\/\\\/museal.com\\\/fr\\\/?s={search_term_string}\"},\"query-input\":{\"@type\":\"PropertyValueSpecification\",\"valueRequired\":true,\"valueName\":\"search_term_string\"}}],\"inLanguage\":\"fr-FR\"},{\"@type\":\"Organization\",\"@id\":\"https:\\\/\\\/museal.com\\\/fr\\\/#organization\",\"name\":\"Museal Editions\",\"url\":\"https:\\\/\\\/museal.com\\\/fr\\\/\",\"logo\":{\"@type\":\"ImageObject\",\"inLanguage\":\"fr-FR\",\"@id\":\"https:\\\/\\\/museal.com\\\/fr\\\/#\\\/schema\\\/logo\\\/image\\\/\",\"url\":\"https:\\\/\\\/museal.com\\\/wp-content\\\/uploads\\\/2021\\\/05\\\/logo-e1621950424453.jpg\",\"contentUrl\":\"https:\\\/\\\/museal.com\\\/wp-content\\\/uploads\\\/2021\\\/05\\\/logo-e1621950424453.jpg\",\"width\":732,\"height\":574,\"caption\":\"Museal Editions\"},\"image\":{\"@id\":\"https:\\\/\\\/museal.com\\\/fr\\\/#\\\/schema\\\/logo\\\/image\\\/\"}}]}<\/script>\n<!-- \/ Yoast SEO plugin. -->","yoast_head_json":{"title":"\"L'Envol\" sign\u00e9 de Jeannot Bewing - Museal Editions","description":"reproduction unique de l'\u0153uvre de Jeannot Bewing \"L'Envol\" moulage r\u00e9sine, patine acier, est sign\u00e9e et num\u00e9rot\u00e9e de 1 \u00e0 100.","robots":{"index":"index","follow":"follow","max-snippet":"max-snippet:-1","max-image-preview":"max-image-preview:large","max-video-preview":"max-video-preview:-1"},"canonical":"https:\/\/museal.com\/fr\/produit\/lenvol-signe-de-jeannot-bewing\/","og_locale":"fr_FR","og_type":"article","og_title":"\"L'Envol\" sign\u00e9 de Jeannot Bewing - Museal Editions","og_description":"reproduction unique de l'\u0153uvre de Jeannot Bewing \"L'Envol\" moulage r\u00e9sine, patine acier, est sign\u00e9e et num\u00e9rot\u00e9e de 1 \u00e0 100.","og_url":"https:\/\/museal.com\/fr\/produit\/lenvol-signe-de-jeannot-bewing\/","og_site_name":"Museal Editions","article_modified_time":"2025-09-22T10:44:45+00:00","og_image":[{"width":768,"height":1024,"url":"https:\/\/museal.com\/wp-content\/uploads\/2022\/01\/envol-768x1024.png","type":"image\/png"}],"twitter_card":"summary_large_image","schema":{"@context":"https:\/\/schema.org","@graph":[{"@type":"WebPage","@id":"https:\/\/museal.com\/fr\/produit\/lenvol-signe-de-jeannot-bewing\/","url":"https:\/\/museal.com\/fr\/produit\/lenvol-signe-de-jeannot-bewing\/","name":"\"L'Envol\" sign\u00e9 de Jeannot Bewing - Museal Editions","isPartOf":{"@id":"https:\/\/museal.com\/fr\/#website"},"primaryImageOfPage":{"@id":"https:\/\/museal.com\/fr\/produit\/lenvol-signe-de-jeannot-bewing\/#primaryimage"},"image":{"@id":"https:\/\/museal.com\/fr\/produit\/lenvol-signe-de-jeannot-bewing\/#primaryimage"},"thumbnailUrl":"https:\/\/museal.com\/wp-content\/uploads\/2022\/01\/envol.png","datePublished":"2022-01-24T11:09:34+00:00","dateModified":"2025-09-22T10:44:45+00:00","description":"reproduction unique de l'\u0153uvre de Jeannot Bewing \"L'Envol\" moulage r\u00e9sine, patine acier, est sign\u00e9e et num\u00e9rot\u00e9e de 1 \u00e0 100.","breadcrumb":{"@id":"https:\/\/museal.com\/fr\/produit\/lenvol-signe-de-jeannot-bewing\/#breadcrumb"},"inLanguage":"fr-FR","potentialAction":[{"@type":"ReadAction","target":["https:\/\/museal.com\/fr\/produit\/lenvol-signe-de-jeannot-bewing\/"]}]},{"@type":"ImageObject","inLanguage":"fr-FR","@id":"https:\/\/museal.com\/fr\/produit\/lenvol-signe-de-jeannot-bewing\/#primaryimage","url":"https:\/\/museal.com\/wp-content\/uploads\/2022\/01\/envol.png","contentUrl":"https:\/\/museal.com\/wp-content\/uploads\/2022\/01\/envol.png","width":1500,"height":2000},{"@type":"BreadcrumbList","@id":"https:\/\/museal.com\/fr\/produit\/lenvol-signe-de-jeannot-bewing\/#breadcrumb","itemListElement":[{"@type":"ListItem","position":1,"name":"Accueil","item":"https:\/\/museal.com\/fr\/"},{"@type":"ListItem","position":2,"name":"Boutique","item":"https:\/\/museal.com\/fr\/boutique\/"},{"@type":"ListItem","position":3,"name":"&#8220;L&#8217;Envol&#8221; sign\u00e9 de Jeannot Bewing"}]},{"@type":"WebSite","@id":"https:\/\/museal.com\/fr\/#website","url":"https:\/\/museal.com\/fr\/","name":"Museal Editions","description":"Objets d&#039;art et de d\u00e9coration inspir\u00e9s du Patrimoine luxembourgeois","publisher":{"@id":"https:\/\/museal.com\/fr\/#organization"},"potentialAction":[{"@type":"SearchAction","target":{"@type":"EntryPoint","urlTemplate":"https:\/\/museal.com\/fr\/?s={search_term_string}"},"query-input":{"@type":"PropertyValueSpecification","valueRequired":true,"valueName":"search_term_string"}}],"inLanguage":"fr-FR"},{"@type":"Organization","@id":"https:\/\/museal.com\/fr\/#organization","name":"Museal Editions","url":"https:\/\/museal.com\/fr\/","logo":{"@type":"ImageObject","inLanguage":"fr-FR","@id":"https:\/\/museal.com\/fr\/#\/schema\/logo\/image\/","url":"https:\/\/museal.com\/wp-content\/uploads\/2021\/05\/logo-e1621950424453.jpg","contentUrl":"https:\/\/museal.com\/wp-content\/uploads\/2021\/05\/logo-e1621950424453.jpg","width":732,"height":574,"caption":"Museal Editions"},"image":{"@id":"https:\/\/museal.com\/fr\/#\/schema\/logo\/image\/"}}]}},"_links":{"self":[{"href":"https:\/\/museal.com\/fr\/wp-json\/wp\/v2\/product\/12921","targetHints":{"allow":["GET"]}}],"collection":[{"href":"https:\/\/museal.com\/fr\/wp-json\/wp\/v2\/product"}],"about":[{"href":"https:\/\/museal.com\/fr\/wp-json\/wp\/v2\/types\/product"}],"wp:featuredmedia":[{"embeddable":true,"href":"https:\/\/museal.com\/fr\/wp-json\/wp\/v2\/media\/13684"}],"wp:attachment":[{"href":"https:\/\/museal.com\/fr\/wp-json\/wp\/v2\/media?parent=12921"}],"wp:term":[{"taxonomy":"product_brand","embeddable":true,"href":"https:\/\/museal.com\/fr\/wp-json\/wp\/v2\/product_brand?post=12921"},{"taxonomy":"product_cat","embeddable":true,"href":"https:\/\/museal.com\/fr\/wp-json\/wp\/v2\/product_cat?post=12921"},{"taxonomy":"product_tag","embeddable":true,"href":"https:\/\/museal.com\/fr\/wp-json\/wp\/v2\/product_tag?post=12921"}],"curies":[{"name":"wp","href":"https:\/\/api.w.org\/{rel}","templated":true}]}}