{"id":12959,"date":"2022-01-24T17:08:37","date_gmt":"2022-01-24T16:08:37","guid":{"rendered":"http:\/\/shop.museal.com\/?post_type=product&#038;p=12959"},"modified":"2024-01-01T22:05:18","modified_gmt":"2024-01-01T21:05:18","slug":"coffret-cuivre-argente-ermesinde","status":"publish","type":"product","link":"https:\/\/museal.com\/fr\/produit\/coffret-cuivre-argente-ermesinde\/","title":{"rendered":"Coffret cuivre argent\u00e9 Ermesinde"},"content":{"rendered":"<div id=\"description\">\n<div id=\"description\">Ermesinde (1186-1247) fille unique d&#8217;Henri IV l&#8217;Aveugle, comte de Luxembourg et de Namur, et d&#8217;Agn\u00e8s de Gueldre.<\/div>\n<div>Elle administra le Luxembourg pendant 21 ans, de 1197 \u00e0 1247 et son gouvernement, sage et prudent, en fit un pays prosp\u00e8re. Le 6 novembre 1236, la comtesse Ermesinde octroya \u00e0 la ville d\u2019Echternach sa charte d\u2019affranchissement; devenant la premi\u00e8re localit\u00e9 du Luxembourg actuel \u00e0 se voir accorder ce privil\u00e8ge.<\/div>\n<div>Ses ossements, red\u00e9couverts en\u00a01875, reposent dans un nouveau\u00a0sarcophage\u00a0plac\u00e9 dans la\u00a0crypte\u00a0de la\u00a0chapelle Notre-Dame de Clairefontaine.<\/div>\n<div id=\"complement\"><\/div>\n<\/div>\n<div id=\"complement\"><\/div>\n","protected":false},"excerpt":{"rendered":"<div id=\"description\">\n<p>Les \u00e9ditions Museal ont confi\u00e9 \u00e0 un artisan d&#8217;art renomm\u00e9 la r\u00e9alisation d&#8217;un luxueux coffret en cuivre argent\u00e9 repouss\u00e9 \u00e0 la main, figurant la remise de la charte d&#8217;affranchissement d&#8217;Echternach par la comtesse Ermesinde particuli\u00e8rement bien mises en valeur par ce relief minutieusement cisel\u00e9. Un insert double en feutrine noire permet d&#8217;y ranger carte de visite, bijoux, cl\u00e9s, stylos, etc.<\/p>\n<\/div>\n<div id=\"complement\">Coffret en cuivre argent\u00e9, taille 18x13x5cm, 800g.<\/div>\n","protected":false},"featured_media":13575,"template":"","meta":[],"product_brand":[],"product_cat":[144],"product_tag":[],"class_list":{"0":"post-12959","1":"product","2":"type-product","3":"status-publish","4":"has-post-thumbnail","6":"product_cat-accessoires","8":"first","9":"instock","10":"taxable","11":"shipping-taxable","12":"purchasable","13":"product-type-simple"},"yoast_head":"<!-- This site is optimized with the Yoast SEO plugin v27.3 - https:\/\/yoast.com\/product\/yoast-seo-wordpress\/ -->\n<title>Coffret cuivre argent\u00e9 Ermesinde - Museal Editions<\/title>\n<meta name=\"description\" content=\"luxueux coffret en cuivre argent\u00e9 repouss\u00e9 \u00e0 la main, figurant la remise de la charte d&#039;affranchissement d&#039;Echternach par la comtesse Ermesinde.\" \/>\n<meta name=\"robots\" content=\"index, follow, max-snippet:-1, max-image-preview:large, max-video-preview:-1\" \/>\n<link rel=\"canonical\" href=\"https:\/\/museal.com\/fr\/produit\/coffret-cuivre-argente-ermesinde\/\" \/>\n<meta property=\"og:locale\" content=\"fr_FR\" \/>\n<meta property=\"og:type\" content=\"article\" \/>\n<meta property=\"og:title\" content=\"Coffret cuivre argent\u00e9 Ermesinde - Museal Editions\" \/>\n<meta property=\"og:description\" content=\"luxueux coffret en cuivre argent\u00e9 repouss\u00e9 \u00e0 la main, figurant la remise de la charte d&#039;affranchissement d&#039;Echternach par la comtesse Ermesinde.\" \/>\n<meta property=\"og:url\" content=\"https:\/\/museal.com\/fr\/produit\/coffret-cuivre-argente-ermesinde\/\" \/>\n<meta property=\"og:site_name\" content=\"Museal Editions\" \/>\n<meta property=\"article:modified_time\" content=\"2024-01-01T21:05:18+00:00\" \/>\n<meta property=\"og:image\" content=\"https:\/\/museal.com\/wp-content\/uploads\/2022\/01\/coffret-cuivre-ermesinde-768x1024.png\" \/>\n\t<meta property=\"og:image:width\" content=\"768\" \/>\n\t<meta property=\"og:image:height\" content=\"1024\" \/>\n\t<meta property=\"og:image:type\" content=\"image\/png\" \/>\n<meta name=\"twitter:card\" content=\"summary_large_image\" \/>\n<script type=\"application\/ld+json\" class=\"yoast-schema-graph\">{\"@context\":\"https:\\\/\\\/schema.org\",\"@graph\":[{\"@type\":\"WebPage\",\"@id\":\"https:\\\/\\\/museal.com\\\/fr\\\/produit\\\/coffret-cuivre-argente-ermesinde\\\/\",\"url\":\"https:\\\/\\\/museal.com\\\/fr\\\/produit\\\/coffret-cuivre-argente-ermesinde\\\/\",\"name\":\"Coffret cuivre argent\u00e9 Ermesinde - Museal Editions\",\"isPartOf\":{\"@id\":\"https:\\\/\\\/museal.com\\\/fr\\\/#website\"},\"primaryImageOfPage\":{\"@id\":\"https:\\\/\\\/museal.com\\\/fr\\\/produit\\\/coffret-cuivre-argente-ermesinde\\\/#primaryimage\"},\"image\":{\"@id\":\"https:\\\/\\\/museal.com\\\/fr\\\/produit\\\/coffret-cuivre-argente-ermesinde\\\/#primaryimage\"},\"thumbnailUrl\":\"https:\\\/\\\/museal.com\\\/wp-content\\\/uploads\\\/2022\\\/01\\\/coffret-cuivre-ermesinde.png\",\"datePublished\":\"2022-01-24T16:08:37+00:00\",\"dateModified\":\"2024-01-01T21:05:18+00:00\",\"description\":\"luxueux coffret en cuivre argent\u00e9 repouss\u00e9 \u00e0 la main, figurant la remise de la charte d'affranchissement d'Echternach par la comtesse Ermesinde.\",\"breadcrumb\":{\"@id\":\"https:\\\/\\\/museal.com\\\/fr\\\/produit\\\/coffret-cuivre-argente-ermesinde\\\/#breadcrumb\"},\"inLanguage\":\"fr-FR\",\"potentialAction\":[{\"@type\":\"ReadAction\",\"target\":[\"https:\\\/\\\/museal.com\\\/fr\\\/produit\\\/coffret-cuivre-argente-ermesinde\\\/\"]}]},{\"@type\":\"ImageObject\",\"inLanguage\":\"fr-FR\",\"@id\":\"https:\\\/\\\/museal.com\\\/fr\\\/produit\\\/coffret-cuivre-argente-ermesinde\\\/#primaryimage\",\"url\":\"https:\\\/\\\/museal.com\\\/wp-content\\\/uploads\\\/2022\\\/01\\\/coffret-cuivre-ermesinde.png\",\"contentUrl\":\"https:\\\/\\\/museal.com\\\/wp-content\\\/uploads\\\/2022\\\/01\\\/coffret-cuivre-ermesinde.png\",\"width\":1500,\"height\":2000},{\"@type\":\"BreadcrumbList\",\"@id\":\"https:\\\/\\\/museal.com\\\/fr\\\/produit\\\/coffret-cuivre-argente-ermesinde\\\/#breadcrumb\",\"itemListElement\":[{\"@type\":\"ListItem\",\"position\":1,\"name\":\"Accueil\",\"item\":\"https:\\\/\\\/museal.com\\\/fr\\\/\"},{\"@type\":\"ListItem\",\"position\":2,\"name\":\"Boutique\",\"item\":\"https:\\\/\\\/museal.com\\\/fr\\\/boutique\\\/\"},{\"@type\":\"ListItem\",\"position\":3,\"name\":\"Coffret cuivre argent\u00e9 Ermesinde\"}]},{\"@type\":\"WebSite\",\"@id\":\"https:\\\/\\\/museal.com\\\/fr\\\/#website\",\"url\":\"https:\\\/\\\/museal.com\\\/fr\\\/\",\"name\":\"Museal Editions\",\"description\":\"Objets d&#039;art et de d\u00e9coration inspir\u00e9s du Patrimoine luxembourgeois\",\"publisher\":{\"@id\":\"https:\\\/\\\/museal.com\\\/fr\\\/#organization\"},\"potentialAction\":[{\"@type\":\"SearchAction\",\"target\":{\"@type\":\"EntryPoint\",\"urlTemplate\":\"https:\\\/\\\/museal.com\\\/fr\\\/?s={search_term_string}\"},\"query-input\":{\"@type\":\"PropertyValueSpecification\",\"valueRequired\":true,\"valueName\":\"search_term_string\"}}],\"inLanguage\":\"fr-FR\"},{\"@type\":\"Organization\",\"@id\":\"https:\\\/\\\/museal.com\\\/fr\\\/#organization\",\"name\":\"Museal Editions\",\"url\":\"https:\\\/\\\/museal.com\\\/fr\\\/\",\"logo\":{\"@type\":\"ImageObject\",\"inLanguage\":\"fr-FR\",\"@id\":\"https:\\\/\\\/museal.com\\\/fr\\\/#\\\/schema\\\/logo\\\/image\\\/\",\"url\":\"https:\\\/\\\/museal.com\\\/wp-content\\\/uploads\\\/2021\\\/05\\\/logo-e1621950424453.jpg\",\"contentUrl\":\"https:\\\/\\\/museal.com\\\/wp-content\\\/uploads\\\/2021\\\/05\\\/logo-e1621950424453.jpg\",\"width\":732,\"height\":574,\"caption\":\"Museal Editions\"},\"image\":{\"@id\":\"https:\\\/\\\/museal.com\\\/fr\\\/#\\\/schema\\\/logo\\\/image\\\/\"}}]}<\/script>\n<!-- \/ Yoast SEO plugin. -->","yoast_head_json":{"title":"Coffret cuivre argent\u00e9 Ermesinde - Museal Editions","description":"luxueux coffret en cuivre argent\u00e9 repouss\u00e9 \u00e0 la main, figurant la remise de la charte d'affranchissement d'Echternach par la comtesse Ermesinde.","robots":{"index":"index","follow":"follow","max-snippet":"max-snippet:-1","max-image-preview":"max-image-preview:large","max-video-preview":"max-video-preview:-1"},"canonical":"https:\/\/museal.com\/fr\/produit\/coffret-cuivre-argente-ermesinde\/","og_locale":"fr_FR","og_type":"article","og_title":"Coffret cuivre argent\u00e9 Ermesinde - Museal Editions","og_description":"luxueux coffret en cuivre argent\u00e9 repouss\u00e9 \u00e0 la main, figurant la remise de la charte d'affranchissement d'Echternach par la comtesse Ermesinde.","og_url":"https:\/\/museal.com\/fr\/produit\/coffret-cuivre-argente-ermesinde\/","og_site_name":"Museal Editions","article_modified_time":"2024-01-01T21:05:18+00:00","og_image":[{"width":768,"height":1024,"url":"https:\/\/museal.com\/wp-content\/uploads\/2022\/01\/coffret-cuivre-ermesinde-768x1024.png","type":"image\/png"}],"twitter_card":"summary_large_image","schema":{"@context":"https:\/\/schema.org","@graph":[{"@type":"WebPage","@id":"https:\/\/museal.com\/fr\/produit\/coffret-cuivre-argente-ermesinde\/","url":"https:\/\/museal.com\/fr\/produit\/coffret-cuivre-argente-ermesinde\/","name":"Coffret cuivre argent\u00e9 Ermesinde - Museal Editions","isPartOf":{"@id":"https:\/\/museal.com\/fr\/#website"},"primaryImageOfPage":{"@id":"https:\/\/museal.com\/fr\/produit\/coffret-cuivre-argente-ermesinde\/#primaryimage"},"image":{"@id":"https:\/\/museal.com\/fr\/produit\/coffret-cuivre-argente-ermesinde\/#primaryimage"},"thumbnailUrl":"https:\/\/museal.com\/wp-content\/uploads\/2022\/01\/coffret-cuivre-ermesinde.png","datePublished":"2022-01-24T16:08:37+00:00","dateModified":"2024-01-01T21:05:18+00:00","description":"luxueux coffret en cuivre argent\u00e9 repouss\u00e9 \u00e0 la main, figurant la remise de la charte d'affranchissement d'Echternach par la comtesse Ermesinde.","breadcrumb":{"@id":"https:\/\/museal.com\/fr\/produit\/coffret-cuivre-argente-ermesinde\/#breadcrumb"},"inLanguage":"fr-FR","potentialAction":[{"@type":"ReadAction","target":["https:\/\/museal.com\/fr\/produit\/coffret-cuivre-argente-ermesinde\/"]}]},{"@type":"ImageObject","inLanguage":"fr-FR","@id":"https:\/\/museal.com\/fr\/produit\/coffret-cuivre-argente-ermesinde\/#primaryimage","url":"https:\/\/museal.com\/wp-content\/uploads\/2022\/01\/coffret-cuivre-ermesinde.png","contentUrl":"https:\/\/museal.com\/wp-content\/uploads\/2022\/01\/coffret-cuivre-ermesinde.png","width":1500,"height":2000},{"@type":"BreadcrumbList","@id":"https:\/\/museal.com\/fr\/produit\/coffret-cuivre-argente-ermesinde\/#breadcrumb","itemListElement":[{"@type":"ListItem","position":1,"name":"Accueil","item":"https:\/\/museal.com\/fr\/"},{"@type":"ListItem","position":2,"name":"Boutique","item":"https:\/\/museal.com\/fr\/boutique\/"},{"@type":"ListItem","position":3,"name":"Coffret cuivre argent\u00e9 Ermesinde"}]},{"@type":"WebSite","@id":"https:\/\/museal.com\/fr\/#website","url":"https:\/\/museal.com\/fr\/","name":"Museal Editions","description":"Objets d&#039;art et de d\u00e9coration inspir\u00e9s du Patrimoine luxembourgeois","publisher":{"@id":"https:\/\/museal.com\/fr\/#organization"},"potentialAction":[{"@type":"SearchAction","target":{"@type":"EntryPoint","urlTemplate":"https:\/\/museal.com\/fr\/?s={search_term_string}"},"query-input":{"@type":"PropertyValueSpecification","valueRequired":true,"valueName":"search_term_string"}}],"inLanguage":"fr-FR"},{"@type":"Organization","@id":"https:\/\/museal.com\/fr\/#organization","name":"Museal Editions","url":"https:\/\/museal.com\/fr\/","logo":{"@type":"ImageObject","inLanguage":"fr-FR","@id":"https:\/\/museal.com\/fr\/#\/schema\/logo\/image\/","url":"https:\/\/museal.com\/wp-content\/uploads\/2021\/05\/logo-e1621950424453.jpg","contentUrl":"https:\/\/museal.com\/wp-content\/uploads\/2021\/05\/logo-e1621950424453.jpg","width":732,"height":574,"caption":"Museal Editions"},"image":{"@id":"https:\/\/museal.com\/fr\/#\/schema\/logo\/image\/"}}]}},"_links":{"self":[{"href":"https:\/\/museal.com\/fr\/wp-json\/wp\/v2\/product\/12959","targetHints":{"allow":["GET"]}}],"collection":[{"href":"https:\/\/museal.com\/fr\/wp-json\/wp\/v2\/product"}],"about":[{"href":"https:\/\/museal.com\/fr\/wp-json\/wp\/v2\/types\/product"}],"wp:featuredmedia":[{"embeddable":true,"href":"https:\/\/museal.com\/fr\/wp-json\/wp\/v2\/media\/13575"}],"wp:attachment":[{"href":"https:\/\/museal.com\/fr\/wp-json\/wp\/v2\/media?parent=12959"}],"wp:term":[{"taxonomy":"product_brand","embeddable":true,"href":"https:\/\/museal.com\/fr\/wp-json\/wp\/v2\/product_brand?post=12959"},{"taxonomy":"product_cat","embeddable":true,"href":"https:\/\/museal.com\/fr\/wp-json\/wp\/v2\/product_cat?post=12959"},{"taxonomy":"product_tag","embeddable":true,"href":"https:\/\/museal.com\/fr\/wp-json\/wp\/v2\/product_tag?post=12959"}],"curies":[{"name":"wp","href":"https:\/\/api.w.org\/{rel}","templated":true}]}}