{"id":12968,"date":"2022-01-24T17:11:56","date_gmt":"2022-01-24T16:11:56","guid":{"rendered":"http:\/\/shop.museal.com\/?post_type=product&#038;p=12968"},"modified":"2024-01-01T22:05:18","modified_gmt":"2024-01-01T21:05:18","slug":"coffret-cuivre-argente-armoiries","status":"publish","type":"product","link":"https:\/\/museal.com\/fr\/produit\/coffret-cuivre-argente-armoiries\/","title":{"rendered":"Coffret cuivre argent\u00e9 armoiries"},"content":{"rendered":"<p>Les armoiries luxembourgeoises sont connues depuis le d\u00e9but du 13 si\u00e8cle, lorsque le compte Henri V de Luxembourg arr\u00eata leur composition actuelle : &#8220;burel\u00e9 d&#8217;argent et d&#8217;azur de dix pi\u00e8ces et d&#8217;un lion de gueules, arm\u00e9, lampass\u00e9, et couronn\u00e9 d&#8217;or, la queue fourchue et pass\u00e9e en sautoir&#8221;.<\/p>\n","protected":false},"excerpt":{"rendered":"<p>Les \u00e9ditions Museal ont confi\u00e9 \u00e0 un artisan d&#8217;art renomm\u00e9 la r\u00e9alisation d&#8217;un luxueux coffret en cuivre argent\u00e9 repouss\u00e9 \u00e0 la main, figurant ces armes l\u00e9onines particuli\u00e8rement bien mises en valeur par ce relief minutieusement cisel\u00e9. Un insert double en feutrine noire permet d&#8217;y ranger carte de visite, bijoux, cl\u00e9s, stylos, etc&#8230;<\/p>\n<p>Coffret en cuivre argent\u00e9, taille 18x13x5 cm, poids 800 g.<\/p>\n<p>&nbsp;<\/p>\n<p>&nbsp;<\/p>\n","protected":false},"featured_media":13570,"template":"","meta":[],"product_brand":[],"product_cat":[144],"product_tag":[],"class_list":{"0":"post-12968","1":"product","2":"type-product","3":"status-publish","4":"has-post-thumbnail","6":"product_cat-accessoires","8":"first","9":"instock","10":"taxable","11":"shipping-taxable","12":"purchasable","13":"product-type-simple"},"yoast_head":"<!-- This site is optimized with the Yoast SEO plugin v27.3 - https:\/\/yoast.com\/product\/yoast-seo-wordpress\/ -->\n<title>Coffret cuivre argent\u00e9 armoiries - Museal Editions<\/title>\n<meta name=\"description\" content=\"Luxueux coffret en cuivre argent\u00e9 repouss\u00e9 \u00e0 la main, figurant ces armes l\u00e9onines particuli\u00e8rement bien mises en valeur par ce relief minutieusement cisel\u00e9.\" \/>\n<meta name=\"robots\" content=\"index, follow, max-snippet:-1, max-image-preview:large, max-video-preview:-1\" \/>\n<link rel=\"canonical\" href=\"https:\/\/museal.com\/fr\/produit\/coffret-cuivre-argente-armoiries\/\" \/>\n<meta property=\"og:locale\" content=\"fr_FR\" \/>\n<meta property=\"og:type\" content=\"article\" \/>\n<meta property=\"og:title\" content=\"Coffret cuivre argent\u00e9 armoiries - Museal Editions\" \/>\n<meta property=\"og:description\" content=\"Luxueux coffret en cuivre argent\u00e9 repouss\u00e9 \u00e0 la main, figurant ces armes l\u00e9onines particuli\u00e8rement bien mises en valeur par ce relief minutieusement cisel\u00e9.\" \/>\n<meta property=\"og:url\" content=\"https:\/\/museal.com\/fr\/produit\/coffret-cuivre-argente-armoiries\/\" \/>\n<meta property=\"og:site_name\" content=\"Museal Editions\" \/>\n<meta property=\"article:modified_time\" content=\"2024-01-01T21:05:18+00:00\" \/>\n<meta property=\"og:image\" content=\"https:\/\/museal.com\/wp-content\/uploads\/2022\/01\/coffret-cuivre-blason-768x1024.png\" \/>\n\t<meta property=\"og:image:width\" content=\"768\" \/>\n\t<meta property=\"og:image:height\" content=\"1024\" \/>\n\t<meta property=\"og:image:type\" content=\"image\/png\" \/>\n<meta name=\"twitter:card\" content=\"summary_large_image\" \/>\n<script type=\"application\/ld+json\" class=\"yoast-schema-graph\">{\"@context\":\"https:\\\/\\\/schema.org\",\"@graph\":[{\"@type\":\"WebPage\",\"@id\":\"https:\\\/\\\/museal.com\\\/fr\\\/produit\\\/coffret-cuivre-argente-armoiries\\\/\",\"url\":\"https:\\\/\\\/museal.com\\\/fr\\\/produit\\\/coffret-cuivre-argente-armoiries\\\/\",\"name\":\"Coffret cuivre argent\u00e9 armoiries - Museal Editions\",\"isPartOf\":{\"@id\":\"https:\\\/\\\/museal.com\\\/fr\\\/#website\"},\"primaryImageOfPage\":{\"@id\":\"https:\\\/\\\/museal.com\\\/fr\\\/produit\\\/coffret-cuivre-argente-armoiries\\\/#primaryimage\"},\"image\":{\"@id\":\"https:\\\/\\\/museal.com\\\/fr\\\/produit\\\/coffret-cuivre-argente-armoiries\\\/#primaryimage\"},\"thumbnailUrl\":\"https:\\\/\\\/museal.com\\\/wp-content\\\/uploads\\\/2022\\\/01\\\/coffret-cuivre-blason.png\",\"datePublished\":\"2022-01-24T16:11:56+00:00\",\"dateModified\":\"2024-01-01T21:05:18+00:00\",\"description\":\"Luxueux coffret en cuivre argent\u00e9 repouss\u00e9 \u00e0 la main, figurant ces armes l\u00e9onines particuli\u00e8rement bien mises en valeur par ce relief minutieusement cisel\u00e9.\",\"breadcrumb\":{\"@id\":\"https:\\\/\\\/museal.com\\\/fr\\\/produit\\\/coffret-cuivre-argente-armoiries\\\/#breadcrumb\"},\"inLanguage\":\"fr-FR\",\"potentialAction\":[{\"@type\":\"ReadAction\",\"target\":[\"https:\\\/\\\/museal.com\\\/fr\\\/produit\\\/coffret-cuivre-argente-armoiries\\\/\"]}]},{\"@type\":\"ImageObject\",\"inLanguage\":\"fr-FR\",\"@id\":\"https:\\\/\\\/museal.com\\\/fr\\\/produit\\\/coffret-cuivre-argente-armoiries\\\/#primaryimage\",\"url\":\"https:\\\/\\\/museal.com\\\/wp-content\\\/uploads\\\/2022\\\/01\\\/coffret-cuivre-blason.png\",\"contentUrl\":\"https:\\\/\\\/museal.com\\\/wp-content\\\/uploads\\\/2022\\\/01\\\/coffret-cuivre-blason.png\",\"width\":1500,\"height\":2000},{\"@type\":\"BreadcrumbList\",\"@id\":\"https:\\\/\\\/museal.com\\\/fr\\\/produit\\\/coffret-cuivre-argente-armoiries\\\/#breadcrumb\",\"itemListElement\":[{\"@type\":\"ListItem\",\"position\":1,\"name\":\"Accueil\",\"item\":\"https:\\\/\\\/museal.com\\\/fr\\\/\"},{\"@type\":\"ListItem\",\"position\":2,\"name\":\"Boutique\",\"item\":\"https:\\\/\\\/museal.com\\\/fr\\\/boutique\\\/\"},{\"@type\":\"ListItem\",\"position\":3,\"name\":\"Coffret cuivre argent\u00e9 armoiries\"}]},{\"@type\":\"WebSite\",\"@id\":\"https:\\\/\\\/museal.com\\\/fr\\\/#website\",\"url\":\"https:\\\/\\\/museal.com\\\/fr\\\/\",\"name\":\"Museal Editions\",\"description\":\"Objets d&#039;art et de d\u00e9coration inspir\u00e9s du Patrimoine luxembourgeois\",\"publisher\":{\"@id\":\"https:\\\/\\\/museal.com\\\/fr\\\/#organization\"},\"potentialAction\":[{\"@type\":\"SearchAction\",\"target\":{\"@type\":\"EntryPoint\",\"urlTemplate\":\"https:\\\/\\\/museal.com\\\/fr\\\/?s={search_term_string}\"},\"query-input\":{\"@type\":\"PropertyValueSpecification\",\"valueRequired\":true,\"valueName\":\"search_term_string\"}}],\"inLanguage\":\"fr-FR\"},{\"@type\":\"Organization\",\"@id\":\"https:\\\/\\\/museal.com\\\/fr\\\/#organization\",\"name\":\"Museal Editions\",\"url\":\"https:\\\/\\\/museal.com\\\/fr\\\/\",\"logo\":{\"@type\":\"ImageObject\",\"inLanguage\":\"fr-FR\",\"@id\":\"https:\\\/\\\/museal.com\\\/fr\\\/#\\\/schema\\\/logo\\\/image\\\/\",\"url\":\"https:\\\/\\\/museal.com\\\/wp-content\\\/uploads\\\/2021\\\/05\\\/logo-e1621950424453.jpg\",\"contentUrl\":\"https:\\\/\\\/museal.com\\\/wp-content\\\/uploads\\\/2021\\\/05\\\/logo-e1621950424453.jpg\",\"width\":732,\"height\":574,\"caption\":\"Museal Editions\"},\"image\":{\"@id\":\"https:\\\/\\\/museal.com\\\/fr\\\/#\\\/schema\\\/logo\\\/image\\\/\"}}]}<\/script>\n<!-- \/ Yoast SEO plugin. -->","yoast_head_json":{"title":"Coffret cuivre argent\u00e9 armoiries - Museal Editions","description":"Luxueux coffret en cuivre argent\u00e9 repouss\u00e9 \u00e0 la main, figurant ces armes l\u00e9onines particuli\u00e8rement bien mises en valeur par ce relief minutieusement cisel\u00e9.","robots":{"index":"index","follow":"follow","max-snippet":"max-snippet:-1","max-image-preview":"max-image-preview:large","max-video-preview":"max-video-preview:-1"},"canonical":"https:\/\/museal.com\/fr\/produit\/coffret-cuivre-argente-armoiries\/","og_locale":"fr_FR","og_type":"article","og_title":"Coffret cuivre argent\u00e9 armoiries - Museal Editions","og_description":"Luxueux coffret en cuivre argent\u00e9 repouss\u00e9 \u00e0 la main, figurant ces armes l\u00e9onines particuli\u00e8rement bien mises en valeur par ce relief minutieusement cisel\u00e9.","og_url":"https:\/\/museal.com\/fr\/produit\/coffret-cuivre-argente-armoiries\/","og_site_name":"Museal Editions","article_modified_time":"2024-01-01T21:05:18+00:00","og_image":[{"width":768,"height":1024,"url":"https:\/\/museal.com\/wp-content\/uploads\/2022\/01\/coffret-cuivre-blason-768x1024.png","type":"image\/png"}],"twitter_card":"summary_large_image","schema":{"@context":"https:\/\/schema.org","@graph":[{"@type":"WebPage","@id":"https:\/\/museal.com\/fr\/produit\/coffret-cuivre-argente-armoiries\/","url":"https:\/\/museal.com\/fr\/produit\/coffret-cuivre-argente-armoiries\/","name":"Coffret cuivre argent\u00e9 armoiries - Museal Editions","isPartOf":{"@id":"https:\/\/museal.com\/fr\/#website"},"primaryImageOfPage":{"@id":"https:\/\/museal.com\/fr\/produit\/coffret-cuivre-argente-armoiries\/#primaryimage"},"image":{"@id":"https:\/\/museal.com\/fr\/produit\/coffret-cuivre-argente-armoiries\/#primaryimage"},"thumbnailUrl":"https:\/\/museal.com\/wp-content\/uploads\/2022\/01\/coffret-cuivre-blason.png","datePublished":"2022-01-24T16:11:56+00:00","dateModified":"2024-01-01T21:05:18+00:00","description":"Luxueux coffret en cuivre argent\u00e9 repouss\u00e9 \u00e0 la main, figurant ces armes l\u00e9onines particuli\u00e8rement bien mises en valeur par ce relief minutieusement cisel\u00e9.","breadcrumb":{"@id":"https:\/\/museal.com\/fr\/produit\/coffret-cuivre-argente-armoiries\/#breadcrumb"},"inLanguage":"fr-FR","potentialAction":[{"@type":"ReadAction","target":["https:\/\/museal.com\/fr\/produit\/coffret-cuivre-argente-armoiries\/"]}]},{"@type":"ImageObject","inLanguage":"fr-FR","@id":"https:\/\/museal.com\/fr\/produit\/coffret-cuivre-argente-armoiries\/#primaryimage","url":"https:\/\/museal.com\/wp-content\/uploads\/2022\/01\/coffret-cuivre-blason.png","contentUrl":"https:\/\/museal.com\/wp-content\/uploads\/2022\/01\/coffret-cuivre-blason.png","width":1500,"height":2000},{"@type":"BreadcrumbList","@id":"https:\/\/museal.com\/fr\/produit\/coffret-cuivre-argente-armoiries\/#breadcrumb","itemListElement":[{"@type":"ListItem","position":1,"name":"Accueil","item":"https:\/\/museal.com\/fr\/"},{"@type":"ListItem","position":2,"name":"Boutique","item":"https:\/\/museal.com\/fr\/boutique\/"},{"@type":"ListItem","position":3,"name":"Coffret cuivre argent\u00e9 armoiries"}]},{"@type":"WebSite","@id":"https:\/\/museal.com\/fr\/#website","url":"https:\/\/museal.com\/fr\/","name":"Museal Editions","description":"Objets d&#039;art et de d\u00e9coration inspir\u00e9s du Patrimoine luxembourgeois","publisher":{"@id":"https:\/\/museal.com\/fr\/#organization"},"potentialAction":[{"@type":"SearchAction","target":{"@type":"EntryPoint","urlTemplate":"https:\/\/museal.com\/fr\/?s={search_term_string}"},"query-input":{"@type":"PropertyValueSpecification","valueRequired":true,"valueName":"search_term_string"}}],"inLanguage":"fr-FR"},{"@type":"Organization","@id":"https:\/\/museal.com\/fr\/#organization","name":"Museal Editions","url":"https:\/\/museal.com\/fr\/","logo":{"@type":"ImageObject","inLanguage":"fr-FR","@id":"https:\/\/museal.com\/fr\/#\/schema\/logo\/image\/","url":"https:\/\/museal.com\/wp-content\/uploads\/2021\/05\/logo-e1621950424453.jpg","contentUrl":"https:\/\/museal.com\/wp-content\/uploads\/2021\/05\/logo-e1621950424453.jpg","width":732,"height":574,"caption":"Museal Editions"},"image":{"@id":"https:\/\/museal.com\/fr\/#\/schema\/logo\/image\/"}}]}},"_links":{"self":[{"href":"https:\/\/museal.com\/fr\/wp-json\/wp\/v2\/product\/12968","targetHints":{"allow":["GET"]}}],"collection":[{"href":"https:\/\/museal.com\/fr\/wp-json\/wp\/v2\/product"}],"about":[{"href":"https:\/\/museal.com\/fr\/wp-json\/wp\/v2\/types\/product"}],"wp:featuredmedia":[{"embeddable":true,"href":"https:\/\/museal.com\/fr\/wp-json\/wp\/v2\/media\/13570"}],"wp:attachment":[{"href":"https:\/\/museal.com\/fr\/wp-json\/wp\/v2\/media?parent=12968"}],"wp:term":[{"taxonomy":"product_brand","embeddable":true,"href":"https:\/\/museal.com\/fr\/wp-json\/wp\/v2\/product_brand?post=12968"},{"taxonomy":"product_cat","embeddable":true,"href":"https:\/\/museal.com\/fr\/wp-json\/wp\/v2\/product_cat?post=12968"},{"taxonomy":"product_tag","embeddable":true,"href":"https:\/\/museal.com\/fr\/wp-json\/wp\/v2\/product_tag?post=12968"}],"curies":[{"name":"wp","href":"https:\/\/api.w.org\/{rel}","templated":true}]}}