{"id":13719,"date":"2022-02-28T10:37:44","date_gmt":"2022-02-28T09:37:44","guid":{"rendered":"https:\/\/shop.museal.com\/?post_type=product&#038;p=13719"},"modified":"2024-01-01T21:59:26","modified_gmt":"2024-01-01T20:59:26","slug":"album-luxembourg-de-sosthene-weis-copie","status":"publish","type":"product","link":"https:\/\/museal.com\/fr\/produit\/album-luxembourg-de-sosthene-weis-copie\/","title":{"rendered":"Album &#8220;Luxembourg&#8221; de Sosth\u00e8ne Weis"},"content":{"rendered":"<p>Le livre se compose d&#8217;une petite introduction d&#8217;Evy Friedrich (avec la traduction en anglais) et d&#8217;une biographie de deux pages reprenant les \u00e9v\u00e9nements les plus importants de la vie de Sosth\u00e8ne Weis. Les 60 pages suivantes pr\u00e9sentent uniquement des images de ses \u0153uvres. La table des illustrations conclut le livre.<\/p>\n","protected":false},"excerpt":{"rendered":"<p>Magnifique album des Editions Kutter r\u00e9unissant quelques unes des plus c\u00e9l\u00e8bres illustrations r\u00e9alis\u00e9es par Sosth\u00e8ne Weiss entre 1917 et 1941.<\/p>\n","protected":false},"featured_media":13716,"template":"","meta":[],"product_brand":[],"product_cat":[142],"product_tag":[],"class_list":{"0":"post-13719","1":"product","2":"type-product","3":"status-publish","4":"has-post-thumbnail","6":"product_cat-livres-lithographies-gravures-photos","8":"first","9":"outofstock","10":"taxable","11":"shipping-taxable","12":"purchasable","13":"product-type-simple"},"yoast_head":"<!-- This site is optimized with the Yoast SEO plugin v27.3 - https:\/\/yoast.com\/product\/yoast-seo-wordpress\/ -->\n<title>Album &quot;Luxembourg&quot; de Sosth\u00e8ne Weis - Museal Editions<\/title>\n<meta name=\"robots\" content=\"index, follow, max-snippet:-1, max-image-preview:large, max-video-preview:-1\" \/>\n<link rel=\"canonical\" href=\"https:\/\/museal.com\/fr\/produit\/album-luxembourg-de-sosthene-weis-copie\/\" \/>\n<meta property=\"og:locale\" content=\"fr_FR\" \/>\n<meta property=\"og:type\" content=\"article\" \/>\n<meta property=\"og:title\" content=\"Album &quot;Luxembourg&quot; de Sosth\u00e8ne Weis - Museal Editions\" \/>\n<meta property=\"og:description\" content=\"Magnifique album des Editions Kutter r\u00e9unissant quelques unes des plus c\u00e9l\u00e8bres illustrations r\u00e9alis\u00e9es par Sosth\u00e8ne Weiss entre 1917 et 1941.\" \/>\n<meta property=\"og:url\" content=\"https:\/\/museal.com\/fr\/produit\/album-luxembourg-de-sosthene-weis-copie\/\" \/>\n<meta property=\"og:site_name\" content=\"Museal Editions\" \/>\n<meta property=\"article:modified_time\" content=\"2024-01-01T20:59:26+00:00\" \/>\n<meta property=\"og:image\" content=\"https:\/\/museal.com\/wp-content\/uploads\/2022\/01\/Album-Sothene-Weis.jpg\" \/>\n\t<meta property=\"og:image:width\" content=\"1500\" \/>\n\t<meta property=\"og:image:height\" content=\"2000\" \/>\n\t<meta property=\"og:image:type\" content=\"image\/jpeg\" \/>\n<meta name=\"twitter:card\" content=\"summary_large_image\" \/>\n<script type=\"application\/ld+json\" class=\"yoast-schema-graph\">{\"@context\":\"https:\\\/\\\/schema.org\",\"@graph\":[{\"@type\":\"WebPage\",\"@id\":\"https:\\\/\\\/museal.com\\\/fr\\\/produit\\\/album-luxembourg-de-sosthene-weis-copie\\\/\",\"url\":\"https:\\\/\\\/museal.com\\\/fr\\\/produit\\\/album-luxembourg-de-sosthene-weis-copie\\\/\",\"name\":\"Album \\\"Luxembourg\\\" de Sosth\u00e8ne Weis - Museal Editions\",\"isPartOf\":{\"@id\":\"https:\\\/\\\/museal.com\\\/fr\\\/#website\"},\"primaryImageOfPage\":{\"@id\":\"https:\\\/\\\/museal.com\\\/fr\\\/produit\\\/album-luxembourg-de-sosthene-weis-copie\\\/#primaryimage\"},\"image\":{\"@id\":\"https:\\\/\\\/museal.com\\\/fr\\\/produit\\\/album-luxembourg-de-sosthene-weis-copie\\\/#primaryimage\"},\"thumbnailUrl\":\"https:\\\/\\\/museal.com\\\/wp-content\\\/uploads\\\/2022\\\/01\\\/Album-Sothene-Weis.jpg\",\"datePublished\":\"2022-02-28T09:37:44+00:00\",\"dateModified\":\"2024-01-01T20:59:26+00:00\",\"breadcrumb\":{\"@id\":\"https:\\\/\\\/museal.com\\\/fr\\\/produit\\\/album-luxembourg-de-sosthene-weis-copie\\\/#breadcrumb\"},\"inLanguage\":\"fr-FR\",\"potentialAction\":[{\"@type\":\"ReadAction\",\"target\":[\"https:\\\/\\\/museal.com\\\/fr\\\/produit\\\/album-luxembourg-de-sosthene-weis-copie\\\/\"]}]},{\"@type\":\"ImageObject\",\"inLanguage\":\"fr-FR\",\"@id\":\"https:\\\/\\\/museal.com\\\/fr\\\/produit\\\/album-luxembourg-de-sosthene-weis-copie\\\/#primaryimage\",\"url\":\"https:\\\/\\\/museal.com\\\/wp-content\\\/uploads\\\/2022\\\/01\\\/Album-Sothene-Weis.jpg\",\"contentUrl\":\"https:\\\/\\\/museal.com\\\/wp-content\\\/uploads\\\/2022\\\/01\\\/Album-Sothene-Weis.jpg\",\"width\":1500,\"height\":2000},{\"@type\":\"BreadcrumbList\",\"@id\":\"https:\\\/\\\/museal.com\\\/fr\\\/produit\\\/album-luxembourg-de-sosthene-weis-copie\\\/#breadcrumb\",\"itemListElement\":[{\"@type\":\"ListItem\",\"position\":1,\"name\":\"Accueil\",\"item\":\"https:\\\/\\\/museal.com\\\/fr\\\/\"},{\"@type\":\"ListItem\",\"position\":2,\"name\":\"Boutique\",\"item\":\"https:\\\/\\\/museal.com\\\/fr\\\/boutique\\\/\"},{\"@type\":\"ListItem\",\"position\":3,\"name\":\"Album &#8220;Luxembourg&#8221; de Sosth\u00e8ne Weis\"}]},{\"@type\":\"WebSite\",\"@id\":\"https:\\\/\\\/museal.com\\\/fr\\\/#website\",\"url\":\"https:\\\/\\\/museal.com\\\/fr\\\/\",\"name\":\"Museal Editions\",\"description\":\"Objets d&#039;art et de d\u00e9coration inspir\u00e9s du Patrimoine luxembourgeois\",\"publisher\":{\"@id\":\"https:\\\/\\\/museal.com\\\/fr\\\/#organization\"},\"potentialAction\":[{\"@type\":\"SearchAction\",\"target\":{\"@type\":\"EntryPoint\",\"urlTemplate\":\"https:\\\/\\\/museal.com\\\/fr\\\/?s={search_term_string}\"},\"query-input\":{\"@type\":\"PropertyValueSpecification\",\"valueRequired\":true,\"valueName\":\"search_term_string\"}}],\"inLanguage\":\"fr-FR\"},{\"@type\":\"Organization\",\"@id\":\"https:\\\/\\\/museal.com\\\/fr\\\/#organization\",\"name\":\"Museal Editions\",\"url\":\"https:\\\/\\\/museal.com\\\/fr\\\/\",\"logo\":{\"@type\":\"ImageObject\",\"inLanguage\":\"fr-FR\",\"@id\":\"https:\\\/\\\/museal.com\\\/fr\\\/#\\\/schema\\\/logo\\\/image\\\/\",\"url\":\"https:\\\/\\\/museal.com\\\/wp-content\\\/uploads\\\/2021\\\/05\\\/logo-e1621950424453.jpg\",\"contentUrl\":\"https:\\\/\\\/museal.com\\\/wp-content\\\/uploads\\\/2021\\\/05\\\/logo-e1621950424453.jpg\",\"width\":732,\"height\":574,\"caption\":\"Museal Editions\"},\"image\":{\"@id\":\"https:\\\/\\\/museal.com\\\/fr\\\/#\\\/schema\\\/logo\\\/image\\\/\"}}]}<\/script>\n<!-- \/ Yoast SEO plugin. -->","yoast_head_json":{"title":"Album \"Luxembourg\" de Sosth\u00e8ne Weis - Museal Editions","robots":{"index":"index","follow":"follow","max-snippet":"max-snippet:-1","max-image-preview":"max-image-preview:large","max-video-preview":"max-video-preview:-1"},"canonical":"https:\/\/museal.com\/fr\/produit\/album-luxembourg-de-sosthene-weis-copie\/","og_locale":"fr_FR","og_type":"article","og_title":"Album \"Luxembourg\" de Sosth\u00e8ne Weis - Museal Editions","og_description":"Magnifique album des Editions Kutter r\u00e9unissant quelques unes des plus c\u00e9l\u00e8bres illustrations r\u00e9alis\u00e9es par Sosth\u00e8ne Weiss entre 1917 et 1941.","og_url":"https:\/\/museal.com\/fr\/produit\/album-luxembourg-de-sosthene-weis-copie\/","og_site_name":"Museal Editions","article_modified_time":"2024-01-01T20:59:26+00:00","og_image":[{"width":1500,"height":2000,"url":"https:\/\/museal.com\/wp-content\/uploads\/2022\/01\/Album-Sothene-Weis.jpg","type":"image\/jpeg"}],"twitter_card":"summary_large_image","schema":{"@context":"https:\/\/schema.org","@graph":[{"@type":"WebPage","@id":"https:\/\/museal.com\/fr\/produit\/album-luxembourg-de-sosthene-weis-copie\/","url":"https:\/\/museal.com\/fr\/produit\/album-luxembourg-de-sosthene-weis-copie\/","name":"Album \"Luxembourg\" de Sosth\u00e8ne Weis - Museal Editions","isPartOf":{"@id":"https:\/\/museal.com\/fr\/#website"},"primaryImageOfPage":{"@id":"https:\/\/museal.com\/fr\/produit\/album-luxembourg-de-sosthene-weis-copie\/#primaryimage"},"image":{"@id":"https:\/\/museal.com\/fr\/produit\/album-luxembourg-de-sosthene-weis-copie\/#primaryimage"},"thumbnailUrl":"https:\/\/museal.com\/wp-content\/uploads\/2022\/01\/Album-Sothene-Weis.jpg","datePublished":"2022-02-28T09:37:44+00:00","dateModified":"2024-01-01T20:59:26+00:00","breadcrumb":{"@id":"https:\/\/museal.com\/fr\/produit\/album-luxembourg-de-sosthene-weis-copie\/#breadcrumb"},"inLanguage":"fr-FR","potentialAction":[{"@type":"ReadAction","target":["https:\/\/museal.com\/fr\/produit\/album-luxembourg-de-sosthene-weis-copie\/"]}]},{"@type":"ImageObject","inLanguage":"fr-FR","@id":"https:\/\/museal.com\/fr\/produit\/album-luxembourg-de-sosthene-weis-copie\/#primaryimage","url":"https:\/\/museal.com\/wp-content\/uploads\/2022\/01\/Album-Sothene-Weis.jpg","contentUrl":"https:\/\/museal.com\/wp-content\/uploads\/2022\/01\/Album-Sothene-Weis.jpg","width":1500,"height":2000},{"@type":"BreadcrumbList","@id":"https:\/\/museal.com\/fr\/produit\/album-luxembourg-de-sosthene-weis-copie\/#breadcrumb","itemListElement":[{"@type":"ListItem","position":1,"name":"Accueil","item":"https:\/\/museal.com\/fr\/"},{"@type":"ListItem","position":2,"name":"Boutique","item":"https:\/\/museal.com\/fr\/boutique\/"},{"@type":"ListItem","position":3,"name":"Album &#8220;Luxembourg&#8221; de Sosth\u00e8ne Weis"}]},{"@type":"WebSite","@id":"https:\/\/museal.com\/fr\/#website","url":"https:\/\/museal.com\/fr\/","name":"Museal Editions","description":"Objets d&#039;art et de d\u00e9coration inspir\u00e9s du Patrimoine luxembourgeois","publisher":{"@id":"https:\/\/museal.com\/fr\/#organization"},"potentialAction":[{"@type":"SearchAction","target":{"@type":"EntryPoint","urlTemplate":"https:\/\/museal.com\/fr\/?s={search_term_string}"},"query-input":{"@type":"PropertyValueSpecification","valueRequired":true,"valueName":"search_term_string"}}],"inLanguage":"fr-FR"},{"@type":"Organization","@id":"https:\/\/museal.com\/fr\/#organization","name":"Museal Editions","url":"https:\/\/museal.com\/fr\/","logo":{"@type":"ImageObject","inLanguage":"fr-FR","@id":"https:\/\/museal.com\/fr\/#\/schema\/logo\/image\/","url":"https:\/\/museal.com\/wp-content\/uploads\/2021\/05\/logo-e1621950424453.jpg","contentUrl":"https:\/\/museal.com\/wp-content\/uploads\/2021\/05\/logo-e1621950424453.jpg","width":732,"height":574,"caption":"Museal Editions"},"image":{"@id":"https:\/\/museal.com\/fr\/#\/schema\/logo\/image\/"}}]}},"_links":{"self":[{"href":"https:\/\/museal.com\/fr\/wp-json\/wp\/v2\/product\/13719","targetHints":{"allow":["GET"]}}],"collection":[{"href":"https:\/\/museal.com\/fr\/wp-json\/wp\/v2\/product"}],"about":[{"href":"https:\/\/museal.com\/fr\/wp-json\/wp\/v2\/types\/product"}],"wp:featuredmedia":[{"embeddable":true,"href":"https:\/\/museal.com\/fr\/wp-json\/wp\/v2\/media\/13716"}],"wp:attachment":[{"href":"https:\/\/museal.com\/fr\/wp-json\/wp\/v2\/media?parent=13719"}],"wp:term":[{"taxonomy":"product_brand","embeddable":true,"href":"https:\/\/museal.com\/fr\/wp-json\/wp\/v2\/product_brand?post=13719"},{"taxonomy":"product_cat","embeddable":true,"href":"https:\/\/museal.com\/fr\/wp-json\/wp\/v2\/product_cat?post=13719"},{"taxonomy":"product_tag","embeddable":true,"href":"https:\/\/museal.com\/fr\/wp-json\/wp\/v2\/product_tag?post=13719"}],"curies":[{"name":"wp","href":"https:\/\/api.w.org\/{rel}","templated":true}]}}