{"id":13986,"date":"2022-03-08T16:02:28","date_gmt":"2022-03-08T15:02:28","guid":{"rendered":"https:\/\/shop.museal.com\/?post_type=product&#038;p=13986"},"modified":"2025-12-10T10:55:35","modified_gmt":"2025-12-10T09:55:35","slug":"foulard-armure-de-mansfeld","status":"publish","type":"product","link":"https:\/\/museal.com\/fr\/produit\/foulard-armure-de-mansfeld\/","title":{"rendered":"Foulard &#8220;Armure de Mansfeld&#8221;"},"content":{"rendered":"<p>Ce foulard a \u00e9t\u00e9 r\u00e9alis\u00e9 d&#8217;apr\u00e8s le tableau conserv\u00e9 au Mus\u00e9e d&#8217;Histoire de la Ville de Luxembourg repr\u00e9sentant le gouverneur Mansfeld en armure d&#8217;apparat. On distingue sur la cuirasse de cet homme de guerre les arabesques et attributs de la guerre et de la paix typiques de la Renaissance.Pierre Ernest de Mansfeld est gouverneur du duch\u00e9 de Luxembourg sous Charles V et Philippe II d&#8217;Espagne. En 1546 l&#8217;empereur Charles Quint lui d\u00e9cerne la Toison d&#8217;Or en signe de sa reconnaissance pour les services rendus dans le cadre de la lutte que se livrent Habsbourg d&#8217;Espagne et Valois de France pour l&#8217;h\u00e9g\u00e9monie en Europe.<\/p>\n","protected":false},"excerpt":{"rendered":"<p>Foulard 100% soie, 90&#215;90 cm.<\/p>\n","protected":false},"featured_media":15102,"template":"","meta":[],"product_brand":[],"product_cat":[365],"product_tag":[],"class_list":{"0":"post-13986","1":"product","2":"type-product","3":"status-publish","4":"has-post-thumbnail","6":"product_cat-mode","8":"first","9":"instock","10":"taxable","11":"shipping-taxable","12":"purchasable","13":"product-type-variable","14":"has-default-attributes"},"yoast_head":"<!-- This site is optimized with the Yoast SEO plugin v27.3 - https:\/\/yoast.com\/product\/yoast-seo-wordpress\/ -->\n<title>Foulard &quot;Armure de Mansfeld&quot; - Museal Editions<\/title>\n<meta name=\"robots\" content=\"index, follow, max-snippet:-1, max-image-preview:large, max-video-preview:-1\" \/>\n<link rel=\"canonical\" href=\"https:\/\/museal.com\/fr\/produit\/foulard-armure-de-mansfeld\/\" \/>\n<meta property=\"og:locale\" content=\"fr_FR\" \/>\n<meta property=\"og:type\" content=\"article\" \/>\n<meta property=\"og:title\" content=\"Foulard &quot;Armure de Mansfeld&quot; - Museal Editions\" \/>\n<meta property=\"og:description\" content=\"Foulard 100% soie, 90x90 cm.\" \/>\n<meta property=\"og:url\" content=\"https:\/\/museal.com\/fr\/produit\/foulard-armure-de-mansfeld\/\" \/>\n<meta property=\"og:site_name\" content=\"Museal Editions\" \/>\n<meta property=\"article:modified_time\" content=\"2025-12-10T09:55:35+00:00\" \/>\n<meta property=\"og:image\" content=\"https:\/\/museal.com\/wp-content\/uploads\/2022\/03\/foulard-mansfield-scaled.jpg\" \/>\n\t<meta property=\"og:image:width\" content=\"2439\" \/>\n\t<meta property=\"og:image:height\" content=\"2560\" \/>\n\t<meta property=\"og:image:type\" content=\"image\/jpeg\" \/>\n<meta name=\"twitter:card\" content=\"summary_large_image\" \/>\n<script type=\"application\/ld+json\" class=\"yoast-schema-graph\">{\"@context\":\"https:\\\/\\\/schema.org\",\"@graph\":[{\"@type\":\"WebPage\",\"@id\":\"https:\\\/\\\/museal.com\\\/fr\\\/produit\\\/foulard-armure-de-mansfeld\\\/\",\"url\":\"https:\\\/\\\/museal.com\\\/fr\\\/produit\\\/foulard-armure-de-mansfeld\\\/\",\"name\":\"Foulard \\\"Armure de Mansfeld\\\" - Museal Editions\",\"isPartOf\":{\"@id\":\"https:\\\/\\\/museal.com\\\/fr\\\/#website\"},\"primaryImageOfPage\":{\"@id\":\"https:\\\/\\\/museal.com\\\/fr\\\/produit\\\/foulard-armure-de-mansfeld\\\/#primaryimage\"},\"image\":{\"@id\":\"https:\\\/\\\/museal.com\\\/fr\\\/produit\\\/foulard-armure-de-mansfeld\\\/#primaryimage\"},\"thumbnailUrl\":\"https:\\\/\\\/museal.com\\\/wp-content\\\/uploads\\\/2022\\\/03\\\/foulard-mansfield-scaled.jpg\",\"datePublished\":\"2022-03-08T15:02:28+00:00\",\"dateModified\":\"2025-12-10T09:55:35+00:00\",\"breadcrumb\":{\"@id\":\"https:\\\/\\\/museal.com\\\/fr\\\/produit\\\/foulard-armure-de-mansfeld\\\/#breadcrumb\"},\"inLanguage\":\"fr-FR\",\"potentialAction\":[{\"@type\":\"ReadAction\",\"target\":[\"https:\\\/\\\/museal.com\\\/fr\\\/produit\\\/foulard-armure-de-mansfeld\\\/\"]}]},{\"@type\":\"ImageObject\",\"inLanguage\":\"fr-FR\",\"@id\":\"https:\\\/\\\/museal.com\\\/fr\\\/produit\\\/foulard-armure-de-mansfeld\\\/#primaryimage\",\"url\":\"https:\\\/\\\/museal.com\\\/wp-content\\\/uploads\\\/2022\\\/03\\\/foulard-mansfield-scaled.jpg\",\"contentUrl\":\"https:\\\/\\\/museal.com\\\/wp-content\\\/uploads\\\/2022\\\/03\\\/foulard-mansfield-scaled.jpg\",\"width\":2439,\"height\":2560},{\"@type\":\"BreadcrumbList\",\"@id\":\"https:\\\/\\\/museal.com\\\/fr\\\/produit\\\/foulard-armure-de-mansfeld\\\/#breadcrumb\",\"itemListElement\":[{\"@type\":\"ListItem\",\"position\":1,\"name\":\"Accueil\",\"item\":\"https:\\\/\\\/museal.com\\\/fr\\\/\"},{\"@type\":\"ListItem\",\"position\":2,\"name\":\"Boutique\",\"item\":\"https:\\\/\\\/museal.com\\\/fr\\\/boutique\\\/\"},{\"@type\":\"ListItem\",\"position\":3,\"name\":\"Foulard &#8220;Armure de Mansfeld&#8221;\"}]},{\"@type\":\"WebSite\",\"@id\":\"https:\\\/\\\/museal.com\\\/fr\\\/#website\",\"url\":\"https:\\\/\\\/museal.com\\\/fr\\\/\",\"name\":\"Museal Editions\",\"description\":\"Objets d&#039;art et de d\u00e9coration inspir\u00e9s du Patrimoine luxembourgeois\",\"publisher\":{\"@id\":\"https:\\\/\\\/museal.com\\\/fr\\\/#organization\"},\"potentialAction\":[{\"@type\":\"SearchAction\",\"target\":{\"@type\":\"EntryPoint\",\"urlTemplate\":\"https:\\\/\\\/museal.com\\\/fr\\\/?s={search_term_string}\"},\"query-input\":{\"@type\":\"PropertyValueSpecification\",\"valueRequired\":true,\"valueName\":\"search_term_string\"}}],\"inLanguage\":\"fr-FR\"},{\"@type\":\"Organization\",\"@id\":\"https:\\\/\\\/museal.com\\\/fr\\\/#organization\",\"name\":\"Museal Editions\",\"url\":\"https:\\\/\\\/museal.com\\\/fr\\\/\",\"logo\":{\"@type\":\"ImageObject\",\"inLanguage\":\"fr-FR\",\"@id\":\"https:\\\/\\\/museal.com\\\/fr\\\/#\\\/schema\\\/logo\\\/image\\\/\",\"url\":\"https:\\\/\\\/museal.com\\\/wp-content\\\/uploads\\\/2021\\\/05\\\/logo-e1621950424453.jpg\",\"contentUrl\":\"https:\\\/\\\/museal.com\\\/wp-content\\\/uploads\\\/2021\\\/05\\\/logo-e1621950424453.jpg\",\"width\":732,\"height\":574,\"caption\":\"Museal Editions\"},\"image\":{\"@id\":\"https:\\\/\\\/museal.com\\\/fr\\\/#\\\/schema\\\/logo\\\/image\\\/\"}}]}<\/script>\n<!-- \/ Yoast SEO plugin. -->","yoast_head_json":{"title":"Foulard \"Armure de Mansfeld\" - Museal Editions","robots":{"index":"index","follow":"follow","max-snippet":"max-snippet:-1","max-image-preview":"max-image-preview:large","max-video-preview":"max-video-preview:-1"},"canonical":"https:\/\/museal.com\/fr\/produit\/foulard-armure-de-mansfeld\/","og_locale":"fr_FR","og_type":"article","og_title":"Foulard \"Armure de Mansfeld\" - Museal Editions","og_description":"Foulard 100% soie, 90x90 cm.","og_url":"https:\/\/museal.com\/fr\/produit\/foulard-armure-de-mansfeld\/","og_site_name":"Museal Editions","article_modified_time":"2025-12-10T09:55:35+00:00","og_image":[{"width":2439,"height":2560,"url":"https:\/\/museal.com\/wp-content\/uploads\/2022\/03\/foulard-mansfield-scaled.jpg","type":"image\/jpeg"}],"twitter_card":"summary_large_image","schema":{"@context":"https:\/\/schema.org","@graph":[{"@type":"WebPage","@id":"https:\/\/museal.com\/fr\/produit\/foulard-armure-de-mansfeld\/","url":"https:\/\/museal.com\/fr\/produit\/foulard-armure-de-mansfeld\/","name":"Foulard \"Armure de Mansfeld\" - Museal Editions","isPartOf":{"@id":"https:\/\/museal.com\/fr\/#website"},"primaryImageOfPage":{"@id":"https:\/\/museal.com\/fr\/produit\/foulard-armure-de-mansfeld\/#primaryimage"},"image":{"@id":"https:\/\/museal.com\/fr\/produit\/foulard-armure-de-mansfeld\/#primaryimage"},"thumbnailUrl":"https:\/\/museal.com\/wp-content\/uploads\/2022\/03\/foulard-mansfield-scaled.jpg","datePublished":"2022-03-08T15:02:28+00:00","dateModified":"2025-12-10T09:55:35+00:00","breadcrumb":{"@id":"https:\/\/museal.com\/fr\/produit\/foulard-armure-de-mansfeld\/#breadcrumb"},"inLanguage":"fr-FR","potentialAction":[{"@type":"ReadAction","target":["https:\/\/museal.com\/fr\/produit\/foulard-armure-de-mansfeld\/"]}]},{"@type":"ImageObject","inLanguage":"fr-FR","@id":"https:\/\/museal.com\/fr\/produit\/foulard-armure-de-mansfeld\/#primaryimage","url":"https:\/\/museal.com\/wp-content\/uploads\/2022\/03\/foulard-mansfield-scaled.jpg","contentUrl":"https:\/\/museal.com\/wp-content\/uploads\/2022\/03\/foulard-mansfield-scaled.jpg","width":2439,"height":2560},{"@type":"BreadcrumbList","@id":"https:\/\/museal.com\/fr\/produit\/foulard-armure-de-mansfeld\/#breadcrumb","itemListElement":[{"@type":"ListItem","position":1,"name":"Accueil","item":"https:\/\/museal.com\/fr\/"},{"@type":"ListItem","position":2,"name":"Boutique","item":"https:\/\/museal.com\/fr\/boutique\/"},{"@type":"ListItem","position":3,"name":"Foulard &#8220;Armure de Mansfeld&#8221;"}]},{"@type":"WebSite","@id":"https:\/\/museal.com\/fr\/#website","url":"https:\/\/museal.com\/fr\/","name":"Museal Editions","description":"Objets d&#039;art et de d\u00e9coration inspir\u00e9s du Patrimoine luxembourgeois","publisher":{"@id":"https:\/\/museal.com\/fr\/#organization"},"potentialAction":[{"@type":"SearchAction","target":{"@type":"EntryPoint","urlTemplate":"https:\/\/museal.com\/fr\/?s={search_term_string}"},"query-input":{"@type":"PropertyValueSpecification","valueRequired":true,"valueName":"search_term_string"}}],"inLanguage":"fr-FR"},{"@type":"Organization","@id":"https:\/\/museal.com\/fr\/#organization","name":"Museal Editions","url":"https:\/\/museal.com\/fr\/","logo":{"@type":"ImageObject","inLanguage":"fr-FR","@id":"https:\/\/museal.com\/fr\/#\/schema\/logo\/image\/","url":"https:\/\/museal.com\/wp-content\/uploads\/2021\/05\/logo-e1621950424453.jpg","contentUrl":"https:\/\/museal.com\/wp-content\/uploads\/2021\/05\/logo-e1621950424453.jpg","width":732,"height":574,"caption":"Museal Editions"},"image":{"@id":"https:\/\/museal.com\/fr\/#\/schema\/logo\/image\/"}}]}},"_links":{"self":[{"href":"https:\/\/museal.com\/fr\/wp-json\/wp\/v2\/product\/13986","targetHints":{"allow":["GET"]}}],"collection":[{"href":"https:\/\/museal.com\/fr\/wp-json\/wp\/v2\/product"}],"about":[{"href":"https:\/\/museal.com\/fr\/wp-json\/wp\/v2\/types\/product"}],"wp:featuredmedia":[{"embeddable":true,"href":"https:\/\/museal.com\/fr\/wp-json\/wp\/v2\/media\/15102"}],"wp:attachment":[{"href":"https:\/\/museal.com\/fr\/wp-json\/wp\/v2\/media?parent=13986"}],"wp:term":[{"taxonomy":"product_brand","embeddable":true,"href":"https:\/\/museal.com\/fr\/wp-json\/wp\/v2\/product_brand?post=13986"},{"taxonomy":"product_cat","embeddable":true,"href":"https:\/\/museal.com\/fr\/wp-json\/wp\/v2\/product_cat?post=13986"},{"taxonomy":"product_tag","embeddable":true,"href":"https:\/\/museal.com\/fr\/wp-json\/wp\/v2\/product_tag?post=13986"}],"curies":[{"name":"wp","href":"https:\/\/api.w.org\/{rel}","templated":true}]}}