{"id":14127,"date":"2022-05-12T11:31:33","date_gmt":"2022-05-12T09:31:33","guid":{"rendered":"https:\/\/museal.com\/?post_type=product&#038;p=14127"},"modified":"2026-04-02T10:58:00","modified_gmt":"2026-04-02T08:58:00","slug":"porte-clefs-renert-avec-passementerie","status":"publish","type":"product","link":"https:\/\/museal.com\/fr\/produit\/porte-clefs-renert-avec-passementerie\/","title":{"rendered":"porte-clefs &#8220;Renert&#8221; avec passementerie"},"content":{"rendered":"<p>Le renard du Luxembourg est l\u2019oeuvre de Michel RODANGE (1827-1876), qui s\u2019inspire du \u00ab\u00a0Reineke Fuchs\u00a0\u00bb de GOETHE. Aujourd\u2019hui une \u00e9pop\u00e9e nationale, sa fable est une description satirique des personnages politique de l\u2019\u00e9poque, \u00e0 travers 14 chants en langue luxembourgeoise.<br \/>\nL\u2019oeuvre originale, datant de 1932, est une cr\u00e9ation commune des sculpteurs DEMUTH et GROSBER, en hommage au po\u00e8te national Michel RODANGE. L\u2019original en pierre du \u00ab\u00a0Renert\u00a0\u00bb est conserv\u00e9 au Mus\u00e9e d\u2019Histoire de la Ville de Luxembourg, il a \u00e9t\u00e9 surmoul\u00e9 en 1981 pour donner naissance \u00e0 l\u2019exemplaire tr\u00f4nant sur la place Guillaume.<\/p>\n","protected":false},"excerpt":{"rendered":"<p>Porte-clefs &#8220;Renert&#8221; finement ouvrag\u00e9, en laiton dor\u00e9 ou en \u00e9tain argent\u00e9, avec passementerie de la maison parisienne Houl\u00e8s, gris ou noir (\u00e0 pr\u00e9ciser lors de la commande).<\/p>\n<p>Dimensions: porte-clefs 7,5 cm.; passementerie 16 cm; poids 35 gr.<\/p>\n<p>&nbsp;<\/p>\n","protected":false},"featured_media":14138,"template":"","meta":[],"product_brand":[],"product_cat":[144],"product_tag":[],"class_list":{"0":"post-14127","1":"product","2":"type-product","3":"status-publish","4":"has-post-thumbnail","6":"product_cat-accessoires","8":"first","9":"instock","10":"taxable","11":"shipping-taxable","12":"purchasable","13":"product-type-variable"},"yoast_head":"<!-- This site is optimized with the Yoast SEO plugin v27.3 - https:\/\/yoast.com\/product\/yoast-seo-wordpress\/ -->\n<title>porte-clefs &quot;Renert&quot; avec passementerie - Museal Editions<\/title>\n<meta name=\"description\" content=\"Porte-clefs &quot;Renert&quot; finement ouvrag\u00e9, en laiton dor\u00e9 ou en \u00e9tain argent\u00e9, avec passementerie de la maison parisienne Houl\u00e8s.\" \/>\n<meta name=\"robots\" content=\"index, follow, max-snippet:-1, max-image-preview:large, max-video-preview:-1\" \/>\n<link rel=\"canonical\" href=\"https:\/\/museal.com\/fr\/produit\/porte-clefs-renert-avec-passementerie\/\" \/>\n<meta property=\"og:locale\" content=\"fr_FR\" \/>\n<meta property=\"og:type\" content=\"article\" \/>\n<meta property=\"og:title\" content=\"porte-clefs &quot;Renert&quot; avec passementerie - Museal Editions\" \/>\n<meta property=\"og:description\" content=\"Porte-clefs &quot;Renert&quot; finement ouvrag\u00e9, en laiton dor\u00e9 ou en \u00e9tain argent\u00e9, avec passementerie de la maison parisienne Houl\u00e8s.\" \/>\n<meta property=\"og:url\" content=\"https:\/\/museal.com\/fr\/produit\/porte-clefs-renert-avec-passementerie\/\" \/>\n<meta property=\"og:site_name\" content=\"Museal Editions\" \/>\n<meta property=\"article:modified_time\" content=\"2026-04-02T08:58:00+00:00\" \/>\n<meta property=\"og:image\" content=\"https:\/\/museal.com\/wp-content\/uploads\/2022\/05\/port-clef-renert-et-passamenterie.jpg\" \/>\n\t<meta property=\"og:image:width\" content=\"1500\" \/>\n\t<meta property=\"og:image:height\" content=\"2000\" \/>\n\t<meta property=\"og:image:type\" content=\"image\/jpeg\" \/>\n<meta name=\"twitter:card\" content=\"summary_large_image\" \/>\n<script type=\"application\/ld+json\" class=\"yoast-schema-graph\">{\"@context\":\"https:\\\/\\\/schema.org\",\"@graph\":[{\"@type\":\"WebPage\",\"@id\":\"https:\\\/\\\/museal.com\\\/fr\\\/produit\\\/porte-clefs-renert-avec-passementerie\\\/\",\"url\":\"https:\\\/\\\/museal.com\\\/fr\\\/produit\\\/porte-clefs-renert-avec-passementerie\\\/\",\"name\":\"porte-clefs \\\"Renert\\\" avec passementerie - Museal Editions\",\"isPartOf\":{\"@id\":\"https:\\\/\\\/museal.com\\\/fr\\\/#website\"},\"primaryImageOfPage\":{\"@id\":\"https:\\\/\\\/museal.com\\\/fr\\\/produit\\\/porte-clefs-renert-avec-passementerie\\\/#primaryimage\"},\"image\":{\"@id\":\"https:\\\/\\\/museal.com\\\/fr\\\/produit\\\/porte-clefs-renert-avec-passementerie\\\/#primaryimage\"},\"thumbnailUrl\":\"https:\\\/\\\/museal.com\\\/wp-content\\\/uploads\\\/2022\\\/05\\\/port-clef-renert-et-passamenterie.jpg\",\"datePublished\":\"2022-05-12T09:31:33+00:00\",\"dateModified\":\"2026-04-02T08:58:00+00:00\",\"description\":\"Porte-clefs \\\"Renert\\\" finement ouvrag\u00e9, en laiton dor\u00e9 ou en \u00e9tain argent\u00e9, avec passementerie de la maison parisienne Houl\u00e8s.\",\"breadcrumb\":{\"@id\":\"https:\\\/\\\/museal.com\\\/fr\\\/produit\\\/porte-clefs-renert-avec-passementerie\\\/#breadcrumb\"},\"inLanguage\":\"fr-FR\",\"potentialAction\":[{\"@type\":\"ReadAction\",\"target\":[\"https:\\\/\\\/museal.com\\\/fr\\\/produit\\\/porte-clefs-renert-avec-passementerie\\\/\"]}]},{\"@type\":\"ImageObject\",\"inLanguage\":\"fr-FR\",\"@id\":\"https:\\\/\\\/museal.com\\\/fr\\\/produit\\\/porte-clefs-renert-avec-passementerie\\\/#primaryimage\",\"url\":\"https:\\\/\\\/museal.com\\\/wp-content\\\/uploads\\\/2022\\\/05\\\/port-clef-renert-et-passamenterie.jpg\",\"contentUrl\":\"https:\\\/\\\/museal.com\\\/wp-content\\\/uploads\\\/2022\\\/05\\\/port-clef-renert-et-passamenterie.jpg\",\"width\":1500,\"height\":2000},{\"@type\":\"BreadcrumbList\",\"@id\":\"https:\\\/\\\/museal.com\\\/fr\\\/produit\\\/porte-clefs-renert-avec-passementerie\\\/#breadcrumb\",\"itemListElement\":[{\"@type\":\"ListItem\",\"position\":1,\"name\":\"Accueil\",\"item\":\"https:\\\/\\\/museal.com\\\/fr\\\/\"},{\"@type\":\"ListItem\",\"position\":2,\"name\":\"Boutique\",\"item\":\"https:\\\/\\\/museal.com\\\/fr\\\/boutique\\\/\"},{\"@type\":\"ListItem\",\"position\":3,\"name\":\"porte-clefs &#8220;Renert&#8221; avec passementerie\"}]},{\"@type\":\"WebSite\",\"@id\":\"https:\\\/\\\/museal.com\\\/fr\\\/#website\",\"url\":\"https:\\\/\\\/museal.com\\\/fr\\\/\",\"name\":\"Museal Editions\",\"description\":\"Objets d&#039;art et de d\u00e9coration inspir\u00e9s du Patrimoine luxembourgeois\",\"publisher\":{\"@id\":\"https:\\\/\\\/museal.com\\\/fr\\\/#organization\"},\"potentialAction\":[{\"@type\":\"SearchAction\",\"target\":{\"@type\":\"EntryPoint\",\"urlTemplate\":\"https:\\\/\\\/museal.com\\\/fr\\\/?s={search_term_string}\"},\"query-input\":{\"@type\":\"PropertyValueSpecification\",\"valueRequired\":true,\"valueName\":\"search_term_string\"}}],\"inLanguage\":\"fr-FR\"},{\"@type\":\"Organization\",\"@id\":\"https:\\\/\\\/museal.com\\\/fr\\\/#organization\",\"name\":\"Museal Editions\",\"url\":\"https:\\\/\\\/museal.com\\\/fr\\\/\",\"logo\":{\"@type\":\"ImageObject\",\"inLanguage\":\"fr-FR\",\"@id\":\"https:\\\/\\\/museal.com\\\/fr\\\/#\\\/schema\\\/logo\\\/image\\\/\",\"url\":\"https:\\\/\\\/museal.com\\\/wp-content\\\/uploads\\\/2021\\\/05\\\/logo-e1621950424453.jpg\",\"contentUrl\":\"https:\\\/\\\/museal.com\\\/wp-content\\\/uploads\\\/2021\\\/05\\\/logo-e1621950424453.jpg\",\"width\":732,\"height\":574,\"caption\":\"Museal Editions\"},\"image\":{\"@id\":\"https:\\\/\\\/museal.com\\\/fr\\\/#\\\/schema\\\/logo\\\/image\\\/\"}}]}<\/script>\n<!-- \/ Yoast SEO plugin. -->","yoast_head_json":{"title":"porte-clefs \"Renert\" avec passementerie - Museal Editions","description":"Porte-clefs \"Renert\" finement ouvrag\u00e9, en laiton dor\u00e9 ou en \u00e9tain argent\u00e9, avec passementerie de la maison parisienne Houl\u00e8s.","robots":{"index":"index","follow":"follow","max-snippet":"max-snippet:-1","max-image-preview":"max-image-preview:large","max-video-preview":"max-video-preview:-1"},"canonical":"https:\/\/museal.com\/fr\/produit\/porte-clefs-renert-avec-passementerie\/","og_locale":"fr_FR","og_type":"article","og_title":"porte-clefs \"Renert\" avec passementerie - Museal Editions","og_description":"Porte-clefs \"Renert\" finement ouvrag\u00e9, en laiton dor\u00e9 ou en \u00e9tain argent\u00e9, avec passementerie de la maison parisienne Houl\u00e8s.","og_url":"https:\/\/museal.com\/fr\/produit\/porte-clefs-renert-avec-passementerie\/","og_site_name":"Museal Editions","article_modified_time":"2026-04-02T08:58:00+00:00","og_image":[{"width":1500,"height":2000,"url":"https:\/\/museal.com\/wp-content\/uploads\/2022\/05\/port-clef-renert-et-passamenterie.jpg","type":"image\/jpeg"}],"twitter_card":"summary_large_image","schema":{"@context":"https:\/\/schema.org","@graph":[{"@type":"WebPage","@id":"https:\/\/museal.com\/fr\/produit\/porte-clefs-renert-avec-passementerie\/","url":"https:\/\/museal.com\/fr\/produit\/porte-clefs-renert-avec-passementerie\/","name":"porte-clefs \"Renert\" avec passementerie - Museal Editions","isPartOf":{"@id":"https:\/\/museal.com\/fr\/#website"},"primaryImageOfPage":{"@id":"https:\/\/museal.com\/fr\/produit\/porte-clefs-renert-avec-passementerie\/#primaryimage"},"image":{"@id":"https:\/\/museal.com\/fr\/produit\/porte-clefs-renert-avec-passementerie\/#primaryimage"},"thumbnailUrl":"https:\/\/museal.com\/wp-content\/uploads\/2022\/05\/port-clef-renert-et-passamenterie.jpg","datePublished":"2022-05-12T09:31:33+00:00","dateModified":"2026-04-02T08:58:00+00:00","description":"Porte-clefs \"Renert\" finement ouvrag\u00e9, en laiton dor\u00e9 ou en \u00e9tain argent\u00e9, avec passementerie de la maison parisienne Houl\u00e8s.","breadcrumb":{"@id":"https:\/\/museal.com\/fr\/produit\/porte-clefs-renert-avec-passementerie\/#breadcrumb"},"inLanguage":"fr-FR","potentialAction":[{"@type":"ReadAction","target":["https:\/\/museal.com\/fr\/produit\/porte-clefs-renert-avec-passementerie\/"]}]},{"@type":"ImageObject","inLanguage":"fr-FR","@id":"https:\/\/museal.com\/fr\/produit\/porte-clefs-renert-avec-passementerie\/#primaryimage","url":"https:\/\/museal.com\/wp-content\/uploads\/2022\/05\/port-clef-renert-et-passamenterie.jpg","contentUrl":"https:\/\/museal.com\/wp-content\/uploads\/2022\/05\/port-clef-renert-et-passamenterie.jpg","width":1500,"height":2000},{"@type":"BreadcrumbList","@id":"https:\/\/museal.com\/fr\/produit\/porte-clefs-renert-avec-passementerie\/#breadcrumb","itemListElement":[{"@type":"ListItem","position":1,"name":"Accueil","item":"https:\/\/museal.com\/fr\/"},{"@type":"ListItem","position":2,"name":"Boutique","item":"https:\/\/museal.com\/fr\/boutique\/"},{"@type":"ListItem","position":3,"name":"porte-clefs &#8220;Renert&#8221; avec passementerie"}]},{"@type":"WebSite","@id":"https:\/\/museal.com\/fr\/#website","url":"https:\/\/museal.com\/fr\/","name":"Museal Editions","description":"Objets d&#039;art et de d\u00e9coration inspir\u00e9s du Patrimoine luxembourgeois","publisher":{"@id":"https:\/\/museal.com\/fr\/#organization"},"potentialAction":[{"@type":"SearchAction","target":{"@type":"EntryPoint","urlTemplate":"https:\/\/museal.com\/fr\/?s={search_term_string}"},"query-input":{"@type":"PropertyValueSpecification","valueRequired":true,"valueName":"search_term_string"}}],"inLanguage":"fr-FR"},{"@type":"Organization","@id":"https:\/\/museal.com\/fr\/#organization","name":"Museal Editions","url":"https:\/\/museal.com\/fr\/","logo":{"@type":"ImageObject","inLanguage":"fr-FR","@id":"https:\/\/museal.com\/fr\/#\/schema\/logo\/image\/","url":"https:\/\/museal.com\/wp-content\/uploads\/2021\/05\/logo-e1621950424453.jpg","contentUrl":"https:\/\/museal.com\/wp-content\/uploads\/2021\/05\/logo-e1621950424453.jpg","width":732,"height":574,"caption":"Museal Editions"},"image":{"@id":"https:\/\/museal.com\/fr\/#\/schema\/logo\/image\/"}}]}},"_links":{"self":[{"href":"https:\/\/museal.com\/fr\/wp-json\/wp\/v2\/product\/14127","targetHints":{"allow":["GET"]}}],"collection":[{"href":"https:\/\/museal.com\/fr\/wp-json\/wp\/v2\/product"}],"about":[{"href":"https:\/\/museal.com\/fr\/wp-json\/wp\/v2\/types\/product"}],"wp:featuredmedia":[{"embeddable":true,"href":"https:\/\/museal.com\/fr\/wp-json\/wp\/v2\/media\/14138"}],"wp:attachment":[{"href":"https:\/\/museal.com\/fr\/wp-json\/wp\/v2\/media?parent=14127"}],"wp:term":[{"taxonomy":"product_brand","embeddable":true,"href":"https:\/\/museal.com\/fr\/wp-json\/wp\/v2\/product_brand?post=14127"},{"taxonomy":"product_cat","embeddable":true,"href":"https:\/\/museal.com\/fr\/wp-json\/wp\/v2\/product_cat?post=14127"},{"taxonomy":"product_tag","embeddable":true,"href":"https:\/\/museal.com\/fr\/wp-json\/wp\/v2\/product_tag?post=14127"}],"curies":[{"name":"wp","href":"https:\/\/api.w.org\/{rel}","templated":true}]}}