{"id":14391,"date":"2022-11-03T11:45:38","date_gmt":"2022-11-03T10:45:38","guid":{"rendered":"https:\/\/museal.com\/?post_type=product&#038;p=14391"},"modified":"2026-04-16T09:53:47","modified_gmt":"2026-04-16T07:53:48","slug":"sanglier-gallo-romain-de-luxembourg-en-bronze-taille-originale","status":"publish","type":"product","link":"https:\/\/museal.com\/fr\/produit\/sanglier-gallo-romain-de-luxembourg-en-bronze-taille-originale\/","title":{"rendered":"Sanglier Gallo-romain de Luxembourg \u00bb en bronze; taille originale"},"content":{"rendered":"<p>Trouv\u00e9 aux environs de Luxembourg et conserv\u00e9 au Mus\u00e9e du Louvre, ce bronze de l\u2019\u00e9poque gallo-romaine (env. 2eme si\u00e8cle ap. J.-C) est l\u2019un des plus int\u00e9ressants et des mieux conserv\u00e9s de tous ceux qui nous sont parvenus. Il combine le naturalisme cher aux Romains et le go\u00fbt des Gaulois pour la stylisation et les compositions d\u00e9coratives.<br \/>\nCe sanglier en pleine course est en train de charger, les soies de l\u2018\u00e9chine h\u00e9riss\u00e9es, la t\u00eate dress\u00e9e vers l\u2019ennemi, gueule entrouverte. Le traitement remarquable du pelage, en m\u00e8ches souples anim\u00e9es par la course, lui donne une tr\u00e8s vive impression de puissance et de mouvement. Il pourrait s\u2019agir d\u2019une offrande faite \u00e0 un dieu.<\/p>\n","protected":false},"excerpt":{"rendered":"<p>Cette sculpture en bronze est reproduite \u00e0 l\u2019\u00e9chelle 1\/1, et respecte parfaitement les d\u00e9tails de ciselure de l\u2019\u0153uvre originale. Num\u00e9rot\u00e9e de 1\/100 \u00e0 100\/100, elle est pr\u00e9sent\u00e9e sur une tige de bronze fix\u00e9e \u00e0 un socle de marbre de haute qualit\u00e9.<\/p>\n<p>Hauteur : 21 cm ; Longueur : 36 cm ; Largeur : 7,9 cm; poids 5,7 kg<\/p>\n","protected":false},"featured_media":14392,"template":"","meta":[],"product_brand":[],"product_cat":[89],"product_tag":[],"class_list":{"0":"post-14391","1":"product","2":"type-product","3":"status-publish","4":"has-post-thumbnail","6":"product_cat-sculptures-et-bronzes-d-art","8":"first","9":"outofstock","10":"taxable","11":"shipping-taxable","12":"purchasable","13":"product-type-simple"},"yoast_head":"<!-- This site is optimized with the Yoast SEO plugin v27.3 - https:\/\/yoast.com\/product\/yoast-seo-wordpress\/ -->\n<title>Sanglier Gallo-romain de Luxembourg \u00bb en bronze; taille originale - Museal Editions<\/title>\n<meta name=\"description\" content=\"sculpture en bronze est reproduite \u00e0 l\u2019\u00e9chelle 1\/1, et respecte parfaitement les d\u00e9tails de ciselure de l\u2019\u0153uvre originale. Num\u00e9rot\u00e9e de 1\/100 \u00e0 100\/100\" \/>\n<meta name=\"robots\" content=\"index, follow, max-snippet:-1, max-image-preview:large, max-video-preview:-1\" \/>\n<link rel=\"canonical\" href=\"https:\/\/museal.com\/fr\/produit\/sanglier-gallo-romain-de-luxembourg-en-bronze-taille-originale\/\" \/>\n<meta property=\"og:locale\" content=\"fr_FR\" \/>\n<meta property=\"og:type\" content=\"article\" \/>\n<meta property=\"og:title\" content=\"Sanglier Gallo-romain de Luxembourg \u00bb en bronze; taille originale - Museal Editions\" \/>\n<meta property=\"og:description\" content=\"sculpture en bronze est reproduite \u00e0 l\u2019\u00e9chelle 1\/1, et respecte parfaitement les d\u00e9tails de ciselure de l\u2019\u0153uvre originale. Num\u00e9rot\u00e9e de 1\/100 \u00e0 100\/100\" \/>\n<meta property=\"og:url\" content=\"https:\/\/museal.com\/fr\/produit\/sanglier-gallo-romain-de-luxembourg-en-bronze-taille-originale\/\" \/>\n<meta property=\"og:site_name\" content=\"Museal Editions\" \/>\n<meta property=\"article:modified_time\" content=\"2026-04-16T07:53:48+00:00\" \/>\n<meta property=\"og:image\" content=\"https:\/\/museal.com\/wp-content\/uploads\/2022\/11\/sanglier-GM.jpg\" \/>\n\t<meta property=\"og:image:width\" content=\"1500\" \/>\n\t<meta property=\"og:image:height\" content=\"2000\" \/>\n\t<meta property=\"og:image:type\" content=\"image\/jpeg\" \/>\n<meta name=\"twitter:card\" content=\"summary_large_image\" \/>\n<script type=\"application\/ld+json\" class=\"yoast-schema-graph\">{\"@context\":\"https:\\\/\\\/schema.org\",\"@graph\":[{\"@type\":\"WebPage\",\"@id\":\"https:\\\/\\\/museal.com\\\/fr\\\/produit\\\/sanglier-gallo-romain-de-luxembourg-en-bronze-taille-originale\\\/\",\"url\":\"https:\\\/\\\/museal.com\\\/fr\\\/produit\\\/sanglier-gallo-romain-de-luxembourg-en-bronze-taille-originale\\\/\",\"name\":\"Sanglier Gallo-romain de Luxembourg \u00bb en bronze; taille originale - Museal Editions\",\"isPartOf\":{\"@id\":\"https:\\\/\\\/museal.com\\\/fr\\\/#website\"},\"primaryImageOfPage\":{\"@id\":\"https:\\\/\\\/museal.com\\\/fr\\\/produit\\\/sanglier-gallo-romain-de-luxembourg-en-bronze-taille-originale\\\/#primaryimage\"},\"image\":{\"@id\":\"https:\\\/\\\/museal.com\\\/fr\\\/produit\\\/sanglier-gallo-romain-de-luxembourg-en-bronze-taille-originale\\\/#primaryimage\"},\"thumbnailUrl\":\"https:\\\/\\\/museal.com\\\/wp-content\\\/uploads\\\/2022\\\/11\\\/sanglier-GM.jpg\",\"datePublished\":\"2022-11-03T10:45:38+00:00\",\"dateModified\":\"2026-04-16T07:53:48+00:00\",\"description\":\"sculpture en bronze est reproduite \u00e0 l\u2019\u00e9chelle 1\\\/1, et respecte parfaitement les d\u00e9tails de ciselure de l\u2019\u0153uvre originale. Num\u00e9rot\u00e9e de 1\\\/100 \u00e0 100\\\/100\",\"breadcrumb\":{\"@id\":\"https:\\\/\\\/museal.com\\\/fr\\\/produit\\\/sanglier-gallo-romain-de-luxembourg-en-bronze-taille-originale\\\/#breadcrumb\"},\"inLanguage\":\"fr-FR\",\"potentialAction\":[{\"@type\":\"ReadAction\",\"target\":[\"https:\\\/\\\/museal.com\\\/fr\\\/produit\\\/sanglier-gallo-romain-de-luxembourg-en-bronze-taille-originale\\\/\"]}]},{\"@type\":\"ImageObject\",\"inLanguage\":\"fr-FR\",\"@id\":\"https:\\\/\\\/museal.com\\\/fr\\\/produit\\\/sanglier-gallo-romain-de-luxembourg-en-bronze-taille-originale\\\/#primaryimage\",\"url\":\"https:\\\/\\\/museal.com\\\/wp-content\\\/uploads\\\/2022\\\/11\\\/sanglier-GM.jpg\",\"contentUrl\":\"https:\\\/\\\/museal.com\\\/wp-content\\\/uploads\\\/2022\\\/11\\\/sanglier-GM.jpg\",\"width\":1500,\"height\":2000},{\"@type\":\"BreadcrumbList\",\"@id\":\"https:\\\/\\\/museal.com\\\/fr\\\/produit\\\/sanglier-gallo-romain-de-luxembourg-en-bronze-taille-originale\\\/#breadcrumb\",\"itemListElement\":[{\"@type\":\"ListItem\",\"position\":1,\"name\":\"Accueil\",\"item\":\"https:\\\/\\\/museal.com\\\/fr\\\/\"},{\"@type\":\"ListItem\",\"position\":2,\"name\":\"Boutique\",\"item\":\"https:\\\/\\\/museal.com\\\/fr\\\/boutique\\\/\"},{\"@type\":\"ListItem\",\"position\":3,\"name\":\"Sanglier Gallo-romain de Luxembourg \u00bb en bronze; taille originale\"}]},{\"@type\":\"WebSite\",\"@id\":\"https:\\\/\\\/museal.com\\\/fr\\\/#website\",\"url\":\"https:\\\/\\\/museal.com\\\/fr\\\/\",\"name\":\"Museal Editions\",\"description\":\"Objets d&#039;art et de d\u00e9coration inspir\u00e9s du Patrimoine luxembourgeois\",\"publisher\":{\"@id\":\"https:\\\/\\\/museal.com\\\/fr\\\/#organization\"},\"potentialAction\":[{\"@type\":\"SearchAction\",\"target\":{\"@type\":\"EntryPoint\",\"urlTemplate\":\"https:\\\/\\\/museal.com\\\/fr\\\/?s={search_term_string}\"},\"query-input\":{\"@type\":\"PropertyValueSpecification\",\"valueRequired\":true,\"valueName\":\"search_term_string\"}}],\"inLanguage\":\"fr-FR\"},{\"@type\":\"Organization\",\"@id\":\"https:\\\/\\\/museal.com\\\/fr\\\/#organization\",\"name\":\"Museal Editions\",\"url\":\"https:\\\/\\\/museal.com\\\/fr\\\/\",\"logo\":{\"@type\":\"ImageObject\",\"inLanguage\":\"fr-FR\",\"@id\":\"https:\\\/\\\/museal.com\\\/fr\\\/#\\\/schema\\\/logo\\\/image\\\/\",\"url\":\"https:\\\/\\\/museal.com\\\/wp-content\\\/uploads\\\/2021\\\/05\\\/logo-e1621950424453.jpg\",\"contentUrl\":\"https:\\\/\\\/museal.com\\\/wp-content\\\/uploads\\\/2021\\\/05\\\/logo-e1621950424453.jpg\",\"width\":732,\"height\":574,\"caption\":\"Museal Editions\"},\"image\":{\"@id\":\"https:\\\/\\\/museal.com\\\/fr\\\/#\\\/schema\\\/logo\\\/image\\\/\"}}]}<\/script>\n<!-- \/ Yoast SEO plugin. -->","yoast_head_json":{"title":"Sanglier Gallo-romain de Luxembourg \u00bb en bronze; taille originale - Museal Editions","description":"sculpture en bronze est reproduite \u00e0 l\u2019\u00e9chelle 1\/1, et respecte parfaitement les d\u00e9tails de ciselure de l\u2019\u0153uvre originale. Num\u00e9rot\u00e9e de 1\/100 \u00e0 100\/100","robots":{"index":"index","follow":"follow","max-snippet":"max-snippet:-1","max-image-preview":"max-image-preview:large","max-video-preview":"max-video-preview:-1"},"canonical":"https:\/\/museal.com\/fr\/produit\/sanglier-gallo-romain-de-luxembourg-en-bronze-taille-originale\/","og_locale":"fr_FR","og_type":"article","og_title":"Sanglier Gallo-romain de Luxembourg \u00bb en bronze; taille originale - Museal Editions","og_description":"sculpture en bronze est reproduite \u00e0 l\u2019\u00e9chelle 1\/1, et respecte parfaitement les d\u00e9tails de ciselure de l\u2019\u0153uvre originale. Num\u00e9rot\u00e9e de 1\/100 \u00e0 100\/100","og_url":"https:\/\/museal.com\/fr\/produit\/sanglier-gallo-romain-de-luxembourg-en-bronze-taille-originale\/","og_site_name":"Museal Editions","article_modified_time":"2026-04-16T07:53:48+00:00","og_image":[{"width":1500,"height":2000,"url":"https:\/\/museal.com\/wp-content\/uploads\/2022\/11\/sanglier-GM.jpg","type":"image\/jpeg"}],"twitter_card":"summary_large_image","schema":{"@context":"https:\/\/schema.org","@graph":[{"@type":"WebPage","@id":"https:\/\/museal.com\/fr\/produit\/sanglier-gallo-romain-de-luxembourg-en-bronze-taille-originale\/","url":"https:\/\/museal.com\/fr\/produit\/sanglier-gallo-romain-de-luxembourg-en-bronze-taille-originale\/","name":"Sanglier Gallo-romain de Luxembourg \u00bb en bronze; taille originale - Museal Editions","isPartOf":{"@id":"https:\/\/museal.com\/fr\/#website"},"primaryImageOfPage":{"@id":"https:\/\/museal.com\/fr\/produit\/sanglier-gallo-romain-de-luxembourg-en-bronze-taille-originale\/#primaryimage"},"image":{"@id":"https:\/\/museal.com\/fr\/produit\/sanglier-gallo-romain-de-luxembourg-en-bronze-taille-originale\/#primaryimage"},"thumbnailUrl":"https:\/\/museal.com\/wp-content\/uploads\/2022\/11\/sanglier-GM.jpg","datePublished":"2022-11-03T10:45:38+00:00","dateModified":"2026-04-16T07:53:48+00:00","description":"sculpture en bronze est reproduite \u00e0 l\u2019\u00e9chelle 1\/1, et respecte parfaitement les d\u00e9tails de ciselure de l\u2019\u0153uvre originale. Num\u00e9rot\u00e9e de 1\/100 \u00e0 100\/100","breadcrumb":{"@id":"https:\/\/museal.com\/fr\/produit\/sanglier-gallo-romain-de-luxembourg-en-bronze-taille-originale\/#breadcrumb"},"inLanguage":"fr-FR","potentialAction":[{"@type":"ReadAction","target":["https:\/\/museal.com\/fr\/produit\/sanglier-gallo-romain-de-luxembourg-en-bronze-taille-originale\/"]}]},{"@type":"ImageObject","inLanguage":"fr-FR","@id":"https:\/\/museal.com\/fr\/produit\/sanglier-gallo-romain-de-luxembourg-en-bronze-taille-originale\/#primaryimage","url":"https:\/\/museal.com\/wp-content\/uploads\/2022\/11\/sanglier-GM.jpg","contentUrl":"https:\/\/museal.com\/wp-content\/uploads\/2022\/11\/sanglier-GM.jpg","width":1500,"height":2000},{"@type":"BreadcrumbList","@id":"https:\/\/museal.com\/fr\/produit\/sanglier-gallo-romain-de-luxembourg-en-bronze-taille-originale\/#breadcrumb","itemListElement":[{"@type":"ListItem","position":1,"name":"Accueil","item":"https:\/\/museal.com\/fr\/"},{"@type":"ListItem","position":2,"name":"Boutique","item":"https:\/\/museal.com\/fr\/boutique\/"},{"@type":"ListItem","position":3,"name":"Sanglier Gallo-romain de Luxembourg \u00bb en bronze; taille originale"}]},{"@type":"WebSite","@id":"https:\/\/museal.com\/fr\/#website","url":"https:\/\/museal.com\/fr\/","name":"Museal Editions","description":"Objets d&#039;art et de d\u00e9coration inspir\u00e9s du Patrimoine luxembourgeois","publisher":{"@id":"https:\/\/museal.com\/fr\/#organization"},"potentialAction":[{"@type":"SearchAction","target":{"@type":"EntryPoint","urlTemplate":"https:\/\/museal.com\/fr\/?s={search_term_string}"},"query-input":{"@type":"PropertyValueSpecification","valueRequired":true,"valueName":"search_term_string"}}],"inLanguage":"fr-FR"},{"@type":"Organization","@id":"https:\/\/museal.com\/fr\/#organization","name":"Museal Editions","url":"https:\/\/museal.com\/fr\/","logo":{"@type":"ImageObject","inLanguage":"fr-FR","@id":"https:\/\/museal.com\/fr\/#\/schema\/logo\/image\/","url":"https:\/\/museal.com\/wp-content\/uploads\/2021\/05\/logo-e1621950424453.jpg","contentUrl":"https:\/\/museal.com\/wp-content\/uploads\/2021\/05\/logo-e1621950424453.jpg","width":732,"height":574,"caption":"Museal Editions"},"image":{"@id":"https:\/\/museal.com\/fr\/#\/schema\/logo\/image\/"}}]}},"_links":{"self":[{"href":"https:\/\/museal.com\/fr\/wp-json\/wp\/v2\/product\/14391","targetHints":{"allow":["GET"]}}],"collection":[{"href":"https:\/\/museal.com\/fr\/wp-json\/wp\/v2\/product"}],"about":[{"href":"https:\/\/museal.com\/fr\/wp-json\/wp\/v2\/types\/product"}],"wp:featuredmedia":[{"embeddable":true,"href":"https:\/\/museal.com\/fr\/wp-json\/wp\/v2\/media\/14392"}],"wp:attachment":[{"href":"https:\/\/museal.com\/fr\/wp-json\/wp\/v2\/media?parent=14391"}],"wp:term":[{"taxonomy":"product_brand","embeddable":true,"href":"https:\/\/museal.com\/fr\/wp-json\/wp\/v2\/product_brand?post=14391"},{"taxonomy":"product_cat","embeddable":true,"href":"https:\/\/museal.com\/fr\/wp-json\/wp\/v2\/product_cat?post=14391"},{"taxonomy":"product_tag","embeddable":true,"href":"https:\/\/museal.com\/fr\/wp-json\/wp\/v2\/product_tag?post=14391"}],"curies":[{"name":"wp","href":"https:\/\/api.w.org\/{rel}","templated":true}]}}