{"id":14461,"date":"2023-01-30T12:25:54","date_gmt":"2023-01-30T11:25:54","guid":{"rendered":"https:\/\/www.museal.com\/?post_type=product&#038;p=14461"},"modified":"2025-06-26T11:47:11","modified_gmt":"2025-06-26T09:47:11","slug":"la-tasse-sosthene-weis","status":"publish","type":"product","link":"https:\/\/museal.com\/fr\/produit\/la-tasse-sosthene-weis\/","title":{"rendered":"La tasse \u00ab Sosth\u00e8ne Weis \u00bb"},"content":{"rendered":"<p>Influenc\u00e9 par les vues oniriques de William Turner, Sosth\u00e8ne Weis s&#8217;est plu \u00e0 repr\u00e9senter des vues de la vieille ville de Luxembourg dans un souci d&#8217;exactitude architecturale baign\u00e9e d&#8217;une douce po\u00e9sie.<\/p>\n","protected":false},"excerpt":{"rendered":"<p>Museal a \u00e9dit\u00e9 cette tasse en porcelaine illustrant une des vues de la vieille ville de Luxembourg, r\u00e9alis\u00e9e par Sosth\u00e8ne Weis, un des meilleurs peintres luxembourgeois. La tasse pr\u00e9sente sur le dos la signature de l\u2019artiste.<\/p>\n<p>Dimensions\u00a0: Hauteur 9 cm diam\u00e8tre 7,5 cm poids 300 gr.<\/p>\n","protected":false},"featured_media":14462,"template":"","meta":[],"product_brand":[],"product_cat":[140],"product_tag":[],"class_list":{"0":"post-14461","1":"product","2":"type-product","3":"status-publish","4":"has-post-thumbnail","6":"product_cat-art-et-vin-art-de-la-table","8":"first","9":"instock","10":"taxable","11":"shipping-taxable","12":"purchasable","13":"product-type-simple"},"yoast_head":"<!-- This site is optimized with the Yoast SEO plugin v27.3 - https:\/\/yoast.com\/product\/yoast-seo-wordpress\/ -->\n<title>La tasse \u00ab Sosth\u00e8ne Weis \u00bb - Museal Editions<\/title>\n<meta name=\"description\" content=\"tasse en porcelaine illustrant une des vues de la vieille ville de Luxembourg, r\u00e9alis\u00e9e par Sosth\u00e8ne Weis, un des meilleurs peintres luxembourgeois.\" \/>\n<meta name=\"robots\" content=\"index, follow, max-snippet:-1, max-image-preview:large, max-video-preview:-1\" \/>\n<link rel=\"canonical\" href=\"https:\/\/museal.com\/fr\/produit\/la-tasse-sosthene-weis\/\" \/>\n<meta property=\"og:locale\" content=\"fr_FR\" \/>\n<meta property=\"og:type\" content=\"article\" \/>\n<meta property=\"og:title\" content=\"La tasse \u00ab Sosth\u00e8ne Weis \u00bb - Museal Editions\" \/>\n<meta property=\"og:description\" content=\"tasse en porcelaine illustrant une des vues de la vieille ville de Luxembourg, r\u00e9alis\u00e9e par Sosth\u00e8ne Weis, un des meilleurs peintres luxembourgeois.\" \/>\n<meta property=\"og:url\" content=\"https:\/\/museal.com\/fr\/produit\/la-tasse-sosthene-weis\/\" \/>\n<meta property=\"og:site_name\" content=\"Museal Editions\" \/>\n<meta property=\"article:modified_time\" content=\"2025-06-26T09:47:11+00:00\" \/>\n<meta property=\"og:image\" content=\"https:\/\/museal.com\/wp-content\/uploads\/2023\/01\/Mug-Sosthene-Weis.jpg\" \/>\n\t<meta property=\"og:image:width\" content=\"1200\" \/>\n\t<meta property=\"og:image:height\" content=\"1500\" \/>\n\t<meta property=\"og:image:type\" content=\"image\/jpeg\" \/>\n<meta name=\"twitter:card\" content=\"summary_large_image\" \/>\n<script type=\"application\/ld+json\" class=\"yoast-schema-graph\">{\"@context\":\"https:\\\/\\\/schema.org\",\"@graph\":[{\"@type\":\"WebPage\",\"@id\":\"https:\\\/\\\/museal.com\\\/fr\\\/produit\\\/la-tasse-sosthene-weis\\\/\",\"url\":\"https:\\\/\\\/museal.com\\\/fr\\\/produit\\\/la-tasse-sosthene-weis\\\/\",\"name\":\"La tasse \u00ab Sosth\u00e8ne Weis \u00bb - Museal Editions\",\"isPartOf\":{\"@id\":\"https:\\\/\\\/museal.com\\\/fr\\\/#website\"},\"primaryImageOfPage\":{\"@id\":\"https:\\\/\\\/museal.com\\\/fr\\\/produit\\\/la-tasse-sosthene-weis\\\/#primaryimage\"},\"image\":{\"@id\":\"https:\\\/\\\/museal.com\\\/fr\\\/produit\\\/la-tasse-sosthene-weis\\\/#primaryimage\"},\"thumbnailUrl\":\"https:\\\/\\\/museal.com\\\/wp-content\\\/uploads\\\/2023\\\/01\\\/Mug-Sosthene-Weis.jpg\",\"datePublished\":\"2023-01-30T11:25:54+00:00\",\"dateModified\":\"2025-06-26T09:47:11+00:00\",\"description\":\"tasse en porcelaine illustrant une des vues de la vieille ville de Luxembourg, r\u00e9alis\u00e9e par Sosth\u00e8ne Weis, un des meilleurs peintres luxembourgeois.\",\"breadcrumb\":{\"@id\":\"https:\\\/\\\/museal.com\\\/fr\\\/produit\\\/la-tasse-sosthene-weis\\\/#breadcrumb\"},\"inLanguage\":\"fr-FR\",\"potentialAction\":[{\"@type\":\"ReadAction\",\"target\":[\"https:\\\/\\\/museal.com\\\/fr\\\/produit\\\/la-tasse-sosthene-weis\\\/\"]}]},{\"@type\":\"ImageObject\",\"inLanguage\":\"fr-FR\",\"@id\":\"https:\\\/\\\/museal.com\\\/fr\\\/produit\\\/la-tasse-sosthene-weis\\\/#primaryimage\",\"url\":\"https:\\\/\\\/museal.com\\\/wp-content\\\/uploads\\\/2023\\\/01\\\/Mug-Sosthene-Weis.jpg\",\"contentUrl\":\"https:\\\/\\\/museal.com\\\/wp-content\\\/uploads\\\/2023\\\/01\\\/Mug-Sosthene-Weis.jpg\",\"width\":1200,\"height\":1500},{\"@type\":\"BreadcrumbList\",\"@id\":\"https:\\\/\\\/museal.com\\\/fr\\\/produit\\\/la-tasse-sosthene-weis\\\/#breadcrumb\",\"itemListElement\":[{\"@type\":\"ListItem\",\"position\":1,\"name\":\"Accueil\",\"item\":\"https:\\\/\\\/museal.com\\\/fr\\\/\"},{\"@type\":\"ListItem\",\"position\":2,\"name\":\"Boutique\",\"item\":\"https:\\\/\\\/museal.com\\\/fr\\\/boutique\\\/\"},{\"@type\":\"ListItem\",\"position\":3,\"name\":\"La tasse \u00ab Sosth\u00e8ne Weis \u00bb\"}]},{\"@type\":\"WebSite\",\"@id\":\"https:\\\/\\\/museal.com\\\/fr\\\/#website\",\"url\":\"https:\\\/\\\/museal.com\\\/fr\\\/\",\"name\":\"Museal Editions\",\"description\":\"Objets d&#039;art et de d\u00e9coration inspir\u00e9s du Patrimoine luxembourgeois\",\"publisher\":{\"@id\":\"https:\\\/\\\/museal.com\\\/fr\\\/#organization\"},\"potentialAction\":[{\"@type\":\"SearchAction\",\"target\":{\"@type\":\"EntryPoint\",\"urlTemplate\":\"https:\\\/\\\/museal.com\\\/fr\\\/?s={search_term_string}\"},\"query-input\":{\"@type\":\"PropertyValueSpecification\",\"valueRequired\":true,\"valueName\":\"search_term_string\"}}],\"inLanguage\":\"fr-FR\"},{\"@type\":\"Organization\",\"@id\":\"https:\\\/\\\/museal.com\\\/fr\\\/#organization\",\"name\":\"Museal Editions\",\"url\":\"https:\\\/\\\/museal.com\\\/fr\\\/\",\"logo\":{\"@type\":\"ImageObject\",\"inLanguage\":\"fr-FR\",\"@id\":\"https:\\\/\\\/museal.com\\\/fr\\\/#\\\/schema\\\/logo\\\/image\\\/\",\"url\":\"https:\\\/\\\/museal.com\\\/wp-content\\\/uploads\\\/2021\\\/05\\\/logo-e1621950424453.jpg\",\"contentUrl\":\"https:\\\/\\\/museal.com\\\/wp-content\\\/uploads\\\/2021\\\/05\\\/logo-e1621950424453.jpg\",\"width\":732,\"height\":574,\"caption\":\"Museal Editions\"},\"image\":{\"@id\":\"https:\\\/\\\/museal.com\\\/fr\\\/#\\\/schema\\\/logo\\\/image\\\/\"}}]}<\/script>\n<!-- \/ Yoast SEO plugin. -->","yoast_head_json":{"title":"La tasse \u00ab Sosth\u00e8ne Weis \u00bb - Museal Editions","description":"tasse en porcelaine illustrant une des vues de la vieille ville de Luxembourg, r\u00e9alis\u00e9e par Sosth\u00e8ne Weis, un des meilleurs peintres luxembourgeois.","robots":{"index":"index","follow":"follow","max-snippet":"max-snippet:-1","max-image-preview":"max-image-preview:large","max-video-preview":"max-video-preview:-1"},"canonical":"https:\/\/museal.com\/fr\/produit\/la-tasse-sosthene-weis\/","og_locale":"fr_FR","og_type":"article","og_title":"La tasse \u00ab Sosth\u00e8ne Weis \u00bb - Museal Editions","og_description":"tasse en porcelaine illustrant une des vues de la vieille ville de Luxembourg, r\u00e9alis\u00e9e par Sosth\u00e8ne Weis, un des meilleurs peintres luxembourgeois.","og_url":"https:\/\/museal.com\/fr\/produit\/la-tasse-sosthene-weis\/","og_site_name":"Museal Editions","article_modified_time":"2025-06-26T09:47:11+00:00","og_image":[{"width":1200,"height":1500,"url":"https:\/\/museal.com\/wp-content\/uploads\/2023\/01\/Mug-Sosthene-Weis.jpg","type":"image\/jpeg"}],"twitter_card":"summary_large_image","schema":{"@context":"https:\/\/schema.org","@graph":[{"@type":"WebPage","@id":"https:\/\/museal.com\/fr\/produit\/la-tasse-sosthene-weis\/","url":"https:\/\/museal.com\/fr\/produit\/la-tasse-sosthene-weis\/","name":"La tasse \u00ab Sosth\u00e8ne Weis \u00bb - Museal Editions","isPartOf":{"@id":"https:\/\/museal.com\/fr\/#website"},"primaryImageOfPage":{"@id":"https:\/\/museal.com\/fr\/produit\/la-tasse-sosthene-weis\/#primaryimage"},"image":{"@id":"https:\/\/museal.com\/fr\/produit\/la-tasse-sosthene-weis\/#primaryimage"},"thumbnailUrl":"https:\/\/museal.com\/wp-content\/uploads\/2023\/01\/Mug-Sosthene-Weis.jpg","datePublished":"2023-01-30T11:25:54+00:00","dateModified":"2025-06-26T09:47:11+00:00","description":"tasse en porcelaine illustrant une des vues de la vieille ville de Luxembourg, r\u00e9alis\u00e9e par Sosth\u00e8ne Weis, un des meilleurs peintres luxembourgeois.","breadcrumb":{"@id":"https:\/\/museal.com\/fr\/produit\/la-tasse-sosthene-weis\/#breadcrumb"},"inLanguage":"fr-FR","potentialAction":[{"@type":"ReadAction","target":["https:\/\/museal.com\/fr\/produit\/la-tasse-sosthene-weis\/"]}]},{"@type":"ImageObject","inLanguage":"fr-FR","@id":"https:\/\/museal.com\/fr\/produit\/la-tasse-sosthene-weis\/#primaryimage","url":"https:\/\/museal.com\/wp-content\/uploads\/2023\/01\/Mug-Sosthene-Weis.jpg","contentUrl":"https:\/\/museal.com\/wp-content\/uploads\/2023\/01\/Mug-Sosthene-Weis.jpg","width":1200,"height":1500},{"@type":"BreadcrumbList","@id":"https:\/\/museal.com\/fr\/produit\/la-tasse-sosthene-weis\/#breadcrumb","itemListElement":[{"@type":"ListItem","position":1,"name":"Accueil","item":"https:\/\/museal.com\/fr\/"},{"@type":"ListItem","position":2,"name":"Boutique","item":"https:\/\/museal.com\/fr\/boutique\/"},{"@type":"ListItem","position":3,"name":"La tasse \u00ab Sosth\u00e8ne Weis \u00bb"}]},{"@type":"WebSite","@id":"https:\/\/museal.com\/fr\/#website","url":"https:\/\/museal.com\/fr\/","name":"Museal Editions","description":"Objets d&#039;art et de d\u00e9coration inspir\u00e9s du Patrimoine luxembourgeois","publisher":{"@id":"https:\/\/museal.com\/fr\/#organization"},"potentialAction":[{"@type":"SearchAction","target":{"@type":"EntryPoint","urlTemplate":"https:\/\/museal.com\/fr\/?s={search_term_string}"},"query-input":{"@type":"PropertyValueSpecification","valueRequired":true,"valueName":"search_term_string"}}],"inLanguage":"fr-FR"},{"@type":"Organization","@id":"https:\/\/museal.com\/fr\/#organization","name":"Museal Editions","url":"https:\/\/museal.com\/fr\/","logo":{"@type":"ImageObject","inLanguage":"fr-FR","@id":"https:\/\/museal.com\/fr\/#\/schema\/logo\/image\/","url":"https:\/\/museal.com\/wp-content\/uploads\/2021\/05\/logo-e1621950424453.jpg","contentUrl":"https:\/\/museal.com\/wp-content\/uploads\/2021\/05\/logo-e1621950424453.jpg","width":732,"height":574,"caption":"Museal Editions"},"image":{"@id":"https:\/\/museal.com\/fr\/#\/schema\/logo\/image\/"}}]}},"_links":{"self":[{"href":"https:\/\/museal.com\/fr\/wp-json\/wp\/v2\/product\/14461","targetHints":{"allow":["GET"]}}],"collection":[{"href":"https:\/\/museal.com\/fr\/wp-json\/wp\/v2\/product"}],"about":[{"href":"https:\/\/museal.com\/fr\/wp-json\/wp\/v2\/types\/product"}],"wp:featuredmedia":[{"embeddable":true,"href":"https:\/\/museal.com\/fr\/wp-json\/wp\/v2\/media\/14462"}],"wp:attachment":[{"href":"https:\/\/museal.com\/fr\/wp-json\/wp\/v2\/media?parent=14461"}],"wp:term":[{"taxonomy":"product_brand","embeddable":true,"href":"https:\/\/museal.com\/fr\/wp-json\/wp\/v2\/product_brand?post=14461"},{"taxonomy":"product_cat","embeddable":true,"href":"https:\/\/museal.com\/fr\/wp-json\/wp\/v2\/product_cat?post=14461"},{"taxonomy":"product_tag","embeddable":true,"href":"https:\/\/museal.com\/fr\/wp-json\/wp\/v2\/product_tag?post=14461"}],"curies":[{"name":"wp","href":"https:\/\/api.w.org\/{rel}","templated":true}]}}