{"id":14714,"date":"2023-11-22T11:21:26","date_gmt":"2023-11-22T10:21:26","guid":{"rendered":"https:\/\/museal.com\/?post_type=product&#038;p=14714"},"modified":"2025-12-10T10:52:51","modified_gmt":"2025-12-10T09:52:51","slug":"flute-a-champagne-gelle-fra-par-sophia-rein","status":"publish","type":"product","link":"https:\/\/museal.com\/fr\/produit\/flute-a-champagne-gelle-fra-par-sophia-rein\/","title":{"rendered":"Fl\u00fbte \u00e0 champagne &#8220;G\u00eblle Fra&#8221;, par Sophia Rein"},"content":{"rendered":"<p>Issue d\u2019une famille de peintres et de photographes, Sophia Rein travaille et vit \u00e0 Luxembourg depuis 2006. Durant ses \u00e9tudes de sciences politiques \u00e0 Strasbourg, elle se penche sur le r\u00f4le de l\u2019art dans la soci\u00e9t\u00e9. Une formation en histoire de l\u2019art contemporain au Mudam et \u00e0 l\u2019Institut de la Photographie \u00e0 Paris contribuent \u00e0 l\u2019\u00e9volution de sa d\u00e9marche et au perfectionnement de sa technique particuli\u00e8re de \u00ab photo-peinture \u00bb.<\/p>\n","protected":false},"excerpt":{"rendered":"<p>Nouvelle \u00e9dition du fl\u00fbte en cristallin souffl\u00e9 \u00e0 la canne, portant sur le th\u00e8me de la G\u00eblle Fra, interpr\u00e9t\u00e9 par l\u2019artiste Sophia Rein. Cette fl\u00fbte est une \u00e9dition limit\u00e9e \u00e0 120 exemplaires et porte la signature de l\u2019artiste. Pr\u00e9sent\u00e9e dans un coffret cadeau.<\/p>\n<p>Dimension fl\u00fbte: hauteur 24cm, diam\u00e8tre 8cm, contenant 150ml.<\/p>\n","protected":false},"featured_media":14755,"template":"","meta":[],"product_brand":[],"product_cat":[140],"product_tag":[],"class_list":{"0":"post-14714","1":"product","2":"type-product","3":"status-publish","4":"has-post-thumbnail","6":"product_cat-art-et-vin-art-de-la-table","8":"first","9":"instock","10":"taxable","11":"shipping-taxable","12":"purchasable","13":"product-type-variable"},"yoast_head":"<!-- This site is optimized with the Yoast SEO plugin v27.3 - https:\/\/yoast.com\/product\/yoast-seo-wordpress\/ -->\n<title>Fl\u00fbte \u00e0 champagne &quot;G\u00eblle Fra&quot;, par Sophia Rein - Museal Editions<\/title>\n<meta name=\"description\" content=\"Nouvelle \u00e9dition du fl\u00fbte en cristallin souffl\u00e9 \u00e0 la canne, portant sur le th\u00e8me de la G\u00eblle Fra, interpr\u00e9t\u00e9 par l\u2019artiste Sophia Rein.\" \/>\n<meta name=\"robots\" content=\"index, follow, max-snippet:-1, max-image-preview:large, max-video-preview:-1\" \/>\n<link rel=\"canonical\" href=\"https:\/\/museal.com\/fr\/produit\/flute-a-champagne-gelle-fra-par-sophia-rein\/\" \/>\n<meta property=\"og:locale\" content=\"fr_FR\" \/>\n<meta property=\"og:type\" content=\"article\" \/>\n<meta property=\"og:title\" content=\"Fl\u00fbte \u00e0 champagne &quot;G\u00eblle Fra&quot;, par Sophia Rein - Museal Editions\" \/>\n<meta property=\"og:description\" content=\"Nouvelle \u00e9dition du fl\u00fbte en cristallin souffl\u00e9 \u00e0 la canne, portant sur le th\u00e8me de la G\u00eblle Fra, interpr\u00e9t\u00e9 par l\u2019artiste Sophia Rein.\" \/>\n<meta property=\"og:url\" content=\"https:\/\/museal.com\/fr\/produit\/flute-a-champagne-gelle-fra-par-sophia-rein\/\" \/>\n<meta property=\"og:site_name\" content=\"Museal Editions\" \/>\n<meta property=\"article:modified_time\" content=\"2025-12-10T09:52:51+00:00\" \/>\n<meta property=\"og:image\" content=\"https:\/\/museal.com\/wp-content\/uploads\/2023\/11\/flute-Sophia-Rein-nouvelle-1.jpg\" \/>\n\t<meta property=\"og:image:width\" content=\"1500\" \/>\n\t<meta property=\"og:image:height\" content=\"2000\" \/>\n\t<meta property=\"og:image:type\" content=\"image\/jpeg\" \/>\n<meta name=\"twitter:card\" content=\"summary_large_image\" \/>\n<script type=\"application\/ld+json\" class=\"yoast-schema-graph\">{\"@context\":\"https:\\\/\\\/schema.org\",\"@graph\":[{\"@type\":\"WebPage\",\"@id\":\"https:\\\/\\\/museal.com\\\/fr\\\/produit\\\/flute-a-champagne-gelle-fra-par-sophia-rein\\\/\",\"url\":\"https:\\\/\\\/museal.com\\\/fr\\\/produit\\\/flute-a-champagne-gelle-fra-par-sophia-rein\\\/\",\"name\":\"Fl\u00fbte \u00e0 champagne \\\"G\u00eblle Fra\\\", par Sophia Rein - Museal Editions\",\"isPartOf\":{\"@id\":\"https:\\\/\\\/museal.com\\\/fr\\\/#website\"},\"primaryImageOfPage\":{\"@id\":\"https:\\\/\\\/museal.com\\\/fr\\\/produit\\\/flute-a-champagne-gelle-fra-par-sophia-rein\\\/#primaryimage\"},\"image\":{\"@id\":\"https:\\\/\\\/museal.com\\\/fr\\\/produit\\\/flute-a-champagne-gelle-fra-par-sophia-rein\\\/#primaryimage\"},\"thumbnailUrl\":\"https:\\\/\\\/museal.com\\\/wp-content\\\/uploads\\\/2023\\\/11\\\/flute-Sophia-Rein-nouvelle-1.jpg\",\"datePublished\":\"2023-11-22T10:21:26+00:00\",\"dateModified\":\"2025-12-10T09:52:51+00:00\",\"description\":\"Nouvelle \u00e9dition du fl\u00fbte en cristallin souffl\u00e9 \u00e0 la canne, portant sur le th\u00e8me de la G\u00eblle Fra, interpr\u00e9t\u00e9 par l\u2019artiste Sophia Rein.\",\"breadcrumb\":{\"@id\":\"https:\\\/\\\/museal.com\\\/fr\\\/produit\\\/flute-a-champagne-gelle-fra-par-sophia-rein\\\/#breadcrumb\"},\"inLanguage\":\"fr-FR\",\"potentialAction\":[{\"@type\":\"ReadAction\",\"target\":[\"https:\\\/\\\/museal.com\\\/fr\\\/produit\\\/flute-a-champagne-gelle-fra-par-sophia-rein\\\/\"]}]},{\"@type\":\"ImageObject\",\"inLanguage\":\"fr-FR\",\"@id\":\"https:\\\/\\\/museal.com\\\/fr\\\/produit\\\/flute-a-champagne-gelle-fra-par-sophia-rein\\\/#primaryimage\",\"url\":\"https:\\\/\\\/museal.com\\\/wp-content\\\/uploads\\\/2023\\\/11\\\/flute-Sophia-Rein-nouvelle-1.jpg\",\"contentUrl\":\"https:\\\/\\\/museal.com\\\/wp-content\\\/uploads\\\/2023\\\/11\\\/flute-Sophia-Rein-nouvelle-1.jpg\",\"width\":1500,\"height\":2000},{\"@type\":\"BreadcrumbList\",\"@id\":\"https:\\\/\\\/museal.com\\\/fr\\\/produit\\\/flute-a-champagne-gelle-fra-par-sophia-rein\\\/#breadcrumb\",\"itemListElement\":[{\"@type\":\"ListItem\",\"position\":1,\"name\":\"Accueil\",\"item\":\"https:\\\/\\\/museal.com\\\/fr\\\/\"},{\"@type\":\"ListItem\",\"position\":2,\"name\":\"Boutique\",\"item\":\"https:\\\/\\\/museal.com\\\/fr\\\/boutique\\\/\"},{\"@type\":\"ListItem\",\"position\":3,\"name\":\"Fl\u00fbte \u00e0 champagne &#8220;G\u00eblle Fra&#8221;, par Sophia Rein\"}]},{\"@type\":\"WebSite\",\"@id\":\"https:\\\/\\\/museal.com\\\/fr\\\/#website\",\"url\":\"https:\\\/\\\/museal.com\\\/fr\\\/\",\"name\":\"Museal Editions\",\"description\":\"Objets d&#039;art et de d\u00e9coration inspir\u00e9s du Patrimoine luxembourgeois\",\"publisher\":{\"@id\":\"https:\\\/\\\/museal.com\\\/fr\\\/#organization\"},\"potentialAction\":[{\"@type\":\"SearchAction\",\"target\":{\"@type\":\"EntryPoint\",\"urlTemplate\":\"https:\\\/\\\/museal.com\\\/fr\\\/?s={search_term_string}\"},\"query-input\":{\"@type\":\"PropertyValueSpecification\",\"valueRequired\":true,\"valueName\":\"search_term_string\"}}],\"inLanguage\":\"fr-FR\"},{\"@type\":\"Organization\",\"@id\":\"https:\\\/\\\/museal.com\\\/fr\\\/#organization\",\"name\":\"Museal Editions\",\"url\":\"https:\\\/\\\/museal.com\\\/fr\\\/\",\"logo\":{\"@type\":\"ImageObject\",\"inLanguage\":\"fr-FR\",\"@id\":\"https:\\\/\\\/museal.com\\\/fr\\\/#\\\/schema\\\/logo\\\/image\\\/\",\"url\":\"https:\\\/\\\/museal.com\\\/wp-content\\\/uploads\\\/2021\\\/05\\\/logo-e1621950424453.jpg\",\"contentUrl\":\"https:\\\/\\\/museal.com\\\/wp-content\\\/uploads\\\/2021\\\/05\\\/logo-e1621950424453.jpg\",\"width\":732,\"height\":574,\"caption\":\"Museal Editions\"},\"image\":{\"@id\":\"https:\\\/\\\/museal.com\\\/fr\\\/#\\\/schema\\\/logo\\\/image\\\/\"}}]}<\/script>\n<!-- \/ Yoast SEO plugin. -->","yoast_head_json":{"title":"Fl\u00fbte \u00e0 champagne \"G\u00eblle Fra\", par Sophia Rein - Museal Editions","description":"Nouvelle \u00e9dition du fl\u00fbte en cristallin souffl\u00e9 \u00e0 la canne, portant sur le th\u00e8me de la G\u00eblle Fra, interpr\u00e9t\u00e9 par l\u2019artiste Sophia Rein.","robots":{"index":"index","follow":"follow","max-snippet":"max-snippet:-1","max-image-preview":"max-image-preview:large","max-video-preview":"max-video-preview:-1"},"canonical":"https:\/\/museal.com\/fr\/produit\/flute-a-champagne-gelle-fra-par-sophia-rein\/","og_locale":"fr_FR","og_type":"article","og_title":"Fl\u00fbte \u00e0 champagne \"G\u00eblle Fra\", par Sophia Rein - Museal Editions","og_description":"Nouvelle \u00e9dition du fl\u00fbte en cristallin souffl\u00e9 \u00e0 la canne, portant sur le th\u00e8me de la G\u00eblle Fra, interpr\u00e9t\u00e9 par l\u2019artiste Sophia Rein.","og_url":"https:\/\/museal.com\/fr\/produit\/flute-a-champagne-gelle-fra-par-sophia-rein\/","og_site_name":"Museal Editions","article_modified_time":"2025-12-10T09:52:51+00:00","og_image":[{"width":1500,"height":2000,"url":"https:\/\/museal.com\/wp-content\/uploads\/2023\/11\/flute-Sophia-Rein-nouvelle-1.jpg","type":"image\/jpeg"}],"twitter_card":"summary_large_image","schema":{"@context":"https:\/\/schema.org","@graph":[{"@type":"WebPage","@id":"https:\/\/museal.com\/fr\/produit\/flute-a-champagne-gelle-fra-par-sophia-rein\/","url":"https:\/\/museal.com\/fr\/produit\/flute-a-champagne-gelle-fra-par-sophia-rein\/","name":"Fl\u00fbte \u00e0 champagne \"G\u00eblle Fra\", par Sophia Rein - Museal Editions","isPartOf":{"@id":"https:\/\/museal.com\/fr\/#website"},"primaryImageOfPage":{"@id":"https:\/\/museal.com\/fr\/produit\/flute-a-champagne-gelle-fra-par-sophia-rein\/#primaryimage"},"image":{"@id":"https:\/\/museal.com\/fr\/produit\/flute-a-champagne-gelle-fra-par-sophia-rein\/#primaryimage"},"thumbnailUrl":"https:\/\/museal.com\/wp-content\/uploads\/2023\/11\/flute-Sophia-Rein-nouvelle-1.jpg","datePublished":"2023-11-22T10:21:26+00:00","dateModified":"2025-12-10T09:52:51+00:00","description":"Nouvelle \u00e9dition du fl\u00fbte en cristallin souffl\u00e9 \u00e0 la canne, portant sur le th\u00e8me de la G\u00eblle Fra, interpr\u00e9t\u00e9 par l\u2019artiste Sophia Rein.","breadcrumb":{"@id":"https:\/\/museal.com\/fr\/produit\/flute-a-champagne-gelle-fra-par-sophia-rein\/#breadcrumb"},"inLanguage":"fr-FR","potentialAction":[{"@type":"ReadAction","target":["https:\/\/museal.com\/fr\/produit\/flute-a-champagne-gelle-fra-par-sophia-rein\/"]}]},{"@type":"ImageObject","inLanguage":"fr-FR","@id":"https:\/\/museal.com\/fr\/produit\/flute-a-champagne-gelle-fra-par-sophia-rein\/#primaryimage","url":"https:\/\/museal.com\/wp-content\/uploads\/2023\/11\/flute-Sophia-Rein-nouvelle-1.jpg","contentUrl":"https:\/\/museal.com\/wp-content\/uploads\/2023\/11\/flute-Sophia-Rein-nouvelle-1.jpg","width":1500,"height":2000},{"@type":"BreadcrumbList","@id":"https:\/\/museal.com\/fr\/produit\/flute-a-champagne-gelle-fra-par-sophia-rein\/#breadcrumb","itemListElement":[{"@type":"ListItem","position":1,"name":"Accueil","item":"https:\/\/museal.com\/fr\/"},{"@type":"ListItem","position":2,"name":"Boutique","item":"https:\/\/museal.com\/fr\/boutique\/"},{"@type":"ListItem","position":3,"name":"Fl\u00fbte \u00e0 champagne &#8220;G\u00eblle Fra&#8221;, par Sophia Rein"}]},{"@type":"WebSite","@id":"https:\/\/museal.com\/fr\/#website","url":"https:\/\/museal.com\/fr\/","name":"Museal Editions","description":"Objets d&#039;art et de d\u00e9coration inspir\u00e9s du Patrimoine luxembourgeois","publisher":{"@id":"https:\/\/museal.com\/fr\/#organization"},"potentialAction":[{"@type":"SearchAction","target":{"@type":"EntryPoint","urlTemplate":"https:\/\/museal.com\/fr\/?s={search_term_string}"},"query-input":{"@type":"PropertyValueSpecification","valueRequired":true,"valueName":"search_term_string"}}],"inLanguage":"fr-FR"},{"@type":"Organization","@id":"https:\/\/museal.com\/fr\/#organization","name":"Museal Editions","url":"https:\/\/museal.com\/fr\/","logo":{"@type":"ImageObject","inLanguage":"fr-FR","@id":"https:\/\/museal.com\/fr\/#\/schema\/logo\/image\/","url":"https:\/\/museal.com\/wp-content\/uploads\/2021\/05\/logo-e1621950424453.jpg","contentUrl":"https:\/\/museal.com\/wp-content\/uploads\/2021\/05\/logo-e1621950424453.jpg","width":732,"height":574,"caption":"Museal Editions"},"image":{"@id":"https:\/\/museal.com\/fr\/#\/schema\/logo\/image\/"}}]}},"_links":{"self":[{"href":"https:\/\/museal.com\/fr\/wp-json\/wp\/v2\/product\/14714","targetHints":{"allow":["GET"]}}],"collection":[{"href":"https:\/\/museal.com\/fr\/wp-json\/wp\/v2\/product"}],"about":[{"href":"https:\/\/museal.com\/fr\/wp-json\/wp\/v2\/types\/product"}],"wp:featuredmedia":[{"embeddable":true,"href":"https:\/\/museal.com\/fr\/wp-json\/wp\/v2\/media\/14755"}],"wp:attachment":[{"href":"https:\/\/museal.com\/fr\/wp-json\/wp\/v2\/media?parent=14714"}],"wp:term":[{"taxonomy":"product_brand","embeddable":true,"href":"https:\/\/museal.com\/fr\/wp-json\/wp\/v2\/product_brand?post=14714"},{"taxonomy":"product_cat","embeddable":true,"href":"https:\/\/museal.com\/fr\/wp-json\/wp\/v2\/product_cat?post=14714"},{"taxonomy":"product_tag","embeddable":true,"href":"https:\/\/museal.com\/fr\/wp-json\/wp\/v2\/product_tag?post=14714"}],"curies":[{"name":"wp","href":"https:\/\/api.w.org\/{rel}","templated":true}]}}