{"id":14738,"date":"2023-11-23T10:06:31","date_gmt":"2023-11-23T09:06:31","guid":{"rendered":"https:\/\/museal.com\/?post_type=product&#038;p=14738"},"modified":"2025-12-10T10:48:15","modified_gmt":"2025-12-10T09:48:15","slug":"sous-mains-en-cuir-avec-renert-embosse","status":"publish","type":"product","link":"https:\/\/museal.com\/fr\/produit\/sous-mains-en-cuir-avec-renert-embosse\/","title":{"rendered":"Sous-mains en cuir avec Renert emboss\u00e9"},"content":{"rendered":"<p>Le renard du Luxembourg est l\u2019\u0153uvre de Michel RODANGE (1827-1876), qui s\u2019inspire du \u00ab Reineke Fuchs \u00bb de GOETHE. Aujourd\u2019hui une \u00e9pop\u00e9e nationale, sa fable est une description satirique des personnages politiques de l\u2019\u00e9poque, \u00e0 travers 14 chants en langue luxembourgeoise.<br \/>\nL\u2019\u0153uvre originale, datant de 1932, est une cr\u00e9ation commune des sculpteurs DEMUTH et GROSBER, en hommage au po\u00e8te national Michel RODANGE. L\u2019original en pierre du \u00ab\u00a0Renert\u00a0\u00bb est conserv\u00e9 au Mus\u00e9e d\u2019Histoire de la Ville de Luxembourg, il a \u00e9t\u00e9 surmoul\u00e9 en 1981 pour donner naissance \u00e0 l\u2019exemplaire tr\u00f4nant sur la place Guillaume. L\u2019\u0153uvre a \u00e9t\u00e9 confi\u00e9e aux bons soins de l\u2019un des plus prestigieux ateliers de moulage officiant pour le Mus\u00e9e du Louvre, afin d\u2019en faire r\u00e9aliser une empreinte parfaite, reproduisant les moindres d\u00e9tails de l\u2019\u0153uvre.<\/p>\n","protected":false},"excerpt":{"rendered":"<p>Sous-mains en cuir v\u00e9ritable de haute qualit\u00e9, figurant le Renert emboss\u00e9 en bas \u00e0 droite. Le sous-main est disponible dans les couleurs rouge et taupe, et le dessous est en velours assorti, pour une tenue parfaite du sous-mains sur son support.<\/p>\n<p>Dimensions : 58,5 x 39,5 cm<\/p>\n","protected":false},"featured_media":15012,"template":"","meta":[],"product_brand":[],"product_cat":[141],"product_tag":[],"class_list":{"0":"post-14738","1":"product","2":"type-product","3":"status-publish","4":"has-post-thumbnail","6":"product_cat-maroquinerie","8":"first","9":"instock","10":"taxable","11":"shipping-taxable","12":"purchasable","13":"product-type-variable"},"yoast_head":"<!-- This site is optimized with the Yoast SEO plugin v27.3 - https:\/\/yoast.com\/product\/yoast-seo-wordpress\/ -->\n<title>Sous-mains en cuir avec Renert emboss\u00e9 - Museal Editions<\/title>\n<meta name=\"description\" content=\"Sous-mains en cuir v\u00e9ritable de haute qualit\u00e9, figurant le Renert emboss\u00e9 en bas \u00e0 droite. Disponible dans les couleurs rouge et taupe.\" \/>\n<meta name=\"robots\" content=\"index, follow, max-snippet:-1, max-image-preview:large, max-video-preview:-1\" \/>\n<link rel=\"canonical\" href=\"https:\/\/museal.com\/fr\/produit\/sous-mains-en-cuir-avec-renert-embosse\/\" \/>\n<meta property=\"og:locale\" content=\"fr_FR\" \/>\n<meta property=\"og:type\" content=\"article\" \/>\n<meta property=\"og:title\" content=\"Sous-mains en cuir avec Renert emboss\u00e9 - Museal Editions\" \/>\n<meta property=\"og:description\" content=\"Sous-mains en cuir v\u00e9ritable de haute qualit\u00e9, figurant le Renert emboss\u00e9 en bas \u00e0 droite. Disponible dans les couleurs rouge et taupe.\" \/>\n<meta property=\"og:url\" content=\"https:\/\/museal.com\/fr\/produit\/sous-mains-en-cuir-avec-renert-embosse\/\" \/>\n<meta property=\"og:site_name\" content=\"Museal Editions\" \/>\n<meta property=\"article:modified_time\" content=\"2025-12-10T09:48:15+00:00\" \/>\n<meta property=\"og:image\" content=\"https:\/\/museal.com\/wp-content\/uploads\/2023\/11\/sous-main-rouge-Photoroom.jpg\" \/>\n\t<meta property=\"og:image:width\" content=\"1512\" \/>\n\t<meta property=\"og:image:height\" content=\"2016\" \/>\n\t<meta property=\"og:image:type\" content=\"image\/jpeg\" \/>\n<meta name=\"twitter:card\" content=\"summary_large_image\" \/>\n<script type=\"application\/ld+json\" class=\"yoast-schema-graph\">{\"@context\":\"https:\\\/\\\/schema.org\",\"@graph\":[{\"@type\":\"WebPage\",\"@id\":\"https:\\\/\\\/museal.com\\\/fr\\\/produit\\\/sous-mains-en-cuir-avec-renert-embosse\\\/\",\"url\":\"https:\\\/\\\/museal.com\\\/fr\\\/produit\\\/sous-mains-en-cuir-avec-renert-embosse\\\/\",\"name\":\"Sous-mains en cuir avec Renert emboss\u00e9 - Museal Editions\",\"isPartOf\":{\"@id\":\"https:\\\/\\\/museal.com\\\/fr\\\/#website\"},\"primaryImageOfPage\":{\"@id\":\"https:\\\/\\\/museal.com\\\/fr\\\/produit\\\/sous-mains-en-cuir-avec-renert-embosse\\\/#primaryimage\"},\"image\":{\"@id\":\"https:\\\/\\\/museal.com\\\/fr\\\/produit\\\/sous-mains-en-cuir-avec-renert-embosse\\\/#primaryimage\"},\"thumbnailUrl\":\"https:\\\/\\\/museal.com\\\/wp-content\\\/uploads\\\/2023\\\/11\\\/sous-main-rouge-Photoroom.jpg\",\"datePublished\":\"2023-11-23T09:06:31+00:00\",\"dateModified\":\"2025-12-10T09:48:15+00:00\",\"description\":\"Sous-mains en cuir v\u00e9ritable de haute qualit\u00e9, figurant le Renert emboss\u00e9 en bas \u00e0 droite. Disponible dans les couleurs rouge et taupe.\",\"breadcrumb\":{\"@id\":\"https:\\\/\\\/museal.com\\\/fr\\\/produit\\\/sous-mains-en-cuir-avec-renert-embosse\\\/#breadcrumb\"},\"inLanguage\":\"fr-FR\",\"potentialAction\":[{\"@type\":\"ReadAction\",\"target\":[\"https:\\\/\\\/museal.com\\\/fr\\\/produit\\\/sous-mains-en-cuir-avec-renert-embosse\\\/\"]}]},{\"@type\":\"ImageObject\",\"inLanguage\":\"fr-FR\",\"@id\":\"https:\\\/\\\/museal.com\\\/fr\\\/produit\\\/sous-mains-en-cuir-avec-renert-embosse\\\/#primaryimage\",\"url\":\"https:\\\/\\\/museal.com\\\/wp-content\\\/uploads\\\/2023\\\/11\\\/sous-main-rouge-Photoroom.jpg\",\"contentUrl\":\"https:\\\/\\\/museal.com\\\/wp-content\\\/uploads\\\/2023\\\/11\\\/sous-main-rouge-Photoroom.jpg\",\"width\":1512,\"height\":2016},{\"@type\":\"BreadcrumbList\",\"@id\":\"https:\\\/\\\/museal.com\\\/fr\\\/produit\\\/sous-mains-en-cuir-avec-renert-embosse\\\/#breadcrumb\",\"itemListElement\":[{\"@type\":\"ListItem\",\"position\":1,\"name\":\"Accueil\",\"item\":\"https:\\\/\\\/museal.com\\\/fr\\\/\"},{\"@type\":\"ListItem\",\"position\":2,\"name\":\"Boutique\",\"item\":\"https:\\\/\\\/museal.com\\\/fr\\\/boutique\\\/\"},{\"@type\":\"ListItem\",\"position\":3,\"name\":\"Sous-mains en cuir avec Renert emboss\u00e9\"}]},{\"@type\":\"WebSite\",\"@id\":\"https:\\\/\\\/museal.com\\\/fr\\\/#website\",\"url\":\"https:\\\/\\\/museal.com\\\/fr\\\/\",\"name\":\"Museal Editions\",\"description\":\"Objets d&#039;art et de d\u00e9coration inspir\u00e9s du Patrimoine luxembourgeois\",\"publisher\":{\"@id\":\"https:\\\/\\\/museal.com\\\/fr\\\/#organization\"},\"potentialAction\":[{\"@type\":\"SearchAction\",\"target\":{\"@type\":\"EntryPoint\",\"urlTemplate\":\"https:\\\/\\\/museal.com\\\/fr\\\/?s={search_term_string}\"},\"query-input\":{\"@type\":\"PropertyValueSpecification\",\"valueRequired\":true,\"valueName\":\"search_term_string\"}}],\"inLanguage\":\"fr-FR\"},{\"@type\":\"Organization\",\"@id\":\"https:\\\/\\\/museal.com\\\/fr\\\/#organization\",\"name\":\"Museal Editions\",\"url\":\"https:\\\/\\\/museal.com\\\/fr\\\/\",\"logo\":{\"@type\":\"ImageObject\",\"inLanguage\":\"fr-FR\",\"@id\":\"https:\\\/\\\/museal.com\\\/fr\\\/#\\\/schema\\\/logo\\\/image\\\/\",\"url\":\"https:\\\/\\\/museal.com\\\/wp-content\\\/uploads\\\/2021\\\/05\\\/logo-e1621950424453.jpg\",\"contentUrl\":\"https:\\\/\\\/museal.com\\\/wp-content\\\/uploads\\\/2021\\\/05\\\/logo-e1621950424453.jpg\",\"width\":732,\"height\":574,\"caption\":\"Museal Editions\"},\"image\":{\"@id\":\"https:\\\/\\\/museal.com\\\/fr\\\/#\\\/schema\\\/logo\\\/image\\\/\"}}]}<\/script>\n<!-- \/ Yoast SEO plugin. -->","yoast_head_json":{"title":"Sous-mains en cuir avec Renert emboss\u00e9 - Museal Editions","description":"Sous-mains en cuir v\u00e9ritable de haute qualit\u00e9, figurant le Renert emboss\u00e9 en bas \u00e0 droite. Disponible dans les couleurs rouge et taupe.","robots":{"index":"index","follow":"follow","max-snippet":"max-snippet:-1","max-image-preview":"max-image-preview:large","max-video-preview":"max-video-preview:-1"},"canonical":"https:\/\/museal.com\/fr\/produit\/sous-mains-en-cuir-avec-renert-embosse\/","og_locale":"fr_FR","og_type":"article","og_title":"Sous-mains en cuir avec Renert emboss\u00e9 - Museal Editions","og_description":"Sous-mains en cuir v\u00e9ritable de haute qualit\u00e9, figurant le Renert emboss\u00e9 en bas \u00e0 droite. Disponible dans les couleurs rouge et taupe.","og_url":"https:\/\/museal.com\/fr\/produit\/sous-mains-en-cuir-avec-renert-embosse\/","og_site_name":"Museal Editions","article_modified_time":"2025-12-10T09:48:15+00:00","og_image":[{"width":1512,"height":2016,"url":"https:\/\/museal.com\/wp-content\/uploads\/2023\/11\/sous-main-rouge-Photoroom.jpg","type":"image\/jpeg"}],"twitter_card":"summary_large_image","schema":{"@context":"https:\/\/schema.org","@graph":[{"@type":"WebPage","@id":"https:\/\/museal.com\/fr\/produit\/sous-mains-en-cuir-avec-renert-embosse\/","url":"https:\/\/museal.com\/fr\/produit\/sous-mains-en-cuir-avec-renert-embosse\/","name":"Sous-mains en cuir avec Renert emboss\u00e9 - Museal Editions","isPartOf":{"@id":"https:\/\/museal.com\/fr\/#website"},"primaryImageOfPage":{"@id":"https:\/\/museal.com\/fr\/produit\/sous-mains-en-cuir-avec-renert-embosse\/#primaryimage"},"image":{"@id":"https:\/\/museal.com\/fr\/produit\/sous-mains-en-cuir-avec-renert-embosse\/#primaryimage"},"thumbnailUrl":"https:\/\/museal.com\/wp-content\/uploads\/2023\/11\/sous-main-rouge-Photoroom.jpg","datePublished":"2023-11-23T09:06:31+00:00","dateModified":"2025-12-10T09:48:15+00:00","description":"Sous-mains en cuir v\u00e9ritable de haute qualit\u00e9, figurant le Renert emboss\u00e9 en bas \u00e0 droite. Disponible dans les couleurs rouge et taupe.","breadcrumb":{"@id":"https:\/\/museal.com\/fr\/produit\/sous-mains-en-cuir-avec-renert-embosse\/#breadcrumb"},"inLanguage":"fr-FR","potentialAction":[{"@type":"ReadAction","target":["https:\/\/museal.com\/fr\/produit\/sous-mains-en-cuir-avec-renert-embosse\/"]}]},{"@type":"ImageObject","inLanguage":"fr-FR","@id":"https:\/\/museal.com\/fr\/produit\/sous-mains-en-cuir-avec-renert-embosse\/#primaryimage","url":"https:\/\/museal.com\/wp-content\/uploads\/2023\/11\/sous-main-rouge-Photoroom.jpg","contentUrl":"https:\/\/museal.com\/wp-content\/uploads\/2023\/11\/sous-main-rouge-Photoroom.jpg","width":1512,"height":2016},{"@type":"BreadcrumbList","@id":"https:\/\/museal.com\/fr\/produit\/sous-mains-en-cuir-avec-renert-embosse\/#breadcrumb","itemListElement":[{"@type":"ListItem","position":1,"name":"Accueil","item":"https:\/\/museal.com\/fr\/"},{"@type":"ListItem","position":2,"name":"Boutique","item":"https:\/\/museal.com\/fr\/boutique\/"},{"@type":"ListItem","position":3,"name":"Sous-mains en cuir avec Renert emboss\u00e9"}]},{"@type":"WebSite","@id":"https:\/\/museal.com\/fr\/#website","url":"https:\/\/museal.com\/fr\/","name":"Museal Editions","description":"Objets d&#039;art et de d\u00e9coration inspir\u00e9s du Patrimoine luxembourgeois","publisher":{"@id":"https:\/\/museal.com\/fr\/#organization"},"potentialAction":[{"@type":"SearchAction","target":{"@type":"EntryPoint","urlTemplate":"https:\/\/museal.com\/fr\/?s={search_term_string}"},"query-input":{"@type":"PropertyValueSpecification","valueRequired":true,"valueName":"search_term_string"}}],"inLanguage":"fr-FR"},{"@type":"Organization","@id":"https:\/\/museal.com\/fr\/#organization","name":"Museal Editions","url":"https:\/\/museal.com\/fr\/","logo":{"@type":"ImageObject","inLanguage":"fr-FR","@id":"https:\/\/museal.com\/fr\/#\/schema\/logo\/image\/","url":"https:\/\/museal.com\/wp-content\/uploads\/2021\/05\/logo-e1621950424453.jpg","contentUrl":"https:\/\/museal.com\/wp-content\/uploads\/2021\/05\/logo-e1621950424453.jpg","width":732,"height":574,"caption":"Museal Editions"},"image":{"@id":"https:\/\/museal.com\/fr\/#\/schema\/logo\/image\/"}}]}},"_links":{"self":[{"href":"https:\/\/museal.com\/fr\/wp-json\/wp\/v2\/product\/14738","targetHints":{"allow":["GET"]}}],"collection":[{"href":"https:\/\/museal.com\/fr\/wp-json\/wp\/v2\/product"}],"about":[{"href":"https:\/\/museal.com\/fr\/wp-json\/wp\/v2\/types\/product"}],"wp:featuredmedia":[{"embeddable":true,"href":"https:\/\/museal.com\/fr\/wp-json\/wp\/v2\/media\/15012"}],"wp:attachment":[{"href":"https:\/\/museal.com\/fr\/wp-json\/wp\/v2\/media?parent=14738"}],"wp:term":[{"taxonomy":"product_brand","embeddable":true,"href":"https:\/\/museal.com\/fr\/wp-json\/wp\/v2\/product_brand?post=14738"},{"taxonomy":"product_cat","embeddable":true,"href":"https:\/\/museal.com\/fr\/wp-json\/wp\/v2\/product_cat?post=14738"},{"taxonomy":"product_tag","embeddable":true,"href":"https:\/\/museal.com\/fr\/wp-json\/wp\/v2\/product_tag?post=14738"}],"curies":[{"name":"wp","href":"https:\/\/api.w.org\/{rel}","templated":true}]}}