{"id":15047,"date":"2025-09-04T11:17:27","date_gmt":"2025-09-04T09:17:27","guid":{"rendered":"https:\/\/museal.com\/?post_type=product&#038;p=15047"},"modified":"2026-04-02T10:57:12","modified_gmt":"2026-04-02T08:57:12","slug":"foulard-vue-de-luxembourg-par-sosthene-weis-en-soie","status":"publish","type":"product","link":"https:\/\/museal.com\/fr\/produit\/foulard-vue-de-luxembourg-par-sosthene-weis-en-soie\/","title":{"rendered":"Foulard &#8220;Vue de Luxembourg&#8221; par Sosth\u00e8ne Weis en soie"},"content":{"rendered":"<p>Consid\u00e9r\u00e9 comme &#8220;romantique postimpressionniste&#8221;, Sosth\u00e8ne Weis (1872-1941) est un des meilleurs peintres luxembourgeois. Influenc\u00e9 par les vues oniriques de William Turner et par Michel Engels, dont il a \u00e9t\u00e9 l&#8217;\u00e9l\u00e8ve, Sosth\u00e8ne Weis s&#8217;est plu a repr\u00e9senter des vues de la vieille ville de Luxembourg dans un souci d&#8217;exactitude architectural baign\u00e9e d&#8217;une douce po\u00e9sie.<br \/>\nLes teintes les plus utilis\u00e9es sont chaudes, notamment dans les ocres, teintes que nous retrouvons dans cette aquarelle repr\u00e9sentant la tr\u00e8s pittoresque rue du Rham \u00e0 Luxembourg, \u0153uvre datant de 1936.<\/p>\n","protected":false},"excerpt":{"rendered":"<p>Foulard en twill de soie de haute qualit\u00e9, roulott\u00e9 main et imprim\u00e9 recto verso, figurant une vue de la vieille ville de Luxembourg, aquarelle r\u00e9alis\u00e9e par le grand peintre Sosth\u00e8ne Weis.<\/p>\n<p>100% soie<\/p>\n<p>Dimensions: 90 x 90 cm.<\/p>\n","protected":false},"featured_media":15048,"template":"","meta":[],"product_brand":[],"product_cat":[365],"product_tag":[],"class_list":{"0":"post-15047","1":"product","2":"type-product","3":"status-publish","4":"has-post-thumbnail","6":"product_cat-mode","8":"first","9":"instock","10":"taxable","11":"shipping-taxable","12":"purchasable","13":"product-type-simple"},"yoast_head":"<!-- This site is optimized with the Yoast SEO plugin v27.3 - https:\/\/yoast.com\/product\/yoast-seo-wordpress\/ -->\n<title>Foulard &quot;Vue de Luxembourg&quot; par Sosth\u00e8ne Weis en soie - Museal Editions<\/title>\n<meta name=\"description\" content=\"Foulard en soie 100% illustrant une des vues de la vieille ville de Luxembourg, r\u00e9alis\u00e9e par Sosth\u00e8ne Weis, un des meilleurs peintres luxembourgeois.\" \/>\n<meta name=\"robots\" content=\"index, follow, max-snippet:-1, max-image-preview:large, max-video-preview:-1\" \/>\n<link rel=\"canonical\" href=\"https:\/\/museal.com\/fr\/produit\/foulard-vue-de-luxembourg-par-sosthene-weis-en-soie\/\" \/>\n<meta property=\"og:locale\" content=\"fr_FR\" \/>\n<meta property=\"og:type\" content=\"article\" \/>\n<meta property=\"og:title\" content=\"Foulard &quot;Vue de Luxembourg&quot; par Sosth\u00e8ne Weis en soie - Museal Editions\" \/>\n<meta property=\"og:description\" content=\"Foulard en soie 100% illustrant une des vues de la vieille ville de Luxembourg, r\u00e9alis\u00e9e par Sosth\u00e8ne Weis, un des meilleurs peintres luxembourgeois.\" \/>\n<meta property=\"og:url\" content=\"https:\/\/museal.com\/fr\/produit\/foulard-vue-de-luxembourg-par-sosthene-weis-en-soie\/\" \/>\n<meta property=\"og:site_name\" content=\"Museal Editions\" \/>\n<meta property=\"article:modified_time\" content=\"2026-04-02T08:57:12+00:00\" \/>\n<meta property=\"og:image\" content=\"https:\/\/museal.com\/wp-content\/uploads\/2025\/05\/weis-rue-du-Rham1936.jpg\" \/>\n\t<meta property=\"og:image:width\" content=\"1024\" \/>\n\t<meta property=\"og:image:height\" content=\"1024\" \/>\n\t<meta property=\"og:image:type\" content=\"image\/jpeg\" \/>\n<meta name=\"twitter:card\" content=\"summary_large_image\" \/>\n<script type=\"application\/ld+json\" class=\"yoast-schema-graph\">{\"@context\":\"https:\\\/\\\/schema.org\",\"@graph\":[{\"@type\":\"WebPage\",\"@id\":\"https:\\\/\\\/museal.com\\\/fr\\\/produit\\\/foulard-vue-de-luxembourg-par-sosthene-weis-en-soie\\\/\",\"url\":\"https:\\\/\\\/museal.com\\\/fr\\\/produit\\\/foulard-vue-de-luxembourg-par-sosthene-weis-en-soie\\\/\",\"name\":\"Foulard \\\"Vue de Luxembourg\\\" par Sosth\u00e8ne Weis en soie - Museal Editions\",\"isPartOf\":{\"@id\":\"https:\\\/\\\/museal.com\\\/fr\\\/#website\"},\"primaryImageOfPage\":{\"@id\":\"https:\\\/\\\/museal.com\\\/fr\\\/produit\\\/foulard-vue-de-luxembourg-par-sosthene-weis-en-soie\\\/#primaryimage\"},\"image\":{\"@id\":\"https:\\\/\\\/museal.com\\\/fr\\\/produit\\\/foulard-vue-de-luxembourg-par-sosthene-weis-en-soie\\\/#primaryimage\"},\"thumbnailUrl\":\"https:\\\/\\\/museal.com\\\/wp-content\\\/uploads\\\/2025\\\/05\\\/weis-rue-du-Rham1936.jpg\",\"datePublished\":\"2025-09-04T09:17:27+00:00\",\"dateModified\":\"2026-04-02T08:57:12+00:00\",\"description\":\"Foulard en soie 100% illustrant une des vues de la vieille ville de Luxembourg, r\u00e9alis\u00e9e par Sosth\u00e8ne Weis, un des meilleurs peintres luxembourgeois.\",\"breadcrumb\":{\"@id\":\"https:\\\/\\\/museal.com\\\/fr\\\/produit\\\/foulard-vue-de-luxembourg-par-sosthene-weis-en-soie\\\/#breadcrumb\"},\"inLanguage\":\"fr-FR\",\"potentialAction\":[{\"@type\":\"ReadAction\",\"target\":[\"https:\\\/\\\/museal.com\\\/fr\\\/produit\\\/foulard-vue-de-luxembourg-par-sosthene-weis-en-soie\\\/\"]}]},{\"@type\":\"ImageObject\",\"inLanguage\":\"fr-FR\",\"@id\":\"https:\\\/\\\/museal.com\\\/fr\\\/produit\\\/foulard-vue-de-luxembourg-par-sosthene-weis-en-soie\\\/#primaryimage\",\"url\":\"https:\\\/\\\/museal.com\\\/wp-content\\\/uploads\\\/2025\\\/05\\\/weis-rue-du-Rham1936.jpg\",\"contentUrl\":\"https:\\\/\\\/museal.com\\\/wp-content\\\/uploads\\\/2025\\\/05\\\/weis-rue-du-Rham1936.jpg\",\"width\":1024,\"height\":1024},{\"@type\":\"BreadcrumbList\",\"@id\":\"https:\\\/\\\/museal.com\\\/fr\\\/produit\\\/foulard-vue-de-luxembourg-par-sosthene-weis-en-soie\\\/#breadcrumb\",\"itemListElement\":[{\"@type\":\"ListItem\",\"position\":1,\"name\":\"Accueil\",\"item\":\"https:\\\/\\\/museal.com\\\/fr\\\/\"},{\"@type\":\"ListItem\",\"position\":2,\"name\":\"Boutique\",\"item\":\"https:\\\/\\\/museal.com\\\/fr\\\/boutique\\\/\"},{\"@type\":\"ListItem\",\"position\":3,\"name\":\"Foulard &#8220;Vue de Luxembourg&#8221; par Sosth\u00e8ne Weis en soie\"}]},{\"@type\":\"WebSite\",\"@id\":\"https:\\\/\\\/museal.com\\\/fr\\\/#website\",\"url\":\"https:\\\/\\\/museal.com\\\/fr\\\/\",\"name\":\"Museal Editions\",\"description\":\"Objets d&#039;art et de d\u00e9coration inspir\u00e9s du Patrimoine luxembourgeois\",\"publisher\":{\"@id\":\"https:\\\/\\\/museal.com\\\/fr\\\/#organization\"},\"potentialAction\":[{\"@type\":\"SearchAction\",\"target\":{\"@type\":\"EntryPoint\",\"urlTemplate\":\"https:\\\/\\\/museal.com\\\/fr\\\/?s={search_term_string}\"},\"query-input\":{\"@type\":\"PropertyValueSpecification\",\"valueRequired\":true,\"valueName\":\"search_term_string\"}}],\"inLanguage\":\"fr-FR\"},{\"@type\":\"Organization\",\"@id\":\"https:\\\/\\\/museal.com\\\/fr\\\/#organization\",\"name\":\"Museal Editions\",\"url\":\"https:\\\/\\\/museal.com\\\/fr\\\/\",\"logo\":{\"@type\":\"ImageObject\",\"inLanguage\":\"fr-FR\",\"@id\":\"https:\\\/\\\/museal.com\\\/fr\\\/#\\\/schema\\\/logo\\\/image\\\/\",\"url\":\"https:\\\/\\\/museal.com\\\/wp-content\\\/uploads\\\/2021\\\/05\\\/logo-e1621950424453.jpg\",\"contentUrl\":\"https:\\\/\\\/museal.com\\\/wp-content\\\/uploads\\\/2021\\\/05\\\/logo-e1621950424453.jpg\",\"width\":732,\"height\":574,\"caption\":\"Museal Editions\"},\"image\":{\"@id\":\"https:\\\/\\\/museal.com\\\/fr\\\/#\\\/schema\\\/logo\\\/image\\\/\"}}]}<\/script>\n<!-- \/ Yoast SEO plugin. -->","yoast_head_json":{"title":"Foulard \"Vue de Luxembourg\" par Sosth\u00e8ne Weis en soie - Museal Editions","description":"Foulard en soie 100% illustrant une des vues de la vieille ville de Luxembourg, r\u00e9alis\u00e9e par Sosth\u00e8ne Weis, un des meilleurs peintres luxembourgeois.","robots":{"index":"index","follow":"follow","max-snippet":"max-snippet:-1","max-image-preview":"max-image-preview:large","max-video-preview":"max-video-preview:-1"},"canonical":"https:\/\/museal.com\/fr\/produit\/foulard-vue-de-luxembourg-par-sosthene-weis-en-soie\/","og_locale":"fr_FR","og_type":"article","og_title":"Foulard \"Vue de Luxembourg\" par Sosth\u00e8ne Weis en soie - Museal Editions","og_description":"Foulard en soie 100% illustrant une des vues de la vieille ville de Luxembourg, r\u00e9alis\u00e9e par Sosth\u00e8ne Weis, un des meilleurs peintres luxembourgeois.","og_url":"https:\/\/museal.com\/fr\/produit\/foulard-vue-de-luxembourg-par-sosthene-weis-en-soie\/","og_site_name":"Museal Editions","article_modified_time":"2026-04-02T08:57:12+00:00","og_image":[{"width":1024,"height":1024,"url":"https:\/\/museal.com\/wp-content\/uploads\/2025\/05\/weis-rue-du-Rham1936.jpg","type":"image\/jpeg"}],"twitter_card":"summary_large_image","schema":{"@context":"https:\/\/schema.org","@graph":[{"@type":"WebPage","@id":"https:\/\/museal.com\/fr\/produit\/foulard-vue-de-luxembourg-par-sosthene-weis-en-soie\/","url":"https:\/\/museal.com\/fr\/produit\/foulard-vue-de-luxembourg-par-sosthene-weis-en-soie\/","name":"Foulard \"Vue de Luxembourg\" par Sosth\u00e8ne Weis en soie - Museal Editions","isPartOf":{"@id":"https:\/\/museal.com\/fr\/#website"},"primaryImageOfPage":{"@id":"https:\/\/museal.com\/fr\/produit\/foulard-vue-de-luxembourg-par-sosthene-weis-en-soie\/#primaryimage"},"image":{"@id":"https:\/\/museal.com\/fr\/produit\/foulard-vue-de-luxembourg-par-sosthene-weis-en-soie\/#primaryimage"},"thumbnailUrl":"https:\/\/museal.com\/wp-content\/uploads\/2025\/05\/weis-rue-du-Rham1936.jpg","datePublished":"2025-09-04T09:17:27+00:00","dateModified":"2026-04-02T08:57:12+00:00","description":"Foulard en soie 100% illustrant une des vues de la vieille ville de Luxembourg, r\u00e9alis\u00e9e par Sosth\u00e8ne Weis, un des meilleurs peintres luxembourgeois.","breadcrumb":{"@id":"https:\/\/museal.com\/fr\/produit\/foulard-vue-de-luxembourg-par-sosthene-weis-en-soie\/#breadcrumb"},"inLanguage":"fr-FR","potentialAction":[{"@type":"ReadAction","target":["https:\/\/museal.com\/fr\/produit\/foulard-vue-de-luxembourg-par-sosthene-weis-en-soie\/"]}]},{"@type":"ImageObject","inLanguage":"fr-FR","@id":"https:\/\/museal.com\/fr\/produit\/foulard-vue-de-luxembourg-par-sosthene-weis-en-soie\/#primaryimage","url":"https:\/\/museal.com\/wp-content\/uploads\/2025\/05\/weis-rue-du-Rham1936.jpg","contentUrl":"https:\/\/museal.com\/wp-content\/uploads\/2025\/05\/weis-rue-du-Rham1936.jpg","width":1024,"height":1024},{"@type":"BreadcrumbList","@id":"https:\/\/museal.com\/fr\/produit\/foulard-vue-de-luxembourg-par-sosthene-weis-en-soie\/#breadcrumb","itemListElement":[{"@type":"ListItem","position":1,"name":"Accueil","item":"https:\/\/museal.com\/fr\/"},{"@type":"ListItem","position":2,"name":"Boutique","item":"https:\/\/museal.com\/fr\/boutique\/"},{"@type":"ListItem","position":3,"name":"Foulard &#8220;Vue de Luxembourg&#8221; par Sosth\u00e8ne Weis en soie"}]},{"@type":"WebSite","@id":"https:\/\/museal.com\/fr\/#website","url":"https:\/\/museal.com\/fr\/","name":"Museal Editions","description":"Objets d&#039;art et de d\u00e9coration inspir\u00e9s du Patrimoine luxembourgeois","publisher":{"@id":"https:\/\/museal.com\/fr\/#organization"},"potentialAction":[{"@type":"SearchAction","target":{"@type":"EntryPoint","urlTemplate":"https:\/\/museal.com\/fr\/?s={search_term_string}"},"query-input":{"@type":"PropertyValueSpecification","valueRequired":true,"valueName":"search_term_string"}}],"inLanguage":"fr-FR"},{"@type":"Organization","@id":"https:\/\/museal.com\/fr\/#organization","name":"Museal Editions","url":"https:\/\/museal.com\/fr\/","logo":{"@type":"ImageObject","inLanguage":"fr-FR","@id":"https:\/\/museal.com\/fr\/#\/schema\/logo\/image\/","url":"https:\/\/museal.com\/wp-content\/uploads\/2021\/05\/logo-e1621950424453.jpg","contentUrl":"https:\/\/museal.com\/wp-content\/uploads\/2021\/05\/logo-e1621950424453.jpg","width":732,"height":574,"caption":"Museal Editions"},"image":{"@id":"https:\/\/museal.com\/fr\/#\/schema\/logo\/image\/"}}]}},"_links":{"self":[{"href":"https:\/\/museal.com\/fr\/wp-json\/wp\/v2\/product\/15047","targetHints":{"allow":["GET"]}}],"collection":[{"href":"https:\/\/museal.com\/fr\/wp-json\/wp\/v2\/product"}],"about":[{"href":"https:\/\/museal.com\/fr\/wp-json\/wp\/v2\/types\/product"}],"wp:featuredmedia":[{"embeddable":true,"href":"https:\/\/museal.com\/fr\/wp-json\/wp\/v2\/media\/15048"}],"wp:attachment":[{"href":"https:\/\/museal.com\/fr\/wp-json\/wp\/v2\/media?parent=15047"}],"wp:term":[{"taxonomy":"product_brand","embeddable":true,"href":"https:\/\/museal.com\/fr\/wp-json\/wp\/v2\/product_brand?post=15047"},{"taxonomy":"product_cat","embeddable":true,"href":"https:\/\/museal.com\/fr\/wp-json\/wp\/v2\/product_cat?post=15047"},{"taxonomy":"product_tag","embeddable":true,"href":"https:\/\/museal.com\/fr\/wp-json\/wp\/v2\/product_tag?post=15047"}],"curies":[{"name":"wp","href":"https:\/\/api.w.org\/{rel}","templated":true}]}}