{"id":15152,"date":"2025-12-17T11:25:46","date_gmt":"2025-12-17T10:25:46","guid":{"rendered":"https:\/\/museal.com\/?post_type=product&#038;p=15152"},"modified":"2026-01-27T15:22:33","modified_gmt":"2026-01-27T14:22:33","slug":"pendentif-renert","status":"publish","type":"product","link":"https:\/\/museal.com\/fr\/produit\/pendentif-renert\/","title":{"rendered":"Pendentif &#8220;Renert&#8221;"},"content":{"rendered":"<p>Le pendentif est une cr\u00e9ation symbolique, alliant patrimoine, histoire et \u00e9l\u00e9gance, id\u00e9ale pour les amateurs de culture et de design authentique. Il est en \u00e9tain plaqu\u00e9 argent, vendu avec sa cha\u00eene for\u00e7at en argent massif, dans un \u00e9crin bijoutier.<\/p>\n<p>Le roman &#8220;De Renert&#8221; est l\u2019\u0153uvre de Michel RODANGE (1827-1876), qui s\u2019inspire du \u201cReineke Fuchs\u201d de GOETHE. Aujourd\u2019hui une \u00e9pop\u00e9e nationale, sa fable est une description satirique des personnages politique de l\u2019\u00e9poque, \u00e0 travers 14 chants en langue luxembourgeoise.<br \/>\nL\u2019\u0153uvre sculpt\u00e9e originale, datant de 1932, est une cr\u00e9ation commune des sculpteurs DEMUTH et GROSBER, en hommage \u00e0 Michel RODANGE. L\u2019original en pierre du \u201cRenert\u201d est conserv\u00e9 au Mus\u00e9e d\u2019Histoire de la Ville de Luxembourg, il a \u00e9t\u00e9 surmoul\u00e9 en 1981 pour donner naissance \u00e0 l\u2019exemplaire tr\u00f4nant sur la place Guillaume.<\/p>\n","protected":false},"excerpt":{"rendered":"<p>Ce pendentif repr\u00e9sentant le l\u00e9gendaire &#8220;Renert&#8221; du Luxembourg est plaqu\u00e9 argent, et s\u00e9duit par son design \u00e9pur\u00e9 et symbolique. Inspir\u00e9 de l\u2019\u0153uvre de Michel Rodange et de sa repr\u00e9sentation sur la place Guillaume, il est id\u00e9al pour celles et ceux qui souhaitent porter un symbole culturel fort avec discr\u00e9tion et raffinement.<\/p>\n<p>Dimensions: hauteur 3 cm.; Vendu dans un \u00e9crin.<\/p>\n","protected":false},"featured_media":15153,"template":"","meta":[],"product_brand":[],"product_cat":[91,90],"product_tag":[],"class_list":{"0":"post-15152","1":"product","2":"type-product","3":"status-publish","4":"has-post-thumbnail","6":"product_cat-bijoux-pour-elle","7":"product_cat-bijoux-pour-lui","9":"first","10":"instock","11":"taxable","12":"shipping-taxable","13":"purchasable","14":"product-type-simple"},"yoast_head":"<!-- This site is optimized with the Yoast SEO plugin v27.3 - https:\/\/yoast.com\/product\/yoast-seo-wordpress\/ -->\n<title>Pendentif &quot;Renert&quot; - Museal Editions<\/title>\n<meta name=\"description\" content=\"Ce pendentif repr\u00e9sentant le l\u00e9gendaire Renert du Luxembourg est plaqu\u00e9 argent et s\u00e9duit par son design \u00e9pur\u00e9 et symbolique\" \/>\n<meta name=\"robots\" content=\"index, follow, max-snippet:-1, max-image-preview:large, max-video-preview:-1\" \/>\n<link rel=\"canonical\" href=\"https:\/\/museal.com\/fr\/produit\/pendentif-renert\/\" \/>\n<meta property=\"og:locale\" content=\"fr_FR\" \/>\n<meta property=\"og:type\" content=\"article\" \/>\n<meta property=\"og:title\" content=\"Pendentif &quot;Renert&quot; - Museal Editions\" \/>\n<meta property=\"og:description\" content=\"Ce pendentif repr\u00e9sentant le l\u00e9gendaire Renert du Luxembourg est plaqu\u00e9 argent et s\u00e9duit par son design \u00e9pur\u00e9 et symbolique\" \/>\n<meta property=\"og:url\" content=\"https:\/\/museal.com\/fr\/produit\/pendentif-renert\/\" \/>\n<meta property=\"og:site_name\" content=\"Museal Editions\" \/>\n<meta property=\"article:modified_time\" content=\"2026-01-27T14:22:33+00:00\" \/>\n<meta property=\"og:image\" content=\"https:\/\/museal.com\/wp-content\/uploads\/2025\/12\/pendentif-Renert.jpg\" \/>\n\t<meta property=\"og:image:width\" content=\"1500\" \/>\n\t<meta property=\"og:image:height\" content=\"2000\" \/>\n\t<meta property=\"og:image:type\" content=\"image\/jpeg\" \/>\n<meta name=\"twitter:card\" content=\"summary_large_image\" \/>\n<script type=\"application\/ld+json\" class=\"yoast-schema-graph\">{\"@context\":\"https:\\\/\\\/schema.org\",\"@graph\":[{\"@type\":\"WebPage\",\"@id\":\"https:\\\/\\\/museal.com\\\/fr\\\/produit\\\/pendentif-renert\\\/\",\"url\":\"https:\\\/\\\/museal.com\\\/fr\\\/produit\\\/pendentif-renert\\\/\",\"name\":\"Pendentif \\\"Renert\\\" - Museal Editions\",\"isPartOf\":{\"@id\":\"https:\\\/\\\/museal.com\\\/fr\\\/#website\"},\"primaryImageOfPage\":{\"@id\":\"https:\\\/\\\/museal.com\\\/fr\\\/produit\\\/pendentif-renert\\\/#primaryimage\"},\"image\":{\"@id\":\"https:\\\/\\\/museal.com\\\/fr\\\/produit\\\/pendentif-renert\\\/#primaryimage\"},\"thumbnailUrl\":\"https:\\\/\\\/museal.com\\\/wp-content\\\/uploads\\\/2025\\\/12\\\/pendentif-Renert.jpg\",\"datePublished\":\"2025-12-17T10:25:46+00:00\",\"dateModified\":\"2026-01-27T14:22:33+00:00\",\"description\":\"Ce pendentif repr\u00e9sentant le l\u00e9gendaire Renert du Luxembourg est plaqu\u00e9 argent et s\u00e9duit par son design \u00e9pur\u00e9 et symbolique\",\"breadcrumb\":{\"@id\":\"https:\\\/\\\/museal.com\\\/fr\\\/produit\\\/pendentif-renert\\\/#breadcrumb\"},\"inLanguage\":\"fr-FR\",\"potentialAction\":[{\"@type\":\"ReadAction\",\"target\":[\"https:\\\/\\\/museal.com\\\/fr\\\/produit\\\/pendentif-renert\\\/\"]}]},{\"@type\":\"ImageObject\",\"inLanguage\":\"fr-FR\",\"@id\":\"https:\\\/\\\/museal.com\\\/fr\\\/produit\\\/pendentif-renert\\\/#primaryimage\",\"url\":\"https:\\\/\\\/museal.com\\\/wp-content\\\/uploads\\\/2025\\\/12\\\/pendentif-Renert.jpg\",\"contentUrl\":\"https:\\\/\\\/museal.com\\\/wp-content\\\/uploads\\\/2025\\\/12\\\/pendentif-Renert.jpg\",\"width\":1500,\"height\":2000},{\"@type\":\"BreadcrumbList\",\"@id\":\"https:\\\/\\\/museal.com\\\/fr\\\/produit\\\/pendentif-renert\\\/#breadcrumb\",\"itemListElement\":[{\"@type\":\"ListItem\",\"position\":1,\"name\":\"Accueil\",\"item\":\"https:\\\/\\\/museal.com\\\/fr\\\/\"},{\"@type\":\"ListItem\",\"position\":2,\"name\":\"Boutique\",\"item\":\"https:\\\/\\\/museal.com\\\/fr\\\/boutique\\\/\"},{\"@type\":\"ListItem\",\"position\":3,\"name\":\"Pendentif &#8220;Renert&#8221;\"}]},{\"@type\":\"WebSite\",\"@id\":\"https:\\\/\\\/museal.com\\\/fr\\\/#website\",\"url\":\"https:\\\/\\\/museal.com\\\/fr\\\/\",\"name\":\"Museal Editions\",\"description\":\"Objets d&#039;art et de d\u00e9coration inspir\u00e9s du Patrimoine luxembourgeois\",\"publisher\":{\"@id\":\"https:\\\/\\\/museal.com\\\/fr\\\/#organization\"},\"potentialAction\":[{\"@type\":\"SearchAction\",\"target\":{\"@type\":\"EntryPoint\",\"urlTemplate\":\"https:\\\/\\\/museal.com\\\/fr\\\/?s={search_term_string}\"},\"query-input\":{\"@type\":\"PropertyValueSpecification\",\"valueRequired\":true,\"valueName\":\"search_term_string\"}}],\"inLanguage\":\"fr-FR\"},{\"@type\":\"Organization\",\"@id\":\"https:\\\/\\\/museal.com\\\/fr\\\/#organization\",\"name\":\"Museal Editions\",\"url\":\"https:\\\/\\\/museal.com\\\/fr\\\/\",\"logo\":{\"@type\":\"ImageObject\",\"inLanguage\":\"fr-FR\",\"@id\":\"https:\\\/\\\/museal.com\\\/fr\\\/#\\\/schema\\\/logo\\\/image\\\/\",\"url\":\"https:\\\/\\\/museal.com\\\/wp-content\\\/uploads\\\/2021\\\/05\\\/logo-e1621950424453.jpg\",\"contentUrl\":\"https:\\\/\\\/museal.com\\\/wp-content\\\/uploads\\\/2021\\\/05\\\/logo-e1621950424453.jpg\",\"width\":732,\"height\":574,\"caption\":\"Museal Editions\"},\"image\":{\"@id\":\"https:\\\/\\\/museal.com\\\/fr\\\/#\\\/schema\\\/logo\\\/image\\\/\"}}]}<\/script>\n<!-- \/ Yoast SEO plugin. -->","yoast_head_json":{"title":"Pendentif \"Renert\" - Museal Editions","description":"Ce pendentif repr\u00e9sentant le l\u00e9gendaire Renert du Luxembourg est plaqu\u00e9 argent et s\u00e9duit par son design \u00e9pur\u00e9 et symbolique","robots":{"index":"index","follow":"follow","max-snippet":"max-snippet:-1","max-image-preview":"max-image-preview:large","max-video-preview":"max-video-preview:-1"},"canonical":"https:\/\/museal.com\/fr\/produit\/pendentif-renert\/","og_locale":"fr_FR","og_type":"article","og_title":"Pendentif \"Renert\" - Museal Editions","og_description":"Ce pendentif repr\u00e9sentant le l\u00e9gendaire Renert du Luxembourg est plaqu\u00e9 argent et s\u00e9duit par son design \u00e9pur\u00e9 et symbolique","og_url":"https:\/\/museal.com\/fr\/produit\/pendentif-renert\/","og_site_name":"Museal Editions","article_modified_time":"2026-01-27T14:22:33+00:00","og_image":[{"width":1500,"height":2000,"url":"https:\/\/museal.com\/wp-content\/uploads\/2025\/12\/pendentif-Renert.jpg","type":"image\/jpeg"}],"twitter_card":"summary_large_image","schema":{"@context":"https:\/\/schema.org","@graph":[{"@type":"WebPage","@id":"https:\/\/museal.com\/fr\/produit\/pendentif-renert\/","url":"https:\/\/museal.com\/fr\/produit\/pendentif-renert\/","name":"Pendentif \"Renert\" - Museal Editions","isPartOf":{"@id":"https:\/\/museal.com\/fr\/#website"},"primaryImageOfPage":{"@id":"https:\/\/museal.com\/fr\/produit\/pendentif-renert\/#primaryimage"},"image":{"@id":"https:\/\/museal.com\/fr\/produit\/pendentif-renert\/#primaryimage"},"thumbnailUrl":"https:\/\/museal.com\/wp-content\/uploads\/2025\/12\/pendentif-Renert.jpg","datePublished":"2025-12-17T10:25:46+00:00","dateModified":"2026-01-27T14:22:33+00:00","description":"Ce pendentif repr\u00e9sentant le l\u00e9gendaire Renert du Luxembourg est plaqu\u00e9 argent et s\u00e9duit par son design \u00e9pur\u00e9 et symbolique","breadcrumb":{"@id":"https:\/\/museal.com\/fr\/produit\/pendentif-renert\/#breadcrumb"},"inLanguage":"fr-FR","potentialAction":[{"@type":"ReadAction","target":["https:\/\/museal.com\/fr\/produit\/pendentif-renert\/"]}]},{"@type":"ImageObject","inLanguage":"fr-FR","@id":"https:\/\/museal.com\/fr\/produit\/pendentif-renert\/#primaryimage","url":"https:\/\/museal.com\/wp-content\/uploads\/2025\/12\/pendentif-Renert.jpg","contentUrl":"https:\/\/museal.com\/wp-content\/uploads\/2025\/12\/pendentif-Renert.jpg","width":1500,"height":2000},{"@type":"BreadcrumbList","@id":"https:\/\/museal.com\/fr\/produit\/pendentif-renert\/#breadcrumb","itemListElement":[{"@type":"ListItem","position":1,"name":"Accueil","item":"https:\/\/museal.com\/fr\/"},{"@type":"ListItem","position":2,"name":"Boutique","item":"https:\/\/museal.com\/fr\/boutique\/"},{"@type":"ListItem","position":3,"name":"Pendentif &#8220;Renert&#8221;"}]},{"@type":"WebSite","@id":"https:\/\/museal.com\/fr\/#website","url":"https:\/\/museal.com\/fr\/","name":"Museal Editions","description":"Objets d&#039;art et de d\u00e9coration inspir\u00e9s du Patrimoine luxembourgeois","publisher":{"@id":"https:\/\/museal.com\/fr\/#organization"},"potentialAction":[{"@type":"SearchAction","target":{"@type":"EntryPoint","urlTemplate":"https:\/\/museal.com\/fr\/?s={search_term_string}"},"query-input":{"@type":"PropertyValueSpecification","valueRequired":true,"valueName":"search_term_string"}}],"inLanguage":"fr-FR"},{"@type":"Organization","@id":"https:\/\/museal.com\/fr\/#organization","name":"Museal Editions","url":"https:\/\/museal.com\/fr\/","logo":{"@type":"ImageObject","inLanguage":"fr-FR","@id":"https:\/\/museal.com\/fr\/#\/schema\/logo\/image\/","url":"https:\/\/museal.com\/wp-content\/uploads\/2021\/05\/logo-e1621950424453.jpg","contentUrl":"https:\/\/museal.com\/wp-content\/uploads\/2021\/05\/logo-e1621950424453.jpg","width":732,"height":574,"caption":"Museal Editions"},"image":{"@id":"https:\/\/museal.com\/fr\/#\/schema\/logo\/image\/"}}]}},"_links":{"self":[{"href":"https:\/\/museal.com\/fr\/wp-json\/wp\/v2\/product\/15152","targetHints":{"allow":["GET"]}}],"collection":[{"href":"https:\/\/museal.com\/fr\/wp-json\/wp\/v2\/product"}],"about":[{"href":"https:\/\/museal.com\/fr\/wp-json\/wp\/v2\/types\/product"}],"wp:featuredmedia":[{"embeddable":true,"href":"https:\/\/museal.com\/fr\/wp-json\/wp\/v2\/media\/15153"}],"wp:attachment":[{"href":"https:\/\/museal.com\/fr\/wp-json\/wp\/v2\/media?parent=15152"}],"wp:term":[{"taxonomy":"product_brand","embeddable":true,"href":"https:\/\/museal.com\/fr\/wp-json\/wp\/v2\/product_brand?post=15152"},{"taxonomy":"product_cat","embeddable":true,"href":"https:\/\/museal.com\/fr\/wp-json\/wp\/v2\/product_cat?post=15152"},{"taxonomy":"product_tag","embeddable":true,"href":"https:\/\/museal.com\/fr\/wp-json\/wp\/v2\/product_tag?post=15152"}],"curies":[{"name":"wp","href":"https:\/\/api.w.org\/{rel}","templated":true}]}}